{"id":5457,"date":"2026-04-21T09:12:02","date_gmt":"2026-04-21T09:12:02","guid":{"rendered":"https:\/\/dev.sbro.ro\/?product=borcan-cu-200-de-versete-biblice"},"modified":"2026-04-21T09:12:02","modified_gmt":"2026-04-21T09:12:02","slug":"borcan-cu-200-de-versete-biblice","status":"publish","type":"product","link":"https:\/\/dev.sbro.ro\/product\/borcan-cu-200-de-versete-biblice\/","title":{"rendered":"Borcan cu 200 de versete biblice"},"content":{"rendered":"<p>Aceste borc\u0103na\u0219e adun\u0103 \u00eempreun\u0103 c\u00e2teva dintre cele mai frumoase versete biblice care \u00ee\u021bi vor s\u0103tura sufletul. Nou\u0103, celor de la Editura Isaharus, ne place s\u0103-l numim: borc\u0103na\u0219 cu bombonele pentru suflet.<\/p>\n<\/p>\n<p>Diverse culori<\/p>\n","protected":false},"excerpt":{"rendered":"<p>Aceste borc\u0103na\u0219e adun\u0103 \u00eempreun\u0103 c\u00e2teva dintre cele mai frumoase versete biblice care \u00ee\u021bi vor s\u0103tura sufletul. Nou\u0103, celor de la Editura Isaharus, ne place s\u0103-l numim: borc\u0103na\u0219 cu bombonele pentru suflet. Diverse culori<\/p>\n","protected":false},"featured_media":0,"comment_status":"open","ping_status":"closed","template":"","meta":[],"product_brand":[],"product_cat":[46],"product_tag":[],"class_list":{"0":"post-5457","1":"product","2":"type-product","3":"status-publish","5":"product_cat-cadouri","7":"first","8":"instock","9":"shipping-taxable","10":"purchasable","11":"product-type-simple"},"_links":{"self":[{"href":"https:\/\/dev.sbro.ro\/wp-json\/wp\/v2\/product\/5457","targetHints":{"allow":["GET"]}}],"collection":[{"href":"https:\/\/dev.sbro.ro\/wp-json\/wp\/v2\/product"}],"about":[{"href":"https:\/\/dev.sbro.ro\/wp-json\/wp\/v2\/types\/product"}],"replies":[{"embeddable":true,"href":"https:\/\/dev.sbro.ro\/wp-json\/wp\/v2\/comments?post=5457"}],"wp:attachment":[{"href":"https:\/\/dev.sbro.ro\/wp-json\/wp\/v2\/media?parent=5457"}],"wp:term":[{"taxonomy":"product_brand","embeddable":true,"href":"https:\/\/dev.sbro.ro\/wp-json\/wp\/v2\/product_brand?post=5457"},{"taxonomy":"product_cat","embeddable":true,"href":"https:\/\/dev.sbro.ro\/wp-json\/wp\/v2\/product_cat?post=5457"},{"taxonomy":"product_tag","embeddable":true,"href":"https:\/\/dev.sbro.ro\/wp-json\/wp\/v2\/product_tag?post=5457"}],"curies":[{"name":"wp","href":"https:\/\/api.w.org\/{rel}","templated":true}]}}