{"id":5461,"date":"2026-04-21T09:12:03","date_gmt":"2026-04-21T09:12:03","guid":{"rendered":"https:\/\/dev.sbro.ro\/?product=vesti-bune-intr-o-lume-a-vestilor-rele"},"modified":"2026-04-21T09:12:03","modified_gmt":"2026-04-21T09:12:03","slug":"vesti-bune-intr-o-lume-a-vestilor-rele","status":"publish","type":"product","link":"https:\/\/dev.sbro.ro\/product\/vesti-bune-intr-o-lume-a-vestilor-rele\/","title":{"rendered":"Ve\u0219ti bune \u00eentr-o lume a ve\u0219tilor rele"},"content":{"rendered":"<p>O raz\u0103 de speran\u021b\u0103 \u0219i bucurie \u00eentr-o vreme de dezn\u0103dejde \u0219i \u00eentristare, un fascicul de lumin\u0103 cereasc\u0103 \u00eentr-o genera\u021bie umbrit\u0103 de \u00eentuneric spiritual<\/p>\n<p>Ve\u0219tile bune \u00eentr-o lume a ve\u0219tilor rele sunt ca o gur\u0103 de aer curat \u0219i proasp\u0103t \u00eentr-o atmosfer\u0103 nociv\u0103 \u0219i poluat\u0103.<\/p>\n<p>Cartea se dore\u0219te un instrument evanghelistic ce poate fi inm\u00e2nat cu dragoste, ca un cadou, sufletului care inc\u0103 n-a p\u0103\u0219it prin poc\u0103in\u021b\u0103 fa\u021b\u0103 de Dumnezeu \u0219i prin credin\u021ba \u00een Domnul Isus Hristos \u00een \u00cemp\u0103r\u0103\u021bia  lui Dumnezeu.<\/p>\n<p>\u00cen acela\u0219i timp, mesajul c\u0103r\u021bii este \u00eendreptat \u0219i spre credinciosul care a avut parte c\u00e2ndva de Evanghelie, dar c\u0103ruia diavolul i-a furat bucuria m\u00e2ntuirii prin avalan\u0219a ve\u0219tilor rele de care acesta s-a l\u0103sat cople\u0219it. El va fi \u00eencurajat s\u0103 \u021bina Evanghelia m\u00e2ntuitoare p\u00e2n\u0103 la sf\u00e2r\u0219itul alerg\u0103rii sale p\u0103m\u00e2nte\u0219ti \u0219i s\u0103-\u0219i \u00eent\u0103reasc\u0103 chemarea \u0219i alergarea pe care le-a primit din partea Domnului.<\/p>\n","protected":false},"excerpt":{"rendered":"<p>O raz\u0103 de speran\u021b\u0103 \u0219i bucurie \u00eentr-o vreme de dezn\u0103dejde \u0219i \u00eentristare, un fascicul de lumin\u0103 cereasc\u0103 \u00eentr-o genera\u021bie umbrit\u0103 de \u00eentuneric spiritual Ve\u0219tile bune \u00eentr-o lume a ve\u0219tilor rele sunt ca o gur\u0103 de aer curat \u0219i proasp\u0103t \u00eentr-o atmosfer\u0103 nociv\u0103 \u0219i poluat\u0103. Cartea se dore\u0219te un instrument evanghelistic ce poate fi inm\u00e2nat cu [&hellip;]<\/p>\n","protected":false},"featured_media":10851,"comment_status":"open","ping_status":"closed","template":"","meta":[],"product_brand":[],"product_cat":[10,18],"product_tag":[],"class_list":{"0":"post-5461","1":"product","2":"type-product","3":"status-publish","4":"has-post-thumbnail","6":"product_cat-editura-metanoia","7":"product_cat-viata-crestina","9":"first","10":"instock","11":"shipping-taxable","12":"purchasable","13":"product-type-simple"},"_links":{"self":[{"href":"https:\/\/dev.sbro.ro\/wp-json\/wp\/v2\/product\/5461","targetHints":{"allow":["GET"]}}],"collection":[{"href":"https:\/\/dev.sbro.ro\/wp-json\/wp\/v2\/product"}],"about":[{"href":"https:\/\/dev.sbro.ro\/wp-json\/wp\/v2\/types\/product"}],"replies":[{"embeddable":true,"href":"https:\/\/dev.sbro.ro\/wp-json\/wp\/v2\/comments?post=5461"}],"wp:featuredmedia":[{"embeddable":true,"href":"https:\/\/dev.sbro.ro\/wp-json\/wp\/v2\/media\/10851"}],"wp:attachment":[{"href":"https:\/\/dev.sbro.ro\/wp-json\/wp\/v2\/media?parent=5461"}],"wp:term":[{"taxonomy":"product_brand","embeddable":true,"href":"https:\/\/dev.sbro.ro\/wp-json\/wp\/v2\/product_brand?post=5461"},{"taxonomy":"product_cat","embeddable":true,"href":"https:\/\/dev.sbro.ro\/wp-json\/wp\/v2\/product_cat?post=5461"},{"taxonomy":"product_tag","embeddable":true,"href":"https:\/\/dev.sbro.ro\/wp-json\/wp\/v2\/product_tag?post=5461"}],"curies":[{"name":"wp","href":"https:\/\/api.w.org\/{rel}","templated":true}]}}