{"id":5473,"date":"2026-04-21T09:12:04","date_gmt":"2026-04-21T09:12:04","guid":{"rendered":"https:\/\/dev.sbro.ro\/?product=biblia-speranta-in-suferinta-albastru"},"modified":"2026-04-21T09:12:04","modified_gmt":"2026-04-21T09:12:04","slug":"biblia-speranta-in-suferinta-albastru","status":"publish","type":"product","link":"https:\/\/dev.sbro.ro\/?product=biblia-speranta-in-suferinta-albastru","title":{"rendered":"Biblia \u201eSperan\u021b\u0103 \u00een suferin\u021b\u0103\u201d &#8211; albastru"},"content":{"rendered":"<p>Biblia traducerea Dumitru Cornilescu. Textul Noului Testament este preluat din Edi\u021bia Dumitru Cornilescu Revizuit\u0103 (EDCR).<\/p>\n<p>Biblia \u201eSperan\u021b\u0103 \u00een suferin\u021b\u0103\u201d con\u021bine o multitudine de materiale auxiliare:<\/p>\n<ul>\n<li>prezentarea fiec\u0103rei c\u0103r\u021bi a Bibliei<\/li>\n<li>portrete ale unor personaje biblice<\/li>\n<li>devo\u021bional<\/li>\n<li>un cuv\u00e2nt din partea lui Joni<\/li>\n<li>repere biblice<\/li>\n<li>teme suplimentare la final<\/li>\n<\/ul>\n<p>Biblia are pagini color.<\/p>\n<p>Cuvintele Domnului Isus sunt scrise cu ro\u0219u.<\/p>\n<p>Traducerea, redactarea \u0219i tehnoredactarea au fost realizate, \u00een colaborare, de Societatea Biblic\u0103 Interconfesional\u0103 din Rom\u00e2nia \u0219i Asocia\u021bia Biblic\u0103 Rom\u00e2n\u0103 \u201eCasa Bibliei\u201d.<\/p>\n","protected":false},"excerpt":{"rendered":"<p>Biblia traducerea Dumitru Cornilescu. Textul Noului Testament este preluat din Edi\u021bia Dumitru Cornilescu Revizuit\u0103 (EDCR). Biblia \u201eSperan\u021b\u0103 \u00een suferin\u021b\u0103\u201d con\u021bine o multitudine de materiale auxiliare: prezentarea fiec\u0103rei c\u0103r\u021bi a Bibliei portrete ale unor personaje biblice devo\u021bional un cuv\u00e2nt din partea lui Joni repere biblice teme suplimentare la final Biblia are pagini color. Cuvintele Domnului Isus [&hellip;]<\/p>\n","protected":false},"featured_media":10861,"comment_status":"open","ping_status":"closed","template":"","meta":[],"product_brand":[],"product_cat":[85],"product_tag":[],"class_list":{"0":"post-5473","1":"product","2":"type-product","3":"status-publish","4":"has-post-thumbnail","6":"product_cat-biblia-de-studiu","8":"first","9":"instock","10":"shipping-taxable","11":"purchasable","12":"product-type-simple"},"_links":{"self":[{"href":"https:\/\/dev.sbro.ro\/index.php?rest_route=\/wp\/v2\/product\/5473","targetHints":{"allow":["GET"]}}],"collection":[{"href":"https:\/\/dev.sbro.ro\/index.php?rest_route=\/wp\/v2\/product"}],"about":[{"href":"https:\/\/dev.sbro.ro\/index.php?rest_route=\/wp\/v2\/types\/product"}],"replies":[{"embeddable":true,"href":"https:\/\/dev.sbro.ro\/index.php?rest_route=%2Fwp%2Fv2%2Fcomments&post=5473"}],"wp:featuredmedia":[{"embeddable":true,"href":"https:\/\/dev.sbro.ro\/index.php?rest_route=\/wp\/v2\/media\/10861"}],"wp:attachment":[{"href":"https:\/\/dev.sbro.ro\/index.php?rest_route=%2Fwp%2Fv2%2Fmedia&parent=5473"}],"wp:term":[{"taxonomy":"product_brand","embeddable":true,"href":"https:\/\/dev.sbro.ro\/index.php?rest_route=%2Fwp%2Fv2%2Fproduct_brand&post=5473"},{"taxonomy":"product_cat","embeddable":true,"href":"https:\/\/dev.sbro.ro\/index.php?rest_route=%2Fwp%2Fv2%2Fproduct_cat&post=5473"},{"taxonomy":"product_tag","embeddable":true,"href":"https:\/\/dev.sbro.ro\/index.php?rest_route=%2Fwp%2Fv2%2Fproduct_tag&post=5473"}],"curies":[{"name":"wp","href":"https:\/\/api.w.org\/{rel}","templated":true}]}}