{"id":5476,"date":"2026-04-21T09:12:05","date_gmt":"2026-04-21T09:12:05","guid":{"rendered":"https:\/\/dev.sbro.ro\/?product=castiga-lupta-cu-ingrijorarea"},"modified":"2026-04-21T09:12:05","modified_gmt":"2026-04-21T09:12:05","slug":"castiga-lupta-cu-ingrijorarea","status":"publish","type":"product","link":"https:\/\/dev.sbro.ro\/product\/castiga-lupta-cu-ingrijorarea\/","title":{"rendered":"C\u00e2\u0219tig\u0103 lupta cu \u00eengrijorarea"},"content":{"rendered":"<p>Ce anume \u00ee\u021bi fur\u0103 somnul toat\u0103 noaptea?<\/p>\n<p>\u00cengrijorarea s-a impregnat at\u00e2t de mult \u00een societatea noastr\u0103 \u0219i \u00een rutina noastr\u0103 zilnic\u0103, \u00eenc\u00e2t pare adesea inevitabil\u0103. Mul\u021bi dintre noi au ajuns s\u0103 o considere nu doar ca pe o emo\u021bie ocazional\u0103, trec\u0103toare, ci ca pe o parte integrant\u0103 a vie\u021bii. Dar iat\u0103 care este adev\u0103rul uimitor: \u00eengrijorarea este o alegere.<br \/>\nCheia c\u00e2\u0219tig\u0103rii r\u0103zboiului cu \u00eengrijorarea st\u0103 \u00een cunoa\u0219terea faptului c\u0103 nu po\u021bi face asta de unul singur. Doar prin harul lui Dumnezeu \u0219i dragostea lui Isus po\u021bi r\u0103m\u00e2ne ferm pe pozi\u021bie, po\u021bi s\u0103 cucere\u0219ti \u0219i s\u0103 c\u00e2\u0219tigi aceast\u0103 lupt\u0103.<br \/>\nDumnezeu este mai mare dec\u00e2t frica \u0219i toate rudele ei \u2013 depresia, anxietatea, panica \u0219i \u00eengrijorarea. \u0218i dac\u0103 Dumnezeu este mai mare, atunci \u0219i tu po\u021bi fi eliberat din robia \u00eengrijor\u0103rii care \u00ee\u021bi fur\u0103 somnul \u0219i pacea.<\/p>\n","protected":false},"excerpt":{"rendered":"<p>Ce anume \u00ee\u021bi fur\u0103 somnul toat\u0103 noaptea? \u00cengrijorarea s-a impregnat at\u00e2t de mult \u00een societatea noastr\u0103 \u0219i \u00een rutina noastr\u0103 zilnic\u0103, \u00eenc\u00e2t pare adesea inevitabil\u0103. Mul\u021bi dintre noi au ajuns s\u0103 o considere nu doar ca pe o emo\u021bie ocazional\u0103, trec\u0103toare, ci ca pe o parte integrant\u0103 a vie\u021bii. Dar iat\u0103 care este adev\u0103rul uimitor: [&hellip;]<\/p>\n","protected":false},"featured_media":10864,"comment_status":"open","ping_status":"closed","template":"","meta":[],"product_brand":[],"product_cat":[18],"product_tag":[],"class_list":{"0":"post-5476","1":"product","2":"type-product","3":"status-publish","4":"has-post-thumbnail","6":"product_cat-viata-crestina","8":"first","9":"instock","10":"shipping-taxable","11":"purchasable","12":"product-type-simple"},"_links":{"self":[{"href":"https:\/\/dev.sbro.ro\/wp-json\/wp\/v2\/product\/5476","targetHints":{"allow":["GET"]}}],"collection":[{"href":"https:\/\/dev.sbro.ro\/wp-json\/wp\/v2\/product"}],"about":[{"href":"https:\/\/dev.sbro.ro\/wp-json\/wp\/v2\/types\/product"}],"replies":[{"embeddable":true,"href":"https:\/\/dev.sbro.ro\/wp-json\/wp\/v2\/comments?post=5476"}],"wp:featuredmedia":[{"embeddable":true,"href":"https:\/\/dev.sbro.ro\/wp-json\/wp\/v2\/media\/10864"}],"wp:attachment":[{"href":"https:\/\/dev.sbro.ro\/wp-json\/wp\/v2\/media?parent=5476"}],"wp:term":[{"taxonomy":"product_brand","embeddable":true,"href":"https:\/\/dev.sbro.ro\/wp-json\/wp\/v2\/product_brand?post=5476"},{"taxonomy":"product_cat","embeddable":true,"href":"https:\/\/dev.sbro.ro\/wp-json\/wp\/v2\/product_cat?post=5476"},{"taxonomy":"product_tag","embeddable":true,"href":"https:\/\/dev.sbro.ro\/wp-json\/wp\/v2\/product_tag?post=5476"}],"curies":[{"name":"wp","href":"https:\/\/api.w.org\/{rel}","templated":true}]}}