{"id":5485,"date":"2026-04-21T09:12:06","date_gmt":"2026-04-21T09:12:06","guid":{"rendered":"https:\/\/dev.sbro.ro\/?product=ascensiunea-un-devotional-pe-un-an-pentru-adolescenti-si-tineri"},"modified":"2026-04-21T09:12:06","modified_gmt":"2026-04-21T09:12:06","slug":"ascensiunea-un-devotional-pe-un-an-pentru-adolescenti-si-tineri","status":"publish","type":"product","link":"https:\/\/dev.sbro.ro\/?product=ascensiunea-un-devotional-pe-un-an-pentru-adolescenti-si-tineri","title":{"rendered":"Ascensiunea. Un devo\u021bional pe un an pentru adolescen\u021bi \u0219i tineri"},"content":{"rendered":"<p>\u00cen cartea de fa\u021b\u0103 vei g\u0103si subiecte diferite \u2013 crea\u021bie \u0219i apologetic\u0103, biografii, lec\u021bii practice pentru tr\u0103irea cre\u0219tin\u0103 zilnic\u0103 \u0219i studii despre personaje \u0219i \u00eenv\u0103\u021b\u0103turi biblice. Unele dintre subiecte vor fi lecturi u\u0219oare, altele \u00ee\u021bi vor pune pu\u021bin mintea la lucru. Unele vor fi \u00eencurajatoare, \u00een timp ce altele vor da na\u0219tere unui sentiment de vinov\u0103\u021bie. \u0218i de\u0219i nu vor fi relevante toate textele pentru to\u021bi cititorii, fiecare a fost scris av\u00e2nd \u00een vedere progresul t\u0103u spiritual.<\/p>\n<\/p>\n<p>\nChiar dac\u0103 aceast\u0103 carte a fost g\u00e2ndit\u0103 pentru a fi citit\u0103 zilnic, ea nu \u00eenlocuie\u0219te Biblia! Citirea Cuv\u00e2ntului lui Dumnezeu \u0219i rug\u0103ciunea sunt esen\u021biale pentru un cre\u0219tin \u0219i nu ar trebui s\u0103 fie neglijate. Aceste devo\u021bionale sunt numai suplimente care te pot ajuta \u00een via\u021ba ta de cre\u0219tin. Dac\u0103 trebuie s\u0103 alegi \u00eentre citirea Bibliei \u0219i citirea acestei c\u0103r\u021bi, alege Biblia, de fiecare dat\u0103.<br \/>\nDac\u0103 nu e\u0219ti cre\u0219tin \u2013 dac\u0103 nu L-ai acceptat p\u00e2n\u0103 acum pe Cristos ca M\u00e2ntuitor personal \u2013 \u00ee\u021bi recomand din toat\u0103 inima s\u0103 \u00cel cuno\u0219ti. El nu este numai un M\u00e2ntuitor extraordinar, El este \u0219i cel mai bun prieten pe care \u00cel poate avea vreodat\u0103 un t\u00e2n\u0103r (\u0219i nu numai). El \u00ee\u021bi va schimba via\u021ba, va da sens \u0219i scop vie\u021bii tale \u0219i vei avea o cas\u0103 \u00een cer pentru totdeauna.<br \/>\nRug\u0103ciunea mea \u0219i n\u0103dejdea mea pentru tine este ca, \u00een timp ce cite\u0219ti aceast\u0103 carte, s\u0103 faci \u0219i tu asemenea apostolului Pavel \u2013 s\u0103 ui\u021bi ce este \u00een urm\u0103 \u0219i s\u0103 cau\u021bi cu orice pre\u021b s\u0103 mergi \u00eenainte, \u201ealerg\u00e2nd mai departe spre \u021bint\u0103 pentru premiul chem\u0103rii \u00eenalte a lui Dumnezeu \u00een Cristos Isus\u201c (Filipeni 3:13, 14, ESV).<br \/>\nCristos \u2013 \u0219i numai El \u2013 merit\u0103 toat\u0103 lauda!<\/p>\n<p>Pentru El \u0219i pentru gloria Lui,<br \/>\nRuth Chesney\n <\/p>\n<p>\nCartea aceasta ofer\u0103 resurse spirituale simple, inspirate din Scriptur\u0103, pentru fiecare zi a anului. Fiecare pagin\u0103 poate fi citit\u0103 \u00een c\u00e2teva minute. Adolescen\u021bii se confrunt\u0103 cu probleme specifice v\u00e2rstei lor \u0219i materialul de fa\u021b\u0103, ales cu mare grij\u0103, le va fi de folos \u00een c\u0103l\u0103toria lor spiritual\u0103. Cu to\u021bii avem nevoie de o diet\u0103 variat\u0103, care s\u0103 ne ajute s\u0103 ne dezvolt\u0103m \u0219i s\u0103 cre\u0219tem, iar ideile zilnice din devo\u021bional acoper\u0103 o mul\u021bime de teme \u0219i subiecte. Aceast\u0103 carte interesant\u0103 va st\u00e2rni dorin\u021ba de a medita cu mai mare aten\u021bie \u0219i concentrare asupra Cuv\u00e2ntului lui Dumnezeu \u0219i de a merge pe urmele pa\u0219ilor C\u0103pitanului.<\/p>\n<p>Craig &amp; Hannah Munro<\/p>\n","protected":false},"excerpt":{"rendered":"<p>\u00cen cartea de fa\u021b\u0103 vei g\u0103si subiecte diferite \u2013 crea\u021bie \u0219i apologetic\u0103, biografii, lec\u021bii practice pentru tr\u0103irea cre\u0219tin\u0103 zilnic\u0103 \u0219i studii despre personaje \u0219i \u00eenv\u0103\u021b\u0103turi biblice. Unele dintre subiecte vor fi lecturi u\u0219oare, altele \u00ee\u021bi vor pune pu\u021bin mintea la lucru. Unele vor fi \u00eencurajatoare, \u00een timp ce altele vor da na\u0219tere unui sentiment de [&hellip;]<\/p>\n","protected":false},"featured_media":10873,"comment_status":"open","ping_status":"closed","template":"","meta":[],"product_brand":[],"product_cat":[78,92],"product_tag":[],"class_list":{"0":"post-5485","1":"product","2":"type-product","3":"status-publish","4":"has-post-thumbnail","6":"product_cat-adolescenti","7":"product_cat-devotionale-si-meditatii-zilnice","9":"first","10":"instock","11":"shipping-taxable","12":"purchasable","13":"product-type-simple"},"_links":{"self":[{"href":"https:\/\/dev.sbro.ro\/index.php?rest_route=\/wp\/v2\/product\/5485","targetHints":{"allow":["GET"]}}],"collection":[{"href":"https:\/\/dev.sbro.ro\/index.php?rest_route=\/wp\/v2\/product"}],"about":[{"href":"https:\/\/dev.sbro.ro\/index.php?rest_route=\/wp\/v2\/types\/product"}],"replies":[{"embeddable":true,"href":"https:\/\/dev.sbro.ro\/index.php?rest_route=%2Fwp%2Fv2%2Fcomments&post=5485"}],"wp:featuredmedia":[{"embeddable":true,"href":"https:\/\/dev.sbro.ro\/index.php?rest_route=\/wp\/v2\/media\/10873"}],"wp:attachment":[{"href":"https:\/\/dev.sbro.ro\/index.php?rest_route=%2Fwp%2Fv2%2Fmedia&parent=5485"}],"wp:term":[{"taxonomy":"product_brand","embeddable":true,"href":"https:\/\/dev.sbro.ro\/index.php?rest_route=%2Fwp%2Fv2%2Fproduct_brand&post=5485"},{"taxonomy":"product_cat","embeddable":true,"href":"https:\/\/dev.sbro.ro\/index.php?rest_route=%2Fwp%2Fv2%2Fproduct_cat&post=5485"},{"taxonomy":"product_tag","embeddable":true,"href":"https:\/\/dev.sbro.ro\/index.php?rest_route=%2Fwp%2Fv2%2Fproduct_tag&post=5485"}],"curies":[{"name":"wp","href":"https:\/\/api.w.org\/{rel}","templated":true}]}}