{"id":5507,"date":"2026-04-21T09:12:09","date_gmt":"2026-04-21T09:12:09","guid":{"rendered":"https:\/\/dev.sbro.ro\/?product=ucenicia-lui-enoh-roden"},"modified":"2026-04-21T09:12:09","modified_gmt":"2026-04-21T09:12:09","slug":"ucenicia-lui-enoh-roden","status":"publish","type":"product","link":"https:\/\/dev.sbro.ro\/product\/ucenicia-lui-enoh-roden\/","title":{"rendered":"Ucenicia lui Enoh Roden"},"content":{"rendered":"<p>Aceast\u0103 carte ofer\u0103 o serie de lec\u0163ii importante pentru via\u0163\u0103! Prin multe \u015fi grele \u00eencerc\u0103ri, Enoh \u00eenva\u0163\u0103 o sumedenie de lucruri despre munca s\u00e2rguincioas\u0103 \u015fi onest\u0103, despre sacrificiu \u015fi despre importan\u0163a faptului de a se \u00eencrede \u00een Dumnezeu. Dac\u0103 ar fi spus de la \u00eenceput: \u201eFac totul cu ajutorul lui Dumnezeu\u201d el nu \u015fi-ar fi privit slujba ca pe ceva greu de f\u0103cut, pentru c\u0103 \u00een aceast\u0103 lume g\u00e2ndul cel mai m\u0103re\u0163, \u00eencurajator \u015fi \u00een\u0103l\u0163\u0103tor este s\u0103 po\u0163i afirma c\u0103 e\u015fti conlucr\u0103tor cu Dumnezeu. F\u0103r\u0103 nicio \u00eendoial\u0103, dup\u0103 ce ai citit aceast\u0103 carte, vei fi o persoan\u0103 mai bun\u0103 dec\u00e2t erai \u00eenainte.<\/p>\n","protected":false},"excerpt":{"rendered":"<p>Aceast\u0103 carte ofer\u0103 o serie de lec\u0163ii importante pentru via\u0163\u0103! Prin multe \u015fi grele \u00eencerc\u0103ri, Enoh \u00eenva\u0163\u0103 o sumedenie de lucruri despre munca s\u00e2rguincioas\u0103 \u015fi onest\u0103, despre sacrificiu \u015fi despre importan\u0163a faptului de a se \u00eencrede \u00een Dumnezeu. Dac\u0103 ar fi spus de la \u00eenceput: \u201eFac totul cu ajutorul lui Dumnezeu\u201d el nu \u015fi-ar fi [&hellip;]<\/p>\n","protected":false},"featured_media":10894,"comment_status":"open","ping_status":"closed","template":"","meta":[],"product_brand":[],"product_cat":[20],"product_tag":[],"class_list":{"0":"post-5507","1":"product","2":"type-product","3":"status-publish","4":"has-post-thumbnail","6":"product_cat-biografii-eseuri-marturii","8":"first","9":"instock","10":"shipping-taxable","11":"purchasable","12":"product-type-simple"},"_links":{"self":[{"href":"https:\/\/dev.sbro.ro\/wp-json\/wp\/v2\/product\/5507","targetHints":{"allow":["GET"]}}],"collection":[{"href":"https:\/\/dev.sbro.ro\/wp-json\/wp\/v2\/product"}],"about":[{"href":"https:\/\/dev.sbro.ro\/wp-json\/wp\/v2\/types\/product"}],"replies":[{"embeddable":true,"href":"https:\/\/dev.sbro.ro\/wp-json\/wp\/v2\/comments?post=5507"}],"wp:featuredmedia":[{"embeddable":true,"href":"https:\/\/dev.sbro.ro\/wp-json\/wp\/v2\/media\/10894"}],"wp:attachment":[{"href":"https:\/\/dev.sbro.ro\/wp-json\/wp\/v2\/media?parent=5507"}],"wp:term":[{"taxonomy":"product_brand","embeddable":true,"href":"https:\/\/dev.sbro.ro\/wp-json\/wp\/v2\/product_brand?post=5507"},{"taxonomy":"product_cat","embeddable":true,"href":"https:\/\/dev.sbro.ro\/wp-json\/wp\/v2\/product_cat?post=5507"},{"taxonomy":"product_tag","embeddable":true,"href":"https:\/\/dev.sbro.ro\/wp-json\/wp\/v2\/product_tag?post=5507"}],"curies":[{"name":"wp","href":"https:\/\/api.w.org\/{rel}","templated":true}]}}