{"id":5531,"date":"2026-04-21T09:12:11","date_gmt":"2026-04-21T09:12:11","guid":{"rendered":"https:\/\/dev.sbro.ro\/?product=tipare-de-presiune"},"modified":"2026-04-21T09:12:11","modified_gmt":"2026-04-21T09:12:11","slug":"tipare-de-presiune","status":"publish","type":"product","link":"https:\/\/dev.sbro.ro\/product\/tipare-de-presiune\/","title":{"rendered":"Tipare de presiune"},"content":{"rendered":"<p><strong>Filozofia de consiliere:<\/strong><\/p>\n<p>Isus S-a concentrat asupra inimii omului, pentru a rezolva problemele de care sufereau oamenii. Eliberarea poate veni doar atunci c\u00e2nd \u00een inim\u0103 are loc o schimbare.<\/p>\n<p>Isus S-a concentrat asupra nevoilor spirituale \u0219i emo\u021bionale ale oamenilor, pentrua-i ajuta s\u0103-\u0219i rezolve celelalte probleme (Luca 4:18). Problemele spirituale se pot rezolva ajut\u00e2nd o persoan\u0103 s\u0103 recunoasc\u0103 \u0219i s\u0103 se poc\u0103iasc\u0103 de un anumit p\u0103cat cu care se confrunt\u0103. Problemele emo\u021bionale se pot rezolva conduc\u00e2ndu-i pe oameni \u00een rug\u0103ciune, pentru ca inima lor s\u0103 se elibereze de durere \u0219i s\u0103 experimenteze pacea. \u00cen calitate de consilieri, ne supunem c\u0103l\u0103uzirii Duhului Sf\u00e2nt \u00een lucrarea cu orice persoan\u0103 care are nevoie de rezolvare a problemelor. Duhul Sf\u00e2nt trebuie s\u0103 conduc\u0103, s\u0103 conving\u0103 \u0219i s\u0103dea putere fiec\u0103rei persoane \u00een cadrul acestui proces.<\/p>\n<p>\u00cen rezolvarea oric\u0103rei probleme aplic\u0103m principiile biblice. Nu judec\u0103m pe nimeni pentru deciziile din trecut, ci \u00eencerc\u0103m s\u0103 conducem pe orice om c\u0103tre libertate. Eliberarea de problemele spirituale \u0219i emo\u021bionale \u0219i rezolvarea problemelor \u00eei vor ajuta s\u0103 experimenteze intimitatea cu Dumnezeu \u0219i cu so\u021bul\/so\u021bia.<\/p>\n<p><strong>Cuprinsul manualului<\/strong><br \/>\n\u00cen capitolele 1-5, sunt identificate \u0219apte tipare de presiune \u0219i pa\u0219i pentru rezolvarea lor.<br \/>\nCapitolele 6-7 se focalizeaz\u0103 asupra abuzului spiritual \u0219i sexual, care afecteaz\u0103 o persoan\u0103.<br \/>\nPrin rug\u0103ciune, sunt prezenta\u021bi pa\u0219ii necesarei rezolv\u0103rii fiec\u0103reia dintre aceste probleme emo\u021bionale la nivelul inimii, acolo unde se afl\u0103 durerea.<br \/>\nUltimele trei capitole, cele de concluzie, se focalizeaz\u0103 asupra felului \u00een care durerea din copil\u0103rie afecteaz\u0103 modul \u00een care reac\u021bion\u0103m \u00een c\u0103snicie, identific\u00e2nd problema emo\u021bional\u0103 fundamental\u0103 \u0219i ajut\u00e2nd la dezvoltarea intimit\u0103\u021bii emo\u021bionale. Obiectivul acestei serii este rezolvarea problemelor spirituale \u0219i emo\u021bionale personale, f\u0103c\u00e2nd ca individul s\u0103 poat\u0103 r\u0103spunde din punct de vedere emo\u021bional, \u00een mod corect, \u00een rela\u021bia de c\u0103snicie sau alte rela\u021bii, eliberat de durere.<\/p>\n<p><strong>Formatul studiului<\/strong><br \/>\nFiecare capitol \u00eencepe cu o m\u0103rturie scris\u0103. Urmeaz\u0103 o defini\u021bie a problemei durerii emo\u021bionale respective, a cauzelor ei \u0219i a durerii emo\u021bionale produse. Avem la dispozi\u021bie o schi\u021b\u0103 pentru a putea urm\u0103ri prezentarea \u0219i a lua noti\u021be adi\u021bionale. Vi se va pune la dispozi\u021bie o fi\u0219\u0103, pe care pute\u021bi identifica dac\u0103 a\u021bi fost r\u0103nit \u0219i pentru a identifica persoana care v-a cauzat respectiva durere. Fiecare capitol se \u00eencheie cu \u00eentreb\u0103ri de discu\u021bie, individuale sau \u00een familie, precum \u0219i cu \u00eentreb\u0103ri de discu\u021bie \u00een grup, dac\u0103 seria este prezentat\u0103 \u00een cadrul unui grup de studiu biblic sau al altui tip de grup.<\/p><\/p>\n","protected":false},"excerpt":{"rendered":"<p>Filozofia de consiliere: Isus S-a concentrat asupra inimii omului, pentru a rezolva problemele de care sufereau oamenii. Eliberarea poate veni doar atunci c\u00e2nd \u00een inim\u0103 are loc o schimbare. Isus S-a concentrat asupra nevoilor spirituale \u0219i emo\u021bionale ale oamenilor, pentrua-i ajuta s\u0103-\u0219i rezolve celelalte probleme (Luca 4:18). Problemele spirituale se pot rezolva ajut\u00e2nd o persoan\u0103 [&hellip;]<\/p>\n","protected":false},"featured_media":10918,"comment_status":"open","ping_status":"closed","template":"","meta":[],"product_brand":[],"product_cat":[41],"product_tag":[],"class_list":{"0":"post-5531","1":"product","2":"type-product","3":"status-publish","4":"has-post-thumbnail","6":"product_cat-consiliere","8":"first","9":"instock","10":"shipping-taxable","11":"purchasable","12":"product-type-simple"},"_links":{"self":[{"href":"https:\/\/dev.sbro.ro\/wp-json\/wp\/v2\/product\/5531","targetHints":{"allow":["GET"]}}],"collection":[{"href":"https:\/\/dev.sbro.ro\/wp-json\/wp\/v2\/product"}],"about":[{"href":"https:\/\/dev.sbro.ro\/wp-json\/wp\/v2\/types\/product"}],"replies":[{"embeddable":true,"href":"https:\/\/dev.sbro.ro\/wp-json\/wp\/v2\/comments?post=5531"}],"wp:featuredmedia":[{"embeddable":true,"href":"https:\/\/dev.sbro.ro\/wp-json\/wp\/v2\/media\/10918"}],"wp:attachment":[{"href":"https:\/\/dev.sbro.ro\/wp-json\/wp\/v2\/media?parent=5531"}],"wp:term":[{"taxonomy":"product_brand","embeddable":true,"href":"https:\/\/dev.sbro.ro\/wp-json\/wp\/v2\/product_brand?post=5531"},{"taxonomy":"product_cat","embeddable":true,"href":"https:\/\/dev.sbro.ro\/wp-json\/wp\/v2\/product_cat?post=5531"},{"taxonomy":"product_tag","embeddable":true,"href":"https:\/\/dev.sbro.ro\/wp-json\/wp\/v2\/product_tag?post=5531"}],"curies":[{"name":"wp","href":"https:\/\/api.w.org\/{rel}","templated":true}]}}