{"id":5533,"date":"2026-04-21T09:12:12","date_gmt":"2026-04-21T09:12:12","guid":{"rendered":"https:\/\/dev.sbro.ro\/?product=biblia-de-studiu-cu-comentarii-si-note-de-john-macarthur"},"modified":"2026-04-21T09:12:12","modified_gmt":"2026-04-21T09:12:12","slug":"biblia-de-studiu-cu-comentarii-si-note-de-john-macarthur","status":"publish","type":"product","link":"https:\/\/dev.sbro.ro\/?product=biblia-de-studiu-cu-comentarii-si-note-de-john-macarthur","title":{"rendered":"BIBLIA DE STUDIU cu comentarii \u0219i note de John MacArthur"},"content":{"rendered":"<p>Biblia de Studiu se \u00eenscrie in categoria \u201eBibliilor moderne\u201d<\/p>\n<p>Din punct de vedere al textului biblic Bibliile de Studiu nu se deosebesc cu nimic de Bibliile obi\u0219nuite. Ceea ce o deosebe\u0219te pe o Biblie de studiu de o Biblie obi\u0219nuit\u0103 sunt informa\u021biile \u0219i elementele de studiu suplimentare care sunt ad\u0103ugate pe l\u00e2ng\u0103 textul biblic.<\/p>\n<p>La \u00eenceputul fiec\u0103rei c\u0103r\u021bi biblice din Biblia de Studiu \u021bi se ofer\u0103 un material introductiv \u0219i informa\u021bii cheie:<\/p>\n<ul>\n<li>Despre titlu<\/li>\n<li>Despre autor \u0219i data scrierii c\u0103r\u021bii<\/li>\n<li>Despre contextul \u0219i cadrul scrierii c\u0103r\u021bii biblice<\/li>\n<li>Despre temele istorice \u0219i teologice importante<\/li>\n<li>Despre dificult\u0103\u021bile de interpretare ale respectivei c\u0103r\u021bi<\/li>\n<li>Schi\u021ba c\u0103r\u021bii<\/li>\n<\/ul>\n<p> Comentariile \u0219i notele lui John MacArthur \u00ee\u021bi ofer\u0103:<\/p>\n<ul>\n<li>comentarii pe fiecare verset al c\u0103r\u021bilor biblice<\/li>\n<li>referiri la alte pasaje biblice,<\/li>\n<li>interpretarea textului \u00een contextul general al Bibliei<\/li>\n<li>explicarea unor doctrine cheie, profilul unor culturi diferite \u0219i personaje cheie din istoria biblic\u0103<\/li>\n<li>h\u0103r\u021bi, diagrame, tabele, rezumate<\/li>\n<li>\u00eentreb\u0103ri \u0219i r\u0103spunsuri la cele mai diverse subiecte teologice<\/li>\n<li>sugestii pentru \u00eenchinare \u0219i rug\u0103ciune<\/li>\n<\/ul>\n<p>Biblia de Studiu te duce dincolo de simpla lecturare a textului biblic.<\/p>\n<ul>\n<li>Experien\u021ba ta cu Dumnezeu va fi mult mai profund\u0103.<\/li>\n<li>Vei \u00eenv\u0103\u021ba de unul singur cum s\u0103 \u00een\u021belegi Biblie \u00een mod corect<\/li>\n<li>Vei fi ferit de interpret\u0103rile gre\u0219ite \u0219i fanteziste<\/li>\n<\/ul>\n<p>Este o Biblie de mari dimensiuni 164 x 240mm, cu 2192 de pagini<\/p>\n<p><strong>Comentariile<\/strong><\/p>\n<ul>\n<li>Ale marelui predicator \u0219i autor de c\u0103r\u021bi cre\u0219tine Jon Macarthur.<\/li>\n<li>Un autor bine acreditat \u00een lumea teologic\u0103 mondial\u0103.<\/li>\n<li>Comentariile lui sunt extrem de detaliate \u021bin\u00e2ndu-se cont de locul restr\u00e2ns alocat acestor comentarii.<\/li>\n<\/ul>\n<p><strong>Aspectul grafic<\/strong><\/p>\n<ul>\n<li>Textul biblic pe 2 coloane. Textul biblic este mai mare dec\u00e2t textul comentariilor pentru a pute fi bine deosebit de acesta. S-a p\u0103strat referin\u021bele din Cornilescu la baza fiec\u0103rui verset (poz\u0103)<\/li>\n<li>Textul comentariilor pe 3 coloane. Este un text condensat \u0219i mai mic<\/li>\n<li>H\u0103r\u021bile, tabelele, schi\u021bele cronologice pot lua spa\u021biul a doua coloane sau chiar \u00eentreaga pagin\u0103 (pune poze)<\/li>\n<\/ul>\n<p><strong>Pentru cine este ideal\u0103 o Biblie de Studiu?<\/strong><\/p>\n<ul>\n<li>Pentru liderii bisericilor, pentru diaconi, prezbiteri \u0219i al\u021bi slujitori<\/li>\n<li>Pentru credincio\u0219ii care vor s\u0103 studieze mai profund biblia, f\u0103r\u0103 \u00eens\u0103 s\u0103 trebuiasc\u0103 s\u0103 stea cu Biblia \u00eentr-o man\u0103 \u0219i cu tot felul comentarii \u00een cealalt\u0103 m\u00e2n\u0103.<\/li>\n<li>pentru urma\u0219ii Domnului Isus din vremurile noastre moderne c\u00e2nd lumea are acces extrem de u\u0219or la informa\u021bie. Predicile trebuie s\u0103 fie bine informate, atent interpretate cu statistici care s\u0103 conving\u0103 \u0219i s\u0103 determine la ac\u021biune. Cu c\u00e2t mai mult vei studia Biblia, cu at\u00e2t mai mult vei vedea c\u00e2t de m\u0103rea\u021b\u0103 \u0219i profund\u0103 este ea.<\/li>\n<li>pentru cei interesa\u021bi s\u0103 citeasc\u0103 Biblia \u00een mod aprofundat ca apoi s\u0103 poat\u0103 aplica eficient Cuv\u00e2ntul Domnului la via\u021ba lor.<\/li>\n<\/ul>\n","protected":false},"excerpt":{"rendered":"<p>Biblia de Studiu se \u00eenscrie in categoria \u201eBibliilor moderne\u201d Din punct de vedere al textului biblic Bibliile de Studiu nu se deosebesc cu nimic de Bibliile obi\u0219nuite. Ceea ce o deosebe\u0219te pe o Biblie de studiu de o Biblie obi\u0219nuit\u0103 sunt informa\u021biile \u0219i elementele de studiu suplimentare care sunt ad\u0103ugate pe l\u00e2ng\u0103 textul biblic. La [&hellip;]<\/p>\n","protected":false},"featured_media":10920,"comment_status":"open","ping_status":"closed","template":"","meta":[],"product_brand":[],"product_cat":[85],"product_tag":[],"class_list":{"0":"post-5533","1":"product","2":"type-product","3":"status-publish","4":"has-post-thumbnail","6":"product_cat-biblia-de-studiu","8":"first","9":"instock","10":"shipping-taxable","11":"purchasable","12":"product-type-simple"},"_links":{"self":[{"href":"https:\/\/dev.sbro.ro\/index.php?rest_route=\/wp\/v2\/product\/5533","targetHints":{"allow":["GET"]}}],"collection":[{"href":"https:\/\/dev.sbro.ro\/index.php?rest_route=\/wp\/v2\/product"}],"about":[{"href":"https:\/\/dev.sbro.ro\/index.php?rest_route=\/wp\/v2\/types\/product"}],"replies":[{"embeddable":true,"href":"https:\/\/dev.sbro.ro\/index.php?rest_route=%2Fwp%2Fv2%2Fcomments&post=5533"}],"wp:featuredmedia":[{"embeddable":true,"href":"https:\/\/dev.sbro.ro\/index.php?rest_route=\/wp\/v2\/media\/10920"}],"wp:attachment":[{"href":"https:\/\/dev.sbro.ro\/index.php?rest_route=%2Fwp%2Fv2%2Fmedia&parent=5533"}],"wp:term":[{"taxonomy":"product_brand","embeddable":true,"href":"https:\/\/dev.sbro.ro\/index.php?rest_route=%2Fwp%2Fv2%2Fproduct_brand&post=5533"},{"taxonomy":"product_cat","embeddable":true,"href":"https:\/\/dev.sbro.ro\/index.php?rest_route=%2Fwp%2Fv2%2Fproduct_cat&post=5533"},{"taxonomy":"product_tag","embeddable":true,"href":"https:\/\/dev.sbro.ro\/index.php?rest_route=%2Fwp%2Fv2%2Fproduct_tag&post=5533"}],"curies":[{"name":"wp","href":"https:\/\/api.w.org\/{rel}","templated":true}]}}