{"id":5535,"date":"2026-04-21T09:12:13","date_gmt":"2026-04-21T09:12:13","guid":{"rendered":"https:\/\/dev.sbro.ro\/?product=prorocia-autentica"},"modified":"2026-04-21T09:12:13","modified_gmt":"2026-04-21T09:12:13","slug":"prorocia-autentica","status":"publish","type":"product","link":"https:\/\/dev.sbro.ro\/product\/prorocia-autentica\/","title":{"rendered":"Prorocia autentic\u0103"},"content":{"rendered":"<p><strong>Analizarea prorociilor \u00een lumina Scripturii<\/strong><br \/>\n\u00cen bisericile contemporane exist\u0103 dou\u0103 extreme cu privire la prorocii: una respinge prorocia cu totul, iar alta o accept\u0103 f\u0103r\u0103 rezerve, f\u0103r\u0103 a o supune unei analize atente. Aceast\u0103 carte trateaz\u0103 diferen\u021bele dintre prorociile din Vechiul \u0219i din Noul Testament \u0219i stabile\u0219te 9 principii de baz\u0103 pentru analizarea prin prisma Sfintei Scripturi a prorociilor din contextul actual al secolului XXI.<\/p>\n<p>\nCUPRINS:<br \/>\n1. Principiile prorociei noutestamentare<br \/>\n2. Nou\u0103 teste scripturale<br \/>\n3. Cum se aplic\u0103 testele<\/p>\n","protected":false},"excerpt":{"rendered":"<p>Analizarea prorociilor \u00een lumina Scripturii \u00cen bisericile contemporane exist\u0103 dou\u0103 extreme cu privire la prorocii: una respinge prorocia cu totul, iar alta o accept\u0103 f\u0103r\u0103 rezerve, f\u0103r\u0103 a o supune unei analize atente. Aceast\u0103 carte trateaz\u0103 diferen\u021bele dintre prorociile din Vechiul \u0219i din Noul Testament \u0219i stabile\u0219te 9 principii de baz\u0103 pentru analizarea prin prisma [&hellip;]<\/p>\n","protected":false},"featured_media":10922,"comment_status":"open","ping_status":"closed","template":"","meta":[],"product_brand":[],"product_cat":[37,18],"product_tag":[],"class_list":{"0":"post-5535","1":"product","2":"type-product","3":"status-publish","4":"has-post-thumbnail","6":"product_cat-teologia-practica","7":"product_cat-viata-crestina","9":"first","10":"instock","11":"shipping-taxable","12":"purchasable","13":"product-type-simple"},"_links":{"self":[{"href":"https:\/\/dev.sbro.ro\/wp-json\/wp\/v2\/product\/5535","targetHints":{"allow":["GET"]}}],"collection":[{"href":"https:\/\/dev.sbro.ro\/wp-json\/wp\/v2\/product"}],"about":[{"href":"https:\/\/dev.sbro.ro\/wp-json\/wp\/v2\/types\/product"}],"replies":[{"embeddable":true,"href":"https:\/\/dev.sbro.ro\/wp-json\/wp\/v2\/comments?post=5535"}],"wp:featuredmedia":[{"embeddable":true,"href":"https:\/\/dev.sbro.ro\/wp-json\/wp\/v2\/media\/10922"}],"wp:attachment":[{"href":"https:\/\/dev.sbro.ro\/wp-json\/wp\/v2\/media?parent=5535"}],"wp:term":[{"taxonomy":"product_brand","embeddable":true,"href":"https:\/\/dev.sbro.ro\/wp-json\/wp\/v2\/product_brand?post=5535"},{"taxonomy":"product_cat","embeddable":true,"href":"https:\/\/dev.sbro.ro\/wp-json\/wp\/v2\/product_cat?post=5535"},{"taxonomy":"product_tag","embeddable":true,"href":"https:\/\/dev.sbro.ro\/wp-json\/wp\/v2\/product_tag?post=5535"}],"curies":[{"name":"wp","href":"https:\/\/api.w.org\/{rel}","templated":true}]}}