{"id":5537,"date":"2026-04-21T09:12:13","date_gmt":"2026-04-21T09:12:13","guid":{"rendered":"https:\/\/dev.sbro.ro\/?product=anatomia-unei-biserici-revitalizate"},"modified":"2026-04-21T09:12:13","modified_gmt":"2026-04-21T09:12:13","slug":"anatomia-unei-biserici-revitalizate","status":"publish","type":"product","link":"https:\/\/dev.sbro.ro\/product\/anatomia-unei-biserici-revitalizate\/","title":{"rendered":"Anatomia unei biserici revitalizate"},"content":{"rendered":"<p>Exist\u0103 speran\u021b\u0103 \u0219i pentru bisericile intrate \u00een spirala declinului.<\/p>\n<p>Folosindu-se de cercet\u0103rile f\u0103cute \u00eenainte \u0219i dup\u0103 publicarea c\u0103r\u021bii precedente (<em>Autopsia unei biserici decedate<\/em>), Thom Rainer sintetizeaz\u0103 \u0219apte constat\u0103ri cu privire la bisericile care s-au \u00eentors din drumul spre moarte.<\/p>\n<p>\u00cen pofida predic\u021biilor multora, aceste biserici au ren\u0103scut, au avut parte de revitalizare, chiar dac\u0103 erau \u00een criz\u0103. Alegerea este, \u00een fond, foarte simpl\u0103. Dar foarte costisitoare. Schimb\u0103-te sau mori! Acestea sunt alternativele. Las\u0103 lectura acestei c\u0103r\u021bi s\u0103 te \u00eendrume spre \u00een\u021belegerea factorilor anatomici care au schimbat cursul ce p\u0103rea ireversibil. C\u0103ci \u0219tim c\u0103 ceea ce este imposibil pentru om, este posibil pentru Dumnezeu.<\/p>\n<p>\u201eCe ne-a oferit <em>Anatomia unei biserici revitalizate<\/em>? Diagnoze dureros de lucide, \u00eentreb\u0103ri inconfortabil de directe, sugestii surprinz\u0103tor de specifice, solu\u021bii curajoase \u0219i radicale precum \u0219i ni\u0219te confirm\u0103ri binevenite ale unor practici pe care noi le dezvoltaser\u0103m intuitiv.\u201d Lucian Ciupe<\/p>\n","protected":false},"excerpt":{"rendered":"<p>Exist\u0103 speran\u021b\u0103 \u0219i pentru bisericile intrate \u00een spirala declinului. Folosindu-se de cercet\u0103rile f\u0103cute \u00eenainte \u0219i dup\u0103 publicarea c\u0103r\u021bii precedente (Autopsia unei biserici decedate), Thom Rainer sintetizeaz\u0103 \u0219apte constat\u0103ri cu privire la bisericile care s-au \u00eentors din drumul spre moarte. \u00cen pofida predic\u021biilor multora, aceste biserici au ren\u0103scut, au avut parte de revitalizare, chiar dac\u0103 erau [&hellip;]<\/p>\n","protected":false},"featured_media":10924,"comment_status":"open","ping_status":"closed","template":"","meta":[],"product_brand":[],"product_cat":[18],"product_tag":[],"class_list":{"0":"post-5537","1":"product","2":"type-product","3":"status-publish","4":"has-post-thumbnail","6":"product_cat-viata-crestina","8":"first","9":"instock","10":"shipping-taxable","11":"purchasable","12":"product-type-simple"},"_links":{"self":[{"href":"https:\/\/dev.sbro.ro\/wp-json\/wp\/v2\/product\/5537","targetHints":{"allow":["GET"]}}],"collection":[{"href":"https:\/\/dev.sbro.ro\/wp-json\/wp\/v2\/product"}],"about":[{"href":"https:\/\/dev.sbro.ro\/wp-json\/wp\/v2\/types\/product"}],"replies":[{"embeddable":true,"href":"https:\/\/dev.sbro.ro\/wp-json\/wp\/v2\/comments?post=5537"}],"wp:featuredmedia":[{"embeddable":true,"href":"https:\/\/dev.sbro.ro\/wp-json\/wp\/v2\/media\/10924"}],"wp:attachment":[{"href":"https:\/\/dev.sbro.ro\/wp-json\/wp\/v2\/media?parent=5537"}],"wp:term":[{"taxonomy":"product_brand","embeddable":true,"href":"https:\/\/dev.sbro.ro\/wp-json\/wp\/v2\/product_brand?post=5537"},{"taxonomy":"product_cat","embeddable":true,"href":"https:\/\/dev.sbro.ro\/wp-json\/wp\/v2\/product_cat?post=5537"},{"taxonomy":"product_tag","embeddable":true,"href":"https:\/\/dev.sbro.ro\/wp-json\/wp\/v2\/product_tag?post=5537"}],"curies":[{"name":"wp","href":"https:\/\/api.w.org\/{rel}","templated":true}]}}