{"id":5553,"date":"2026-04-21T09:12:14","date_gmt":"2026-04-21T09:12:14","guid":{"rendered":"https:\/\/dev.sbro.ro\/?product=biblie-medie-056-zti-roz-floral"},"modified":"2026-04-21T09:12:14","modified_gmt":"2026-04-21T09:12:14","slug":"biblie-medie-056-zti-roz-floral","status":"publish","type":"product","link":"https:\/\/dev.sbro.ro\/?product=biblie-medie-056-zti-roz-floral","title":{"rendered":"Biblie medie 056 ZTI roz floral"},"content":{"rendered":"<p>Edi\u0163ia standard revizuit\u0103 reprezint\u0103 o nou\u0103 culegere a textului cu \u00eendrept\u0103ri ortografice, ortoepice,<br \/>\ngramaticale \u015fi de punctua\u0163ie.<br \/>\nCoper\u0163i din piele ecologic\u0103, CU fermoar, culori alb, roz, ro\u0219u, turcoaz \u0219i maro foarte atr\u0103g\u0103toare<br \/>\nCarte foarte bine lucrat\u0103 cu index \u015fi margini aurite, cuvintele Mantuitorului in rosu.<br \/>\nFoi sub\u0163iri scrise lizibil pe dou\u0103 coloane.<\/p>\n","protected":false},"excerpt":{"rendered":"<p>Edi\u0163ia standard revizuit\u0103 reprezint\u0103 o nou\u0103 culegere a textului cu \u00eendrept\u0103ri ortografice, ortoepice, gramaticale \u015fi de punctua\u0163ie. Coper\u0163i din piele ecologic\u0103, CU fermoar, culori alb, roz, ro\u0219u, turcoaz \u0219i maro foarte atr\u0103g\u0103toare Carte foarte bine lucrat\u0103 cu index \u015fi margini aurite, cuvintele Mantuitorului in rosu. Foi sub\u0163iri scrise lizibil pe dou\u0103 coloane.<\/p>\n","protected":false},"featured_media":10940,"comment_status":"open","ping_status":"closed","template":"","meta":[],"product_brand":[],"product_cat":[7,27],"product_tag":[],"class_list":{"0":"post-5553","1":"product","2":"type-product","3":"status-publish","4":"has-post-thumbnail","6":"product_cat-biblie-mijlocie","7":"product_cat-editie-de-lux","9":"first","10":"instock","11":"shipping-taxable","12":"purchasable","13":"product-type-simple"},"_links":{"self":[{"href":"https:\/\/dev.sbro.ro\/index.php?rest_route=\/wp\/v2\/product\/5553","targetHints":{"allow":["GET"]}}],"collection":[{"href":"https:\/\/dev.sbro.ro\/index.php?rest_route=\/wp\/v2\/product"}],"about":[{"href":"https:\/\/dev.sbro.ro\/index.php?rest_route=\/wp\/v2\/types\/product"}],"replies":[{"embeddable":true,"href":"https:\/\/dev.sbro.ro\/index.php?rest_route=%2Fwp%2Fv2%2Fcomments&post=5553"}],"wp:featuredmedia":[{"embeddable":true,"href":"https:\/\/dev.sbro.ro\/index.php?rest_route=\/wp\/v2\/media\/10940"}],"wp:attachment":[{"href":"https:\/\/dev.sbro.ro\/index.php?rest_route=%2Fwp%2Fv2%2Fmedia&parent=5553"}],"wp:term":[{"taxonomy":"product_brand","embeddable":true,"href":"https:\/\/dev.sbro.ro\/index.php?rest_route=%2Fwp%2Fv2%2Fproduct_brand&post=5553"},{"taxonomy":"product_cat","embeddable":true,"href":"https:\/\/dev.sbro.ro\/index.php?rest_route=%2Fwp%2Fv2%2Fproduct_cat&post=5553"},{"taxonomy":"product_tag","embeddable":true,"href":"https:\/\/dev.sbro.ro\/index.php?rest_route=%2Fwp%2Fv2%2Fproduct_tag&post=5553"}],"curies":[{"name":"wp","href":"https:\/\/api.w.org\/{rel}","templated":true}]}}