{"id":5558,"date":"2026-04-21T09:12:14","date_gmt":"2026-04-21T09:12:14","guid":{"rendered":"https:\/\/dev.sbro.ro\/?product=auditarea-personala-in-consilierea-crestina-multidisciplinara"},"modified":"2026-04-21T09:12:14","modified_gmt":"2026-04-21T09:12:14","slug":"auditarea-personala-in-consilierea-crestina-multidisciplinara","status":"publish","type":"product","link":"https:\/\/dev.sbro.ro\/product\/auditarea-personala-in-consilierea-crestina-multidisciplinara\/","title":{"rendered":"Auditarea personal\u0103 \u00een consilierea cre\u0219tin\u0103 multidisciplinar\u0103"},"content":{"rendered":"<p>\u201eCartea <em>Auditarea personal\u0103 \u00een consilierea cre\u0219tin\u0103 multidisciplinar\u0103<\/em> este un model psihoterapeutic \u015fi medical cre\u015ftin ce propune o abordare bio-psiho-socio-spiritual\u0103 cre\u015ftin\u0103 pentru tratarea corect\u0103 a bolilor omului, creat de Dumnezeu ca o fiin\u0163\u0103 complex\u0103. O recomand pastorilor, consilierilor cre\u015ftini, studen\u0163ilor la psihologie, celor din domeniul \u015ftiin\u0163elor sociale \/ asisten\u0163\u0103 social\u0103, pedagogie, dar \u015fi cre\u015ftinilor practican\u0163i care doresc s\u00e2 se \u00een\u0163eleag\u0103 \u00een primul r\u00e2nd pe ei \u00een\u015fi\u015fi, ca s\u0103 poat\u0103 mai apoi s\u0103-i ajute pe semenii lor.&#8221;  &#8212; Remus Runcan, Conf. univ. dr. abil., Facultatea de \u015etiin\u0163e ale Educa\u0163iei, Psihologie \u015fi Asisten\u0163\u0103 Social\u0103 &#8211; Universitatea \u201eAurel Vlaicu&#8221; Arad<\/p>\n<p>\n\u201ePrintr-o abordare riguroas\u0103, provocatoare, practic\u0103 \u015fi \u00een aceea\u015fi m\u0103sura cald\u0103, \u00eenc\u0103 o dat\u0103, dr. Vlad Schlezak prin cartea <em>Auditarea personal\u0103 \u00een consilierea cre\u015ftin\u0103 multidisiplinar\u0103<\/em> \u00ee\u015fi continu\u0103 proiectul s\u0103u important de a relocaliza consilierea<br \/>\ncre\u015ftin\u0103 multidisciplinar\u0103 \u00een cadrul mai larg al disciplinei consilierii cre\u015ftine oferind nu doar un tratat de consilierea cre\u015ftin\u0103, ci \u0219i o surs\u0103 de autoritate \u00een domeniul consilierii, pentru a ajuta cre\u015ftinii, p\u0103storii, asisten\u0163ii laici, profesioni\u015ftii din domeniul s\u0103n\u0103t\u0103\u0163ii mintale, indiferent de profesia sau identitatea religioas\u0103.&#8221; &#8212; Pastor Daniel Martin, PhD Theology (doctor \u00een teologie), Londra<\/p>\n<p>\u201eA\u015f vrea ca mul\u0163i oameni s\u0103 reu\u015feasc\u0103 s\u0103 citeasc\u0103 aceast\u0103 carte, s\u0103 doreasc\u0103 s\u0103 fie solu\u0163ia pentru genera\u0163ia \u00een care noi tr\u0103im \u015fi \u00eempreun\u0103 cu to\u0163i colegii din toate breslele s\u0103 punem inima, mintea \u015fi um\u0103rul la vindecarea acestei societ\u0103\u0163i bolnave \u00een care tr\u0103im. &#8221; &#8212; Claudiu L\u00e2p\u00e2dat, Pastor, evanghelist<\/p>\n","protected":false},"excerpt":{"rendered":"<p>\u201eCartea Auditarea personal\u0103 \u00een consilierea cre\u0219tin\u0103 multidisciplinar\u0103 este un model psihoterapeutic \u015fi medical cre\u015ftin ce propune o abordare bio-psiho-socio-spiritual\u0103 cre\u015ftin\u0103 pentru tratarea corect\u0103 a bolilor omului, creat de Dumnezeu ca o fiin\u0163\u0103 complex\u0103. O recomand pastorilor, consilierilor cre\u015ftini, studen\u0163ilor la psihologie, celor din domeniul \u015ftiin\u0163elor sociale \/ asisten\u0163\u0103 social\u0103, pedagogie, dar \u015fi cre\u015ftinilor practican\u0163i care [&hellip;]<\/p>\n","protected":false},"featured_media":10945,"comment_status":"open","ping_status":"closed","template":"","meta":[],"product_brand":[],"product_cat":[41],"product_tag":[],"class_list":{"0":"post-5558","1":"product","2":"type-product","3":"status-publish","4":"has-post-thumbnail","6":"product_cat-consiliere","8":"first","9":"instock","10":"shipping-taxable","11":"purchasable","12":"product-type-simple"},"_links":{"self":[{"href":"https:\/\/dev.sbro.ro\/wp-json\/wp\/v2\/product\/5558","targetHints":{"allow":["GET"]}}],"collection":[{"href":"https:\/\/dev.sbro.ro\/wp-json\/wp\/v2\/product"}],"about":[{"href":"https:\/\/dev.sbro.ro\/wp-json\/wp\/v2\/types\/product"}],"replies":[{"embeddable":true,"href":"https:\/\/dev.sbro.ro\/wp-json\/wp\/v2\/comments?post=5558"}],"wp:featuredmedia":[{"embeddable":true,"href":"https:\/\/dev.sbro.ro\/wp-json\/wp\/v2\/media\/10945"}],"wp:attachment":[{"href":"https:\/\/dev.sbro.ro\/wp-json\/wp\/v2\/media?parent=5558"}],"wp:term":[{"taxonomy":"product_brand","embeddable":true,"href":"https:\/\/dev.sbro.ro\/wp-json\/wp\/v2\/product_brand?post=5558"},{"taxonomy":"product_cat","embeddable":true,"href":"https:\/\/dev.sbro.ro\/wp-json\/wp\/v2\/product_cat?post=5558"},{"taxonomy":"product_tag","embeddable":true,"href":"https:\/\/dev.sbro.ro\/wp-json\/wp\/v2\/product_tag?post=5558"}],"curies":[{"name":"wp","href":"https:\/\/api.w.org\/{rel}","templated":true}]}}