{"id":5572,"date":"2026-04-21T09:12:17","date_gmt":"2026-04-21T09:12:17","guid":{"rendered":"https:\/\/dev.sbro.ro\/?product=activismul-religios-pe-fondul-atipirii"},"modified":"2026-04-21T09:12:17","modified_gmt":"2026-04-21T09:12:17","slug":"activismul-religios-pe-fondul-atipirii","status":"publish","type":"product","link":"https:\/\/dev.sbro.ro\/product\/activismul-religios-pe-fondul-atipirii\/","title":{"rendered":"Activismul religios pe fondul a\u021bipirii"},"content":{"rendered":"<p>Un surogat pentru Trezirea Spiritual\u0103<\/p>\n<p>Un glas care r\u0103sun\u0103 \u00een pustiu<\/p>\n","protected":false},"excerpt":{"rendered":"<p>Un surogat pentru Trezirea Spiritual\u0103 Un glas care r\u0103sun\u0103 \u00een pustiu<\/p>\n","protected":false},"featured_media":10958,"comment_status":"open","ping_status":"closed","template":"","meta":[],"product_brand":[],"product_cat":[18],"product_tag":[],"class_list":{"0":"post-5572","1":"product","2":"type-product","3":"status-publish","4":"has-post-thumbnail","6":"product_cat-viata-crestina","8":"first","9":"instock","10":"shipping-taxable","11":"purchasable","12":"product-type-simple"},"_links":{"self":[{"href":"https:\/\/dev.sbro.ro\/wp-json\/wp\/v2\/product\/5572","targetHints":{"allow":["GET"]}}],"collection":[{"href":"https:\/\/dev.sbro.ro\/wp-json\/wp\/v2\/product"}],"about":[{"href":"https:\/\/dev.sbro.ro\/wp-json\/wp\/v2\/types\/product"}],"replies":[{"embeddable":true,"href":"https:\/\/dev.sbro.ro\/wp-json\/wp\/v2\/comments?post=5572"}],"wp:featuredmedia":[{"embeddable":true,"href":"https:\/\/dev.sbro.ro\/wp-json\/wp\/v2\/media\/10958"}],"wp:attachment":[{"href":"https:\/\/dev.sbro.ro\/wp-json\/wp\/v2\/media?parent=5572"}],"wp:term":[{"taxonomy":"product_brand","embeddable":true,"href":"https:\/\/dev.sbro.ro\/wp-json\/wp\/v2\/product_brand?post=5572"},{"taxonomy":"product_cat","embeddable":true,"href":"https:\/\/dev.sbro.ro\/wp-json\/wp\/v2\/product_cat?post=5572"},{"taxonomy":"product_tag","embeddable":true,"href":"https:\/\/dev.sbro.ro\/wp-json\/wp\/v2\/product_tag?post=5572"}],"curies":[{"name":"wp","href":"https:\/\/api.w.org\/{rel}","templated":true}]}}