{"id":5582,"date":"2026-04-21T09:12:18","date_gmt":"2026-04-21T09:12:18","guid":{"rendered":"https:\/\/dev.sbro.ro\/?product=luminosii"},"modified":"2026-04-21T09:12:18","modified_gmt":"2026-04-21T09:12:18","slug":"luminosii","status":"publish","type":"product","link":"https:\/\/dev.sbro.ro\/?product=luminosii","title":{"rendered":"Lumino\u0219ii"},"content":{"rendered":"<p>\u00cen <em>Lumino\u0219ii<\/em>, R.C. Sproul creeaz\u0103 o superb\u0103 poveste cu t\u00e2lc, ce surprinde esen\u0163a doctrinei r\u0103scump\u0103r\u0103rii. Modul \u00een care o face, \u00eei va fascina \u0219i atrage pe copii. Un popor de fiin\u0163e micu\u0163e, cunoscute sub numele de lumino\u0219ii, devine o metafor\u0103 a omenirii \u00eentregi, pe m\u0103sur\u0103 ce trec prin toate etapele istoriei r\u0103scump\u0103r\u0103rii: crea\u0163ie, c\u0103dere, salvare. La final, copiii vor \u00een\u0163elege de ce unii oameni se tem de lumin\u0103 mai mult dec\u00e2t de \u00eentuneric, dar \u0219i de ce ei, copiii, nu trebuie s\u0103 se mai team\u0103 niciodat\u0103 de \u00eentuneric.<\/p>\n<p>Cartea este full color, cartonata si cusuta, infoliata sidefat, toate acestea facand-o un cadou extraordinar pentru orice copil.<\/p>\n<p>A fost odat\u0103 ca niciodat\u0103 un Rege m\u0103re\u021b. Numele lui era Regele Luminii. El locuia \u00een lumin\u0103. El crease lumina \u0219i, pentru c\u0103 lumina Lui era pur\u0103 \u0219i imaculat\u0103, i se mai zicea \u0219i \u201eRegele F\u0103r\u0103 de Umbr\u0103\u201d. Acest Rege m\u0103re\u021b al Luminii a creat c\u00e2teva fiin\u021be capabile s\u0103 str\u0103luceasc\u0103 la fel de puternic precum str\u0103lucea El. Regele le-a numit pe aceste fiin\u021be: micii Lui lumino\u0219i. Regele i-a a\u0219ezat pe lumino\u0219i \u00eentr-o gr\u0103din\u0103 frumoas\u0103, preg\u0103tit\u0103 special pentru ei. \u0218i ce frumoas\u0103 era gr\u0103dina aceea, inundat\u0103 de raze de lumin\u0103! \u00cen fiecare zi, soarele m\u00e2ng\u00e2ia cu razele lui tot ce era \u00een gr\u0103din\u0103, f\u0103c\u00e2nd astfel ca florile, pomii \u0219i toate plantele s\u0103 creasc\u0103 frumos. Lumina str\u0103lucitoare a soarelui \u00eenc\u0103lzea gr\u0103dina \u0219i tot ce se afla \u00een ea. Cel mai tare, lumino\u0219ii se bucurau atunci c\u00e2nd, la asfin\u021bit, Regele venea s\u0103 \u00eei viziteze. \u00centr-o zi, \u00eens\u0103, s-a \u00eent\u00e2mplat un lucru \u00eengrozitor.<\/p>\n<p><strong>Dr. R.C. Sproul<\/strong> a fost fondatorul organiza\u021biei Ligonier Ministries, pastorul fondator al bisericii Saint Andrew din Sanford, primul pre\u0219edinte al Reformation Bible College \u0219i editor coordator al revistei Tabletalk. Emisiunea sa radiofonic\u0103 Renewing Your Mind este difuzat\u0103 \u00een continuare de sute de sta\u021bii radio din toat\u0103 lumea, inclusiv online. Dr. R.C. Sproul este autorul a peste o sut\u0103 de c\u0103r\u021bi, printre care c\u00e2teva pentru copii, foarte \u00eendr\u0103gite: Preotul cu haine murdare, M\u0103g\u0103ru\u0219ul care a purtat un Rege, Harta Cavalerului, Barbierul care voia s\u0103 se roage, Cupa cu otrav\u0103 a Prin\u021bului A fost unul dintre cei mai respecta\u021bi teologi, recunoscut la nivel interna\u021bional pentru hot\u0103r\u00e2rea cu care a ap\u0103rat ineran\u021ba Scripturii \u0219i necesitatea ca fiecare cre\u0219tin s\u0103-\u0219i \u00eentemeieze via\u021ba pe Cuv\u00e2ntul inspirat al Bibliei.<\/p>\n","protected":false},"excerpt":{"rendered":"<p>\u00cen Lumino\u0219ii, R.C. Sproul creeaz\u0103 o superb\u0103 poveste cu t\u00e2lc, ce surprinde esen\u0163a doctrinei r\u0103scump\u0103r\u0103rii. Modul \u00een care o face, \u00eei va fascina \u0219i atrage pe copii. Un popor de fiin\u0163e micu\u0163e, cunoscute sub numele de lumino\u0219ii, devine o metafor\u0103 a omenirii \u00eentregi, pe m\u0103sur\u0103 ce trec prin toate etapele istoriei r\u0103scump\u0103r\u0103rii: crea\u0163ie, c\u0103dere, salvare. [&hellip;]<\/p>\n","protected":false},"featured_media":10967,"comment_status":"open","ping_status":"closed","template":"","meta":[],"product_brand":[],"product_cat":[30,35],"product_tag":[],"class_list":{"0":"post-5582","1":"product","2":"type-product","3":"status-publish","4":"has-post-thumbnail","6":"product_cat-beletristica","7":"product_cat-copii","9":"first","10":"instock","11":"shipping-taxable","12":"purchasable","13":"product-type-simple"},"_links":{"self":[{"href":"https:\/\/dev.sbro.ro\/index.php?rest_route=\/wp\/v2\/product\/5582","targetHints":{"allow":["GET"]}}],"collection":[{"href":"https:\/\/dev.sbro.ro\/index.php?rest_route=\/wp\/v2\/product"}],"about":[{"href":"https:\/\/dev.sbro.ro\/index.php?rest_route=\/wp\/v2\/types\/product"}],"replies":[{"embeddable":true,"href":"https:\/\/dev.sbro.ro\/index.php?rest_route=%2Fwp%2Fv2%2Fcomments&post=5582"}],"wp:featuredmedia":[{"embeddable":true,"href":"https:\/\/dev.sbro.ro\/index.php?rest_route=\/wp\/v2\/media\/10967"}],"wp:attachment":[{"href":"https:\/\/dev.sbro.ro\/index.php?rest_route=%2Fwp%2Fv2%2Fmedia&parent=5582"}],"wp:term":[{"taxonomy":"product_brand","embeddable":true,"href":"https:\/\/dev.sbro.ro\/index.php?rest_route=%2Fwp%2Fv2%2Fproduct_brand&post=5582"},{"taxonomy":"product_cat","embeddable":true,"href":"https:\/\/dev.sbro.ro\/index.php?rest_route=%2Fwp%2Fv2%2Fproduct_cat&post=5582"},{"taxonomy":"product_tag","embeddable":true,"href":"https:\/\/dev.sbro.ro\/index.php?rest_route=%2Fwp%2Fv2%2Fproduct_tag&post=5582"}],"curies":[{"name":"wp","href":"https:\/\/api.w.org\/{rel}","templated":true}]}}