{"id":560,"date":"2026-04-21T09:02:43","date_gmt":"2026-04-21T09:02:43","guid":{"rendered":"https:\/\/dev.sbro.ro\/?product=botezul-crestin"},"modified":"2026-04-21T09:02:43","modified_gmt":"2026-04-21T09:02:43","slug":"botezul-crestin","status":"publish","type":"product","link":"https:\/\/dev.sbro.ro\/product\/botezul-crestin\/","title":{"rendered":"Botezul crestin"},"content":{"rendered":"<p>Botezul cre\u015ftin \u2013 semnifica\u0163iile actului \u00een Noul Testament Botezul este poate cel mai important sacrament al Bisericii, s\u0103v\u00e2r\u015fit de toate confesiunile cre\u015ftine ca actul de intrare \u00een comunitatea eclesial\u0103. Studiul de fa\u0163\u0103 arat\u0103 c\u0103 botezul cre\u015ftin, practicat chiar \u00een ziua de na\u015ftere a Bisericii, Ziua Cincizecimii, nu a ap\u0103rut \u00eentr-un vacuum, ci este produsul unui proces evolutiv al ritualurilor de cur\u0103\u0163are din Vechiul Testament \u015fi al altor forme de botez. Concluzia desprins\u0103 din acest studiu este c\u0103, din punct de vedere soteriologic, botezul cre\u015ftin este \u201ebaia regener\u0103rii\u201d care marcheaz\u0103 sf\u00e2r\u015fitul unui mod de via\u0163\u0103 p\u0103c\u0103tos \u015fi \u00eenceputul unei vie\u0163i noi, dar nu reprezint\u0103 actul prin care Dumnezeu r\u0103spunde poc\u0103in\u0163ei \u015fi credin\u0163ei prin iertarea p\u0103catelor sau regenerare. Din punct de vedere eclesiologic, botezul este actul prin care neofitul \u00ee\u015fi m\u0103rturise\u015fte credin\u0163a \u00een Dumnezeu \u015fi \u00een Cristos \u015fi este acceptat oficial ca membru \u00een Biserica lui Cristos. Dorin\u0163a noastr\u0103 este ca acest studiu s\u0103 st\u00e2rneasc\u0103 un dialog constructiv cu diferite tradi\u0163ii \u00een ce prive\u015fte semnifica\u0163ia botezului, dialog prin care \u00eencerc\u0103m s\u0103 construim \u201epun\u0163i peste apa care ne desparte\u201d.<\/p>\n","protected":false},"excerpt":{"rendered":"<p>Botezul cre\u015ftin \u2013 semnifica\u0163iile actului \u00een Noul Testament Botezul este poate cel mai important sacrament al Bisericii, s\u0103v\u00e2r\u015fit de toate confesiunile cre\u015ftine ca actul de intrare \u00een comunitatea eclesial\u0103. Studiul de fa\u0163\u0103 arat\u0103 c\u0103 botezul cre\u015ftin, practicat chiar \u00een ziua de na\u015ftere a Bisericii, Ziua Cincizecimii, nu a ap\u0103rut \u00eentr-un vacuum, ci este produsul unui [&hellip;]<\/p>\n","protected":false},"featured_media":6003,"comment_status":"open","ping_status":"closed","template":"","meta":[],"product_brand":[],"product_cat":[12,16],"product_tag":[],"class_list":{"0":"post-560","1":"product","2":"type-product","3":"status-publish","4":"has-post-thumbnail","6":"product_cat-comentarii-studii","7":"product_cat-comentarii-biblice","9":"first","10":"instock","11":"shipping-taxable","12":"purchasable","13":"product-type-simple"},"_links":{"self":[{"href":"https:\/\/dev.sbro.ro\/wp-json\/wp\/v2\/product\/560","targetHints":{"allow":["GET"]}}],"collection":[{"href":"https:\/\/dev.sbro.ro\/wp-json\/wp\/v2\/product"}],"about":[{"href":"https:\/\/dev.sbro.ro\/wp-json\/wp\/v2\/types\/product"}],"replies":[{"embeddable":true,"href":"https:\/\/dev.sbro.ro\/wp-json\/wp\/v2\/comments?post=560"}],"wp:featuredmedia":[{"embeddable":true,"href":"https:\/\/dev.sbro.ro\/wp-json\/wp\/v2\/media\/6003"}],"wp:attachment":[{"href":"https:\/\/dev.sbro.ro\/wp-json\/wp\/v2\/media?parent=560"}],"wp:term":[{"taxonomy":"product_brand","embeddable":true,"href":"https:\/\/dev.sbro.ro\/wp-json\/wp\/v2\/product_brand?post=560"},{"taxonomy":"product_cat","embeddable":true,"href":"https:\/\/dev.sbro.ro\/wp-json\/wp\/v2\/product_cat?post=560"},{"taxonomy":"product_tag","embeddable":true,"href":"https:\/\/dev.sbro.ro\/wp-json\/wp\/v2\/product_tag?post=560"}],"curies":[{"name":"wp","href":"https:\/\/api.w.org\/{rel}","templated":true}]}}