{"id":5612,"date":"2026-04-21T09:12:22","date_gmt":"2026-04-21T09:12:22","guid":{"rendered":"https:\/\/dev.sbro.ro\/?product=km-62-poezii-si-meditatii"},"modified":"2026-04-21T09:12:22","modified_gmt":"2026-04-21T09:12:22","slug":"km-62-poezii-si-meditatii","status":"publish","type":"product","link":"https:\/\/dev.sbro.ro\/?product=km-62-poezii-si-meditatii","title":{"rendered":"Km 62 &#8211; poezii \u0219i medita\u021bii"},"content":{"rendered":"<p>Autost\u0103zile sunt avantajoase, dar \u00een Casa Tat\u0103lui ajungem doar alerg\u00e2nd pe calea \u00eengust\u0103.<\/p>\n","protected":false},"excerpt":{"rendered":"<p>Autost\u0103zile sunt avantajoase, dar \u00een Casa Tat\u0103lui ajungem doar alerg\u00e2nd pe calea \u00eengust\u0103.<\/p>\n","protected":false},"featured_media":10997,"comment_status":"open","ping_status":"closed","template":"","meta":[],"product_brand":[],"product_cat":[92,39,62],"product_tag":[],"class_list":{"0":"post-5612","1":"product","2":"type-product","3":"status-publish","4":"has-post-thumbnail","6":"product_cat-devotionale-si-meditatii-zilnice","7":"product_cat-poezii","8":"product_cat-poezii-editura-metanoia","10":"first","11":"instock","12":"shipping-taxable","13":"purchasable","14":"product-type-simple"},"_links":{"self":[{"href":"https:\/\/dev.sbro.ro\/index.php?rest_route=\/wp\/v2\/product\/5612","targetHints":{"allow":["GET"]}}],"collection":[{"href":"https:\/\/dev.sbro.ro\/index.php?rest_route=\/wp\/v2\/product"}],"about":[{"href":"https:\/\/dev.sbro.ro\/index.php?rest_route=\/wp\/v2\/types\/product"}],"replies":[{"embeddable":true,"href":"https:\/\/dev.sbro.ro\/index.php?rest_route=%2Fwp%2Fv2%2Fcomments&post=5612"}],"wp:featuredmedia":[{"embeddable":true,"href":"https:\/\/dev.sbro.ro\/index.php?rest_route=\/wp\/v2\/media\/10997"}],"wp:attachment":[{"href":"https:\/\/dev.sbro.ro\/index.php?rest_route=%2Fwp%2Fv2%2Fmedia&parent=5612"}],"wp:term":[{"taxonomy":"product_brand","embeddable":true,"href":"https:\/\/dev.sbro.ro\/index.php?rest_route=%2Fwp%2Fv2%2Fproduct_brand&post=5612"},{"taxonomy":"product_cat","embeddable":true,"href":"https:\/\/dev.sbro.ro\/index.php?rest_route=%2Fwp%2Fv2%2Fproduct_cat&post=5612"},{"taxonomy":"product_tag","embeddable":true,"href":"https:\/\/dev.sbro.ro\/index.php?rest_route=%2Fwp%2Fv2%2Fproduct_tag&post=5612"}],"curies":[{"name":"wp","href":"https:\/\/api.w.org\/{rel}","templated":true}]}}