{"id":5616,"date":"2026-04-21T09:12:23","date_gmt":"2026-04-21T09:12:23","guid":{"rendered":"https:\/\/dev.sbro.ro\/?product=promisiuni-caracterul-lui-dumnezeu-revelat-in-legamintele-biblice"},"modified":"2026-04-21T09:12:23","modified_gmt":"2026-04-21T09:12:23","slug":"promisiuni-caracterul-lui-dumnezeu-revelat-in-legamintele-biblice","status":"publish","type":"product","link":"https:\/\/dev.sbro.ro\/?product=promisiuni-caracterul-lui-dumnezeu-revelat-in-legamintele-biblice","title":{"rendered":"Promisiuni: Caracterul lui Dumnezeu revelat \u00een leg\u0103mintele biblice"},"content":{"rendered":"<p><strong>Promisiuni<\/strong> &#8211; <em>Caracterul lui Dumnezeu revelat \u00een leg\u0103mintele biblice<\/em><\/p>\n<p><strong>Studiu biblic \u00een \u0219ase s\u0103pt\u0103m\u00e2ni<\/strong><\/p>\n<p>Leg\u0103mintele biblice reflect\u0103 dragostea statornic\u0103 a unui Dumnezeu demn de \u00eencredere.<br \/>\n\u00cen ciuda e\u015fecului repetat al omului, Dumnezeu r\u0103m\u00e2ne credincios juruin\u0163elor Sale, iar caracterul S\u0103u neschimb\u0103tor devine fundamentul rela\u021biei dintre Dumnezeu \u0219i om.<br \/>\nPlanul S\u0103u perfect pentru omenire se desf\u0103\u0219oar\u0103 prin cele \u0219ase ini\u021biative divine, culmin\u00e2nd \u00een persoana \u015fi lucrarea Domnului Isus.<\/p>\n<p>Dumnezeu \u00ce\u015fi \u0163ine mereu promisiunile!<\/p>\n<p>\u2014Eva &amp; Dorin Postolache<\/p>\n<p>***<\/p>\n<p><strong>Eva Postolache<\/strong> este so\u021bie \u0219i mam\u0103 a trei copii. Iube\u0219te pe Dumnezeu, oamenii \u0219i c\u0103r\u021bile. Dup\u0103 ce a studiat teologia a fondat ISHA today, un loc \u00een care pune la dispozi\u021bie studii biblice \u0219i materiale cre\u0219tine pentru femei. Ii place s\u0103 se implice \u0219i \u00een lucrarea cu copiii \u0219i adolescen\u021bii de fiecare dat\u0103 c\u00e2nd are ocazia. Locuie\u0219te \u00een Viena \u00eempreun\u0103 cu familia ei.<\/p>\n<p><strong>Dorin Postolache<\/strong> s-a n\u0103scut \u0219i a crescut \u00een Austria. Este c\u0103s\u0103torit de 9 ani cu Eva. A studiat informatica \u0219i teologia. Slujeste \u00een biserica local\u0103 \u00een lucrarea cu adolescen\u021bii \u0219i la predicare. \u00cen timpul liber \u00eei place s\u0103 asculte podcasturi cre\u0219tine \u0219i s\u0103 mearg\u0103 pe biciclet\u0103.<\/p>\n","protected":false},"excerpt":{"rendered":"<p>Promisiuni &#8211; Caracterul lui Dumnezeu revelat \u00een leg\u0103mintele biblice Studiu biblic \u00een \u0219ase s\u0103pt\u0103m\u00e2ni Leg\u0103mintele biblice reflect\u0103 dragostea statornic\u0103 a unui Dumnezeu demn de \u00eencredere. \u00cen ciuda e\u015fecului repetat al omului, Dumnezeu r\u0103m\u00e2ne credincios juruin\u0163elor Sale, iar caracterul S\u0103u neschimb\u0103tor devine fundamentul rela\u021biei dintre Dumnezeu \u0219i om. Planul S\u0103u perfect pentru omenire se desf\u0103\u0219oar\u0103 prin [&hellip;]<\/p>\n","protected":false},"featured_media":11001,"comment_status":"open","ping_status":"closed","template":"","meta":[],"product_brand":[],"product_cat":[40],"product_tag":[],"class_list":{"0":"post-5616","1":"product","2":"type-product","3":"status-publish","4":"has-post-thumbnail","6":"product_cat-studiu-biblic","8":"first","9":"instock","10":"shipping-taxable","11":"purchasable","12":"product-type-simple"},"_links":{"self":[{"href":"https:\/\/dev.sbro.ro\/index.php?rest_route=\/wp\/v2\/product\/5616","targetHints":{"allow":["GET"]}}],"collection":[{"href":"https:\/\/dev.sbro.ro\/index.php?rest_route=\/wp\/v2\/product"}],"about":[{"href":"https:\/\/dev.sbro.ro\/index.php?rest_route=\/wp\/v2\/types\/product"}],"replies":[{"embeddable":true,"href":"https:\/\/dev.sbro.ro\/index.php?rest_route=%2Fwp%2Fv2%2Fcomments&post=5616"}],"wp:featuredmedia":[{"embeddable":true,"href":"https:\/\/dev.sbro.ro\/index.php?rest_route=\/wp\/v2\/media\/11001"}],"wp:attachment":[{"href":"https:\/\/dev.sbro.ro\/index.php?rest_route=%2Fwp%2Fv2%2Fmedia&parent=5616"}],"wp:term":[{"taxonomy":"product_brand","embeddable":true,"href":"https:\/\/dev.sbro.ro\/index.php?rest_route=%2Fwp%2Fv2%2Fproduct_brand&post=5616"},{"taxonomy":"product_cat","embeddable":true,"href":"https:\/\/dev.sbro.ro\/index.php?rest_route=%2Fwp%2Fv2%2Fproduct_cat&post=5616"},{"taxonomy":"product_tag","embeddable":true,"href":"https:\/\/dev.sbro.ro\/index.php?rest_route=%2Fwp%2Fv2%2Fproduct_tag&post=5616"}],"curies":[{"name":"wp","href":"https:\/\/api.w.org\/{rel}","templated":true}]}}