{"id":5638,"date":"2026-04-21T09:12:25","date_gmt":"2026-04-21T09:12:25","guid":{"rendered":"https:\/\/dev.sbro.ro\/?product=povestea-celui-de-al-patrulea-mag"},"modified":"2026-04-21T09:12:25","modified_gmt":"2026-04-21T09:12:25","slug":"povestea-celui-de-al-patrulea-mag","status":"publish","type":"product","link":"https:\/\/dev.sbro.ro\/product\/povestea-celui-de-al-patrulea-mag\/","title":{"rendered":"Povestea celui de al patrulea mag"},"content":{"rendered":"<p>Aceast\u0103 povestire p\u0103trunz\u0103toare, scris\u0103 \u00een secolul al XIX-lea, exploreaz\u0103 teme precum credin\u021ba, sacrificiul \u0219i c\u0103utarea adev\u0103rului ilustrate \u00een c\u0103l\u0103toria \u00eentreprins\u0103 de Artaban, unul dintre magii mai pu\u021bin cunoscu\u021bi, care porne\u0219te \u00een c\u0103utarea pruncului Mesia. Spre deosebire de c\u0103l\u0103toria celor trei magi care urmeaz\u0103 steaua spre Betleem, c\u0103l\u0103toria lui Artaban pentru a-L g\u0103si pe Regele n\u0103scut de cur\u00e2nd \u00een \u021bara iudeilor este marcat\u0103 de obstacole, \u00eencerc\u0103ri \u0219i nea\u0219teptate ocazii \u00een care s\u0103-\u0219i arate compasiunea.<\/p>\n<p>De\u0219i nu reu\u0219e\u0219te s\u0103 ajung\u0103 la destina\u021bie la timp pentru a-L \u00eent\u00e2lni pe Rege, dedicarea statornic\u0103 a lui Artaban de a le \u00eentinde celor din jur o m\u00e2n\u0103 de ajutor \u00eel conduce spre o \u00een\u021belegere profund\u0103: adev\u0103rata \u00eenchinare nu st\u0103 \u00een ritual, ci \u00een dragostea \u0219i slujirea semenilor. \u00cen cele din urm\u0103, Artaban afl\u0103 c\u0103 sacrificiile sale l-au apropiat tot mai mult de divin \u0219i au fost o reverberare a mesajului c\u0103, atunci c\u00e2nd le slujim celor mai ne\u00eensemna\u021bi, de fapt \u00cel slujim pe Rege.<\/p>\n<p>Despre autor<\/p>\n<p>Henry van Dyke (1852\u20131933) a fost un autor american, profesor \u0219i pastor prezbiterian. Pe parcursul a peste dou\u0103 decenii, a fost profesor de literatur\u0103 englez\u0103 la Princeton, dar \u0219i la Universitatea din Paris. \u00cen 1913, fostul s\u0103u coleg de clas\u0103, pre\u0219edintele Wilson, l-a numit ministru pentru rela\u021biile diplomatice cu \u021a\u0103rile de Jos \u0219i Luxemburg. Ca om al bisericii, Henry van Dyke a fost foarte marcat de marile s\u0103rb\u0103tori ale cre\u0219tin\u0103t\u0103\u021bii \u2013 Na\u0219terea \u0219i \u00cenvierea lui Isus Cristos \u2013 ceea ce l-a \u00eemboldit s\u0103 scrie mai multe povestiri referitoare la acestea.<\/p>\n","protected":false},"excerpt":{"rendered":"<p>Aceast\u0103 povestire p\u0103trunz\u0103toare, scris\u0103 \u00een secolul al XIX-lea, exploreaz\u0103 teme precum credin\u021ba, sacrificiul \u0219i c\u0103utarea adev\u0103rului ilustrate \u00een c\u0103l\u0103toria \u00eentreprins\u0103 de Artaban, unul dintre magii mai pu\u021bin cunoscu\u021bi, care porne\u0219te \u00een c\u0103utarea pruncului Mesia. Spre deosebire de c\u0103l\u0103toria celor trei magi care urmeaz\u0103 steaua spre Betleem, c\u0103l\u0103toria lui Artaban pentru a-L g\u0103si pe Regele n\u0103scut [&hellip;]<\/p>\n","protected":false},"featured_media":11023,"comment_status":"open","ping_status":"closed","template":"","meta":[],"product_brand":[],"product_cat":[30],"product_tag":[],"class_list":{"0":"post-5638","1":"product","2":"type-product","3":"status-publish","4":"has-post-thumbnail","6":"product_cat-beletristica","8":"first","9":"instock","10":"shipping-taxable","11":"purchasable","12":"product-type-simple"},"_links":{"self":[{"href":"https:\/\/dev.sbro.ro\/wp-json\/wp\/v2\/product\/5638","targetHints":{"allow":["GET"]}}],"collection":[{"href":"https:\/\/dev.sbro.ro\/wp-json\/wp\/v2\/product"}],"about":[{"href":"https:\/\/dev.sbro.ro\/wp-json\/wp\/v2\/types\/product"}],"replies":[{"embeddable":true,"href":"https:\/\/dev.sbro.ro\/wp-json\/wp\/v2\/comments?post=5638"}],"wp:featuredmedia":[{"embeddable":true,"href":"https:\/\/dev.sbro.ro\/wp-json\/wp\/v2\/media\/11023"}],"wp:attachment":[{"href":"https:\/\/dev.sbro.ro\/wp-json\/wp\/v2\/media?parent=5638"}],"wp:term":[{"taxonomy":"product_brand","embeddable":true,"href":"https:\/\/dev.sbro.ro\/wp-json\/wp\/v2\/product_brand?post=5638"},{"taxonomy":"product_cat","embeddable":true,"href":"https:\/\/dev.sbro.ro\/wp-json\/wp\/v2\/product_cat?post=5638"},{"taxonomy":"product_tag","embeddable":true,"href":"https:\/\/dev.sbro.ro\/wp-json\/wp\/v2\/product_tag?post=5638"}],"curies":[{"name":"wp","href":"https:\/\/api.w.org\/{rel}","templated":true}]}}