{"id":5648,"date":"2026-04-21T09:12:28","date_gmt":"2026-04-21T09:12:28","guid":{"rendered":"https:\/\/dev.sbro.ro\/?product=cum-sa-devenim-ca-isus-cultivarea-roadelor-duhului-sfant"},"modified":"2026-04-21T09:12:28","modified_gmt":"2026-04-21T09:12:28","slug":"cum-sa-devenim-ca-isus-cultivarea-roadelor-duhului-sfant","status":"publish","type":"product","link":"https:\/\/dev.sbro.ro\/product\/cum-sa-devenim-ca-isus-cultivarea-roadelor-duhului-sfant\/","title":{"rendered":"Cum s\u0103 devenim ca Isus: Cultivarea roadelor Duhului Sf\u00e2nt"},"content":{"rendered":"<p>\u201ePentru s\u0103n\u0103tatea Dumneavoastr\u0103 spiritual\u0103, cultiva\u021bi zilnic roada Duhului!\u201c \u2014 a\u0219a ar suna, dac\u0103 ar fi formulat ca anun\u021b de interes public, mesajul c\u0103r\u021bii de fa\u021b\u0103! Explic\u00e2nd cele nou\u0103 fa\u021bete ale roadei Duhului prin prisma textelor vetero \u2014 testamentare, dar \u0219i evanghelice, Christopher Wright ne dezv\u0103luie \u2014 cu acurate\u021be teologal\u0103, m\u0103iestrie omiletic\u0103 \u0219i c\u0103ldur\u0103 pastoral\u0103 \u2014 cum putem deveni ca Isus sau, altfel spus, cum poate prinde chip \u00een noi caracterul lui Hristos. Un binevenit \u00eendrumar de rodire spiritual\u0103 pentru to\u021bi cre\u0219tinii, o excelent\u0103 unealt\u0103 omiletic\u0103 pentru predicatori!<br \/>\n(\u2060Dr. Ciprian Gheorghe-Luca)<\/p>\n<p><strong>Despre autor<\/strong><\/p>\n<p><strong>CHRISTOPHER J. H. WRIGHT<\/strong> este ambasador global \u0219i director de misiune al Langham Partnership. A fost director al All Nations Christian College, Ware, Marea Britanie, dup\u0103 ce a predat la Union Biblical Seminary, Pune, India. Printre c\u0103r\u021bile sale se num\u0103r\u0103 <em>Etica Vechiului Testament pentru comunitatea cre\u0219tin\u0103, Misiunea lui Dumnezeu \u2014 \u00een\u021belegerea metanara\u021biunii Bibliei, Knowing God \u2014 The Trilogy, The Mission of God\u2019s People<\/em> \u0219i mai multe comentarii din seria The Bible Speaks Today.<\/p>\n","protected":false},"excerpt":{"rendered":"<p>\u201ePentru s\u0103n\u0103tatea Dumneavoastr\u0103 spiritual\u0103, cultiva\u021bi zilnic roada Duhului!\u201c \u2014 a\u0219a ar suna, dac\u0103 ar fi formulat ca anun\u021b de interes public, mesajul c\u0103r\u021bii de fa\u021b\u0103! Explic\u00e2nd cele nou\u0103 fa\u021bete ale roadei Duhului prin prisma textelor vetero \u2014 testamentare, dar \u0219i evanghelice, Christopher Wright ne dezv\u0103luie \u2014 cu acurate\u021be teologal\u0103, m\u0103iestrie omiletic\u0103 \u0219i c\u0103ldur\u0103 pastoral\u0103 \u2014 [&hellip;]<\/p>\n","protected":false},"featured_media":11033,"comment_status":"open","ping_status":"closed","template":"","meta":[],"product_brand":[],"product_cat":[18],"product_tag":[],"class_list":{"0":"post-5648","1":"product","2":"type-product","3":"status-publish","4":"has-post-thumbnail","6":"product_cat-viata-crestina","8":"first","9":"instock","10":"shipping-taxable","11":"purchasable","12":"product-type-simple"},"_links":{"self":[{"href":"https:\/\/dev.sbro.ro\/wp-json\/wp\/v2\/product\/5648","targetHints":{"allow":["GET"]}}],"collection":[{"href":"https:\/\/dev.sbro.ro\/wp-json\/wp\/v2\/product"}],"about":[{"href":"https:\/\/dev.sbro.ro\/wp-json\/wp\/v2\/types\/product"}],"replies":[{"embeddable":true,"href":"https:\/\/dev.sbro.ro\/wp-json\/wp\/v2\/comments?post=5648"}],"wp:featuredmedia":[{"embeddable":true,"href":"https:\/\/dev.sbro.ro\/wp-json\/wp\/v2\/media\/11033"}],"wp:attachment":[{"href":"https:\/\/dev.sbro.ro\/wp-json\/wp\/v2\/media?parent=5648"}],"wp:term":[{"taxonomy":"product_brand","embeddable":true,"href":"https:\/\/dev.sbro.ro\/wp-json\/wp\/v2\/product_brand?post=5648"},{"taxonomy":"product_cat","embeddable":true,"href":"https:\/\/dev.sbro.ro\/wp-json\/wp\/v2\/product_cat?post=5648"},{"taxonomy":"product_tag","embeddable":true,"href":"https:\/\/dev.sbro.ro\/wp-json\/wp\/v2\/product_tag?post=5648"}],"curies":[{"name":"wp","href":"https:\/\/api.w.org\/{rel}","templated":true}]}}