{"id":5662,"date":"2026-04-21T09:12:29","date_gmt":"2026-04-21T09:12:29","guid":{"rendered":"https:\/\/dev.sbro.ro\/?product=bisericile-apocalipsei"},"modified":"2026-04-21T09:12:29","modified_gmt":"2026-04-21T09:12:29","slug":"bisericile-apocalipsei","status":"publish","type":"product","link":"https:\/\/dev.sbro.ro\/?product=bisericile-apocalipsei","title":{"rendered":"Bisericile Apocalipsei"},"content":{"rendered":"<p>Inten\u021bia declarat\u0103 chiar de la \u00eenceputul acestor studii biblice a fost s\u0103 \u00een\u021belegem c\u00e2t mai corect textul mesajelor Domnului Isus Cristos adresate celor \u0219apte biserici din Asia Mic\u0103, inten\u021bia Sa, identific\u00e2nd problemele acestor comunit\u0103\u021bi, cu speran\u021ba de a \u00eenv\u0103\u021ba din ele \u0219i a g\u0103si aplica\u021bii practice la provoc\u0103rile bisericii de azi. Datorit\u0103 acestei inten\u021bii, am ocolit pe c\u00e2t se poate de mult diferitele interpret\u0103ri ale textelor Apocalipsei, st\u00e2nd cu credincio\u0219ie l\u00e2ng\u0103 cele scrise, pe care am \u00eencercat s\u0103 le \u00een\u021belegem c\u00e2t mai bine.<\/p>\n","protected":false},"excerpt":{"rendered":"<p>Inten\u021bia declarat\u0103 chiar de la \u00eenceputul acestor studii biblice a fost s\u0103 \u00een\u021belegem c\u00e2t mai corect textul mesajelor Domnului Isus Cristos adresate celor \u0219apte biserici din Asia Mic\u0103, inten\u021bia Sa, identific\u00e2nd problemele acestor comunit\u0103\u021bi, cu speran\u021ba de a \u00eenv\u0103\u021ba din ele \u0219i a g\u0103si aplica\u021bii practice la provoc\u0103rile bisericii de azi. Datorit\u0103 acestei inten\u021bii, am [&hellip;]<\/p>\n","protected":false},"featured_media":11046,"comment_status":"open","ping_status":"closed","template":"","meta":[],"product_brand":[],"product_cat":[11,18],"product_tag":[],"class_list":{"0":"post-5662","1":"product","2":"type-product","3":"status-publish","4":"has-post-thumbnail","6":"product_cat-slujitori","7":"product_cat-viata-crestina","9":"first","10":"instock","11":"shipping-taxable","12":"purchasable","13":"product-type-simple"},"_links":{"self":[{"href":"https:\/\/dev.sbro.ro\/index.php?rest_route=\/wp\/v2\/product\/5662","targetHints":{"allow":["GET"]}}],"collection":[{"href":"https:\/\/dev.sbro.ro\/index.php?rest_route=\/wp\/v2\/product"}],"about":[{"href":"https:\/\/dev.sbro.ro\/index.php?rest_route=\/wp\/v2\/types\/product"}],"replies":[{"embeddable":true,"href":"https:\/\/dev.sbro.ro\/index.php?rest_route=%2Fwp%2Fv2%2Fcomments&post=5662"}],"wp:featuredmedia":[{"embeddable":true,"href":"https:\/\/dev.sbro.ro\/index.php?rest_route=\/wp\/v2\/media\/11046"}],"wp:attachment":[{"href":"https:\/\/dev.sbro.ro\/index.php?rest_route=%2Fwp%2Fv2%2Fmedia&parent=5662"}],"wp:term":[{"taxonomy":"product_brand","embeddable":true,"href":"https:\/\/dev.sbro.ro\/index.php?rest_route=%2Fwp%2Fv2%2Fproduct_brand&post=5662"},{"taxonomy":"product_cat","embeddable":true,"href":"https:\/\/dev.sbro.ro\/index.php?rest_route=%2Fwp%2Fv2%2Fproduct_cat&post=5662"},{"taxonomy":"product_tag","embeddable":true,"href":"https:\/\/dev.sbro.ro\/index.php?rest_route=%2Fwp%2Fv2%2Fproduct_tag&post=5662"}],"curies":[{"name":"wp","href":"https:\/\/api.w.org\/{rel}","templated":true}]}}