{"id":5666,"date":"2026-04-21T09:12:29","date_gmt":"2026-04-21T09:12:29","guid":{"rendered":"https:\/\/dev.sbro.ro\/?product=calea-lepadarii-de-sine"},"modified":"2026-04-21T09:12:29","modified_gmt":"2026-04-21T09:12:29","slug":"calea-lepadarii-de-sine","status":"publish","type":"product","link":"https:\/\/dev.sbro.ro\/product\/calea-lepadarii-de-sine\/","title":{"rendered":"Calea lep\u0103d\u0103rii de sine"},"content":{"rendered":"<p>Calea lep\u0103d\u0103rii de sine este o cale neumblat\u0103 de cre\u0219tinul modern care s-a luat cu lumea \u0219i se las\u0103 purtat de spiritul acesteia, \u00eenlocuind \u00eenv\u0103\u021b\u0103tura biblic\u0103 a lep\u0103d\u0103rii de sine cu \u00eenv\u0103\u021b\u0103tura opus\u0103 acesteia \u0219i care vine din spiritul lumii, \u0219i anume cea a iubirii de sine.<\/p>\n<p>Slujitorul care nu se leap\u0103d\u0103 de sine \u00cei va sluji Domnului dup\u0103 capul lui \u0219i va aduce astfel foc str\u0103in pe altarul lui Dumnezeu. Continu\u00e2nd cu un astfel de mod de slujire, el va face ca, mai devreme sau mai t\u00e2rziu, focul pedepsei lui Dumnezeu s\u0103 cad\u0103 peste el de la Domnul din cer.<\/p>\n<p>Dac\u0103 ve\u021bi alege ariditatea pustiului \u0219i haina ponosit\u0103 a anonimatului, dac\u0103 ve\u021bi refuza s\u0103 be\u021bi din apele cele dulci, dar moarte \u0219i c\u0103l\u00e2i ale promov\u0103rii firii voastre p\u0103m\u00e2nte\u0219ti \u0219i a eului vostru, \u0219i dac\u0103 ve\u021bi alege \u0219i ve\u021bi dovedi cu adev\u0103rat c\u0103 vre\u021bi s\u0103 v\u0103 dezbr\u0103ca\u021bi de voi \u00een\u0219iv\u0103, atunci Eu, Domnul, voi continua s\u0103 r\u0103m\u00e2n cu voi. \u0218i doar a\u0219a voi putea s\u0103-Mi duc la \u00eendeplinire planul Meu, prin aceia dintre voi care vor alege cu bun\u0103-\u0219tiin\u021b\u0103 ceea ce Eu, Domnul, \u00eenaintea voastr\u0103 am ales, c\u0103ci doar pe o astfel de cale \u0219i \u00een urma unor astfel de alegeri Eu voi putea s\u0103 v\u0103 \u00eembrac cu Duhul Meu cel Sf\u00e2nt, s\u0103 M\u0103 folosesc de voi \u00een mijlocul r\u0103m\u0103\u0219i\u021bei poporului Meu \u00een aceste zile de pe urm\u0103 \u0219i s\u0103 aduc vremuri de \u00eenviorare \u0219i de trezire spiritual\u0103, ca s\u0103-Mi preg\u0103tesc astfel r\u0103m\u0103\u0219i\u021ba Mea pentru \u00eent\u00e2lnirea cu Mine.<\/p>\n","protected":false},"excerpt":{"rendered":"<p>Calea lep\u0103d\u0103rii de sine este o cale neumblat\u0103 de cre\u0219tinul modern care s-a luat cu lumea \u0219i se las\u0103 purtat de spiritul acesteia, \u00eenlocuind \u00eenv\u0103\u021b\u0103tura biblic\u0103 a lep\u0103d\u0103rii de sine cu \u00eenv\u0103\u021b\u0103tura opus\u0103 acesteia \u0219i care vine din spiritul lumii, \u0219i anume cea a iubirii de sine. Slujitorul care nu se leap\u0103d\u0103 de sine \u00cei [&hellip;]<\/p>\n","protected":false},"featured_media":11049,"comment_status":"open","ping_status":"closed","template":"","meta":[],"product_brand":[],"product_cat":[10,18],"product_tag":[],"class_list":{"0":"post-5666","1":"product","2":"type-product","3":"status-publish","4":"has-post-thumbnail","6":"product_cat-editura-metanoia","7":"product_cat-viata-crestina","9":"first","10":"instock","11":"shipping-taxable","12":"purchasable","13":"product-type-simple"},"_links":{"self":[{"href":"https:\/\/dev.sbro.ro\/wp-json\/wp\/v2\/product\/5666","targetHints":{"allow":["GET"]}}],"collection":[{"href":"https:\/\/dev.sbro.ro\/wp-json\/wp\/v2\/product"}],"about":[{"href":"https:\/\/dev.sbro.ro\/wp-json\/wp\/v2\/types\/product"}],"replies":[{"embeddable":true,"href":"https:\/\/dev.sbro.ro\/wp-json\/wp\/v2\/comments?post=5666"}],"wp:featuredmedia":[{"embeddable":true,"href":"https:\/\/dev.sbro.ro\/wp-json\/wp\/v2\/media\/11049"}],"wp:attachment":[{"href":"https:\/\/dev.sbro.ro\/wp-json\/wp\/v2\/media?parent=5666"}],"wp:term":[{"taxonomy":"product_brand","embeddable":true,"href":"https:\/\/dev.sbro.ro\/wp-json\/wp\/v2\/product_brand?post=5666"},{"taxonomy":"product_cat","embeddable":true,"href":"https:\/\/dev.sbro.ro\/wp-json\/wp\/v2\/product_cat?post=5666"},{"taxonomy":"product_tag","embeddable":true,"href":"https:\/\/dev.sbro.ro\/wp-json\/wp\/v2\/product_tag?post=5666"}],"curies":[{"name":"wp","href":"https:\/\/api.w.org\/{rel}","templated":true}]}}