{"id":5681,"date":"2026-04-21T09:12:32","date_gmt":"2026-04-21T09:12:32","guid":{"rendered":"https:\/\/dev.sbro.ro\/?product=centenarul-bisericilor-penticostale-romane-din-sua-canada"},"modified":"2026-04-21T09:12:32","modified_gmt":"2026-04-21T09:12:32","slug":"centenarul-bisericilor-penticostale-romane-din-sua-canada","status":"publish","type":"product","link":"https:\/\/dev.sbro.ro\/product\/centenarul-bisericilor-penticostale-romane-din-sua-canada\/","title":{"rendered":"Centenarul Bisericilor Penticostale Rom\u00e2ne din SUA &amp; Canada"},"content":{"rendered":"<p>100 de ani de la infiin\u021barea Primei Biserici Penticostale Rom\u00e2ne, Detroit (1923-2023)<\/p>\n<p>Cuprins<br \/>\nPrefa\u021b\u0103 \u2013 pastor Gabriel Fazeca\u0219<br \/>\nNot\u0103 editorial\u0103<br \/>\nCapitolul I<br \/>\nDetroit 2023. Centenarul Bisericii Penticostale Rom\u00e2ne din SUA \u0219i Canada (1923-2023)<br \/>\nCentenar Detroit 2023: Event Review<br \/>\nCentenar Detroit 2023: Galerie foto<br \/>\nCapitolul II<br \/>\nBisericile penticostale rom\u00e2ne din SUA \u0219i Canada de la A la Z<br \/>\nBiserici penticostale rom\u00e2ne din SUA<br \/>\nBiserici penticostale rom\u00e2ne din Canada<br \/>\nCapitolul III<br \/>\nBisericile penticostale rom\u00e2ne din SUA \u0219i Canada: schi\u021be de istorie<br \/>\nCapitolul IV<br \/>\nConven\u021bia Rom\u00e2n\u0103 Penticostal\u0103 din SUA \u0219i Canada (1969 \u2013 2023)<br \/>\nCapitolul V<br \/>\nOrganiza\u021biile penticostale rom\u00e2ne din SUA \u0219i Canada<br \/>\nRomanian Alliance Assemblies of God<br \/>\nChurch of God Romanian Territory Office<br \/>\nRomanian Pentecostal Union SUA &amp; Canada<br \/>\nCapitolul VI<br \/>\nCuriozit\u0103\u021bi&#8230;<br \/>\nPostfa\u021b\u0103: 100 de ani de penticostalism rom\u00e2nesc \u2013 pastor Florin T. C\u00eempean<\/p>\n","protected":false},"excerpt":{"rendered":"<p>100 de ani de la infiin\u021barea Primei Biserici Penticostale Rom\u00e2ne, Detroit (1923-2023) Cuprins Prefa\u021b\u0103 \u2013 pastor Gabriel Fazeca\u0219 Not\u0103 editorial\u0103 Capitolul I Detroit 2023. Centenarul Bisericii Penticostale Rom\u00e2ne din SUA \u0219i Canada (1923-2023) Centenar Detroit 2023: Event Review Centenar Detroit 2023: Galerie foto Capitolul II Bisericile penticostale rom\u00e2ne din SUA \u0219i Canada de la A [&hellip;]<\/p>\n","protected":false},"featured_media":11064,"comment_status":"open","ping_status":"closed","template":"","meta":[],"product_brand":[],"product_cat":[76,20,101],"product_tag":[],"class_list":{"0":"post-5681","1":"product","2":"type-product","3":"status-publish","4":"has-post-thumbnail","6":"product_cat-atlase","7":"product_cat-biografii-eseuri-marturii","8":"product_cat-monografii","10":"first","11":"instock","12":"shipping-taxable","13":"purchasable","14":"product-type-simple"},"_links":{"self":[{"href":"https:\/\/dev.sbro.ro\/wp-json\/wp\/v2\/product\/5681","targetHints":{"allow":["GET"]}}],"collection":[{"href":"https:\/\/dev.sbro.ro\/wp-json\/wp\/v2\/product"}],"about":[{"href":"https:\/\/dev.sbro.ro\/wp-json\/wp\/v2\/types\/product"}],"replies":[{"embeddable":true,"href":"https:\/\/dev.sbro.ro\/wp-json\/wp\/v2\/comments?post=5681"}],"wp:featuredmedia":[{"embeddable":true,"href":"https:\/\/dev.sbro.ro\/wp-json\/wp\/v2\/media\/11064"}],"wp:attachment":[{"href":"https:\/\/dev.sbro.ro\/wp-json\/wp\/v2\/media?parent=5681"}],"wp:term":[{"taxonomy":"product_brand","embeddable":true,"href":"https:\/\/dev.sbro.ro\/wp-json\/wp\/v2\/product_brand?post=5681"},{"taxonomy":"product_cat","embeddable":true,"href":"https:\/\/dev.sbro.ro\/wp-json\/wp\/v2\/product_cat?post=5681"},{"taxonomy":"product_tag","embeddable":true,"href":"https:\/\/dev.sbro.ro\/wp-json\/wp\/v2\/product_tag?post=5681"}],"curies":[{"name":"wp","href":"https:\/\/api.w.org\/{rel}","templated":true}]}}