{"id":5698,"date":"2026-04-21T09:12:35","date_gmt":"2026-04-21T09:12:35","guid":{"rendered":"https:\/\/dev.sbro.ro\/?product=ajuta-i-pe-copii-sa-invete-si-sa-iubeasca-biblia"},"modified":"2026-04-21T09:12:35","modified_gmt":"2026-04-21T09:12:35","slug":"ajuta-i-pe-copii-sa-invete-si-sa-iubeasca-biblia","status":"publish","type":"product","link":"https:\/\/dev.sbro.ro\/product\/ajuta-i-pe-copii-sa-invete-si-sa-iubeasca-biblia\/","title":{"rendered":"Ajut\u0103-i pe copii s\u0103 \u00eenve\u021be \u0219i s\u0103 iubeasc\u0103 Biblia"},"content":{"rendered":"<p>D\u0103-le cuvintele vie\u021bii!<\/p>\n<p>Ca p\u0103rin\u021bi, ne dorim din toat\u0103 inima ceea ce e mai bun pentru copii no\u0219tri. C\u0103ut\u0103m \u0219colile cele mai potrivite, ne asigur\u0103m c\u0103 m\u0103n\u00e2nc\u0103 corect, fac exerci\u021bii fizice \u0219i sunt implica\u021bi \u00een activit\u0103\u021bi extracuriculare. Ne lu\u0103m \u00een serios slujba de p\u0103rin\u021bi.<br \/>\nDar oare investim timpul \u0219i energia \u0219i ca s\u0103-i \u00eenv\u0103\u021b\u0103m Biblia? S\u0103 le d\u0103m cuvintele d\u0103t\u0103toare de via\u021b\u0103 ale Scripturii, care hr\u0103nesc sufletul, nu numai c\u0103 e un posibil de \u00eendeplinit, ci e o parte esen\u021bial\u0103 din a-i cre\u0219te pe copii pentru Isus. \u0218i vestea bun\u0103 este c\u0103 studierea Cuv\u00e2ntului lui Dumnezeu \u00eempreun\u0103 c\u0103 familie nu trebuie s\u0103 fie ceva dificil de f\u0103cut!<\/p>\n<p>Cartea aceast\u0103 \u00ee\u021bi va pune la \u00eendem\u00e2n\u0103 uneltele \u0219i \u00eencrederea de care ai nevoie pentru a studia Biblia ca familie. Te va ajut\u0103 s\u0103 identifici \u0219i s\u0103 dep\u0103\u0219e\u0219ti obiec\u021biile \u0219i temerile tale, \u00ee\u021bi va face parte de un curs intensiv despre ce este Biblia \u0219i cum s\u0103-i \u00eenve\u021bi pe copii din ea \u0219i \u00ee\u021bi va oferi \u00eendrumarea de care ai nevoie ca s\u0103 stabile\u0219ti un obicei de studiu al Biblia \u00een familie.<\/p>\n<p>C\u00e2nd vei termina cartea, vei fi \u00eencurajat s\u0103 ini\u021biezi \u0219i s\u0103 \u00eent\u0103re\u0219ti rela\u021bia copilului t\u0103u cu Domnul prin Cuv\u00e2ntul Lui.<\/p>\n","protected":false},"excerpt":{"rendered":"<p>D\u0103-le cuvintele vie\u021bii! Ca p\u0103rin\u021bi, ne dorim din toat\u0103 inima ceea ce e mai bun pentru copii no\u0219tri. C\u0103ut\u0103m \u0219colile cele mai potrivite, ne asigur\u0103m c\u0103 m\u0103n\u00e2nc\u0103 corect, fac exerci\u021bii fizice \u0219i sunt implica\u021bi \u00een activit\u0103\u021bi extracuriculare. Ne lu\u0103m \u00een serios slujba de p\u0103rin\u021bi. Dar oare investim timpul \u0219i energia \u0219i ca s\u0103-i \u00eenv\u0103\u021b\u0103m Biblia? [&hellip;]<\/p>\n","protected":false},"featured_media":11080,"comment_status":"open","ping_status":"closed","template":"","meta":[],"product_brand":[],"product_cat":[14],"product_tag":[],"class_list":{"0":"post-5698","1":"product","2":"type-product","3":"status-publish","4":"has-post-thumbnail","6":"product_cat-viata-de-familie","8":"first","9":"instock","10":"shipping-taxable","11":"purchasable","12":"product-type-simple"},"_links":{"self":[{"href":"https:\/\/dev.sbro.ro\/wp-json\/wp\/v2\/product\/5698","targetHints":{"allow":["GET"]}}],"collection":[{"href":"https:\/\/dev.sbro.ro\/wp-json\/wp\/v2\/product"}],"about":[{"href":"https:\/\/dev.sbro.ro\/wp-json\/wp\/v2\/types\/product"}],"replies":[{"embeddable":true,"href":"https:\/\/dev.sbro.ro\/wp-json\/wp\/v2\/comments?post=5698"}],"wp:featuredmedia":[{"embeddable":true,"href":"https:\/\/dev.sbro.ro\/wp-json\/wp\/v2\/media\/11080"}],"wp:attachment":[{"href":"https:\/\/dev.sbro.ro\/wp-json\/wp\/v2\/media?parent=5698"}],"wp:term":[{"taxonomy":"product_brand","embeddable":true,"href":"https:\/\/dev.sbro.ro\/wp-json\/wp\/v2\/product_brand?post=5698"},{"taxonomy":"product_cat","embeddable":true,"href":"https:\/\/dev.sbro.ro\/wp-json\/wp\/v2\/product_cat?post=5698"},{"taxonomy":"product_tag","embeddable":true,"href":"https:\/\/dev.sbro.ro\/wp-json\/wp\/v2\/product_tag?post=5698"}],"curies":[{"name":"wp","href":"https:\/\/api.w.org\/{rel}","templated":true}]}}