{"id":5702,"date":"2026-04-21T09:12:35","date_gmt":"2026-04-21T09:12:35","guid":{"rendered":"https:\/\/dev.sbro.ro\/?product=nu-incurcam-iubirile-seria-discutii-deschise-in-familie"},"modified":"2026-04-21T09:12:35","modified_gmt":"2026-04-21T09:12:35","slug":"nu-incurcam-iubirile-seria-discutii-deschise-in-familie","status":"publish","type":"product","link":"https:\/\/dev.sbro.ro\/product\/nu-incurcam-iubirile-seria-discutii-deschise-in-familie\/","title":{"rendered":"Nu \u00eencurc\u0103m iubirile &#8211; seria Discu\u021bii deschise \u00een familie"},"content":{"rendered":"<p>Hara, Thea \u0219i Anna, trei surioare curioase \u0219i iste\u021be, viseaz\u0103 cu ochii deschi\u0219i la ziua \u00een care se vor c\u0103s\u0103tori \u0219i vor \u00eembr\u0103ca rochia de mireas\u0103. Ele \u0219tiu deja c\u0103 familia \u0219i c\u0103s\u0103toria sunt un lucru bun \u0219i de dorit, un dar frumos de la Dumnezeu. <strong>Dar ce este c\u0103s\u0103toria \u0219i cine a inventat-o? Cine se poate c\u0103s\u0103tori cu cine \u0219i cu ce fel de iubire trebuie s\u0103 se iubeasc\u0103? Exist\u0103 mai multe feluri de a iubi? <\/strong>Cu r\u0103bdare \u0219i iscusin\u021b\u0103, m\u0103mica lor le vorbe\u0219te despre feluritele iubiri dintre oameni, despre diferen\u021bele dintre ele \u0219i de ce nu trebuie niciodat\u0103 s\u0103 le \u00eencurc\u0103m.<\/p>\n<p>\n<strong>   DESPRE AUTOR: <\/strong>Agnia este o m\u0103mic\u0103 preocupat\u0103 de educa\u021bia copiilor \u00eentr-o lume plin\u0103 de provoc\u0103ri \u0219i confuzie. \u00cempreun\u0103 cu so\u021bul ei, M\u0103d\u0103lin, locuiesc \u00eentr-un sat l\u00e2ng\u0103 Sibiu \u0219i au patru copii pe care \u00eei \u0219colarizeaz\u0103 acas\u0103. Pasiunea \u0219i dorin\u021ba lor cea mai mare este de a-L sluji pe Dumnezeu \u0219i \u00cemp\u0103r\u0103\u021bia Lui prin implicarea \u00een via\u021ba oamenilor din jur \u0219i ajutorarea celor ce se confrunt\u0103 cu diverse probleme, prin consiliere biblic\u0103. \u00cempreun\u0103 au fondat Asocia\u021bia Eliberat prin Adev\u0103r, prin care adreseaz\u0103 subiecte de interes actual din domeniul adic\u021biilor, educa\u021biei la domiciliu, consilierii biblice, etc.<\/p>\n<p>      <strong>Despre  ilustrator:<\/strong> Emanuela Ntamack este pasionat\u0103 de art\u0103 de c\u00e2nd era mic copil. A studiat artele plastice la Liceul de Arta \u0218tefan Luchian, Boto\u0219ani, apoi a urmat specializarea design \u00een cadrul Facult\u0103\u021bii de Arte George Enescu, Ia\u0219i. A \u00eenceput s\u0103 ilustreze, cu mult drag, c\u0103r\u021bi de copii odat\u0103 ce a devenit mam\u0103. \u00cempreun\u0103 cu so\u021bul ei Alix, au doi copiii care \u00eei sunt inspira\u021bie \u0219i \u00eencurajare \u00een crearea ilustra\u021biilor. Emanuela este profund recunosc\u0103toare lui Dumnezeu pentru darul artistic \u0219i deasemenea pentru frumuse\u021bea \u0219i diversitatea crea\u021biei Sale, care este o sursa nesf\u00e2r\u0219it\u0103 de inspira\u021bie.<\/p>\n","protected":false},"excerpt":{"rendered":"<p>Hara, Thea \u0219i Anna, trei surioare curioase \u0219i iste\u021be, viseaz\u0103 cu ochii deschi\u0219i la ziua \u00een care se vor c\u0103s\u0103tori \u0219i vor \u00eembr\u0103ca rochia de mireas\u0103. Ele \u0219tiu deja c\u0103 familia \u0219i c\u0103s\u0103toria sunt un lucru bun \u0219i de dorit, un dar frumos de la Dumnezeu. Dar ce este c\u0103s\u0103toria \u0219i cine a inventat-o? Cine [&hellip;]<\/p>\n","protected":false},"featured_media":11084,"comment_status":"open","ping_status":"closed","template":"","meta":[],"product_brand":[],"product_cat":[14],"product_tag":[],"class_list":{"0":"post-5702","1":"product","2":"type-product","3":"status-publish","4":"has-post-thumbnail","6":"product_cat-viata-de-familie","8":"first","9":"instock","10":"shipping-taxable","11":"purchasable","12":"product-type-simple"},"_links":{"self":[{"href":"https:\/\/dev.sbro.ro\/wp-json\/wp\/v2\/product\/5702","targetHints":{"allow":["GET"]}}],"collection":[{"href":"https:\/\/dev.sbro.ro\/wp-json\/wp\/v2\/product"}],"about":[{"href":"https:\/\/dev.sbro.ro\/wp-json\/wp\/v2\/types\/product"}],"replies":[{"embeddable":true,"href":"https:\/\/dev.sbro.ro\/wp-json\/wp\/v2\/comments?post=5702"}],"wp:featuredmedia":[{"embeddable":true,"href":"https:\/\/dev.sbro.ro\/wp-json\/wp\/v2\/media\/11084"}],"wp:attachment":[{"href":"https:\/\/dev.sbro.ro\/wp-json\/wp\/v2\/media?parent=5702"}],"wp:term":[{"taxonomy":"product_brand","embeddable":true,"href":"https:\/\/dev.sbro.ro\/wp-json\/wp\/v2\/product_brand?post=5702"},{"taxonomy":"product_cat","embeddable":true,"href":"https:\/\/dev.sbro.ro\/wp-json\/wp\/v2\/product_cat?post=5702"},{"taxonomy":"product_tag","embeddable":true,"href":"https:\/\/dev.sbro.ro\/wp-json\/wp\/v2\/product_tag?post=5702"}],"curies":[{"name":"wp","href":"https:\/\/api.w.org\/{rel}","templated":true}]}}