{"id":5709,"date":"2026-04-21T09:12:36","date_gmt":"2026-04-21T09:12:36","guid":{"rendered":"https:\/\/dev.sbro.ro\/?product=borcanul-iertarii-seria-borcanele-cu-rugaciuni-volumul-2"},"modified":"2026-04-21T09:12:36","modified_gmt":"2026-04-21T09:12:36","slug":"borcanul-iertarii-seria-borcanele-cu-rugaciuni-volumul-2","status":"publish","type":"product","link":"https:\/\/dev.sbro.ro\/product\/borcanul-iertarii-seria-borcanele-cu-rugaciuni-volumul-2\/","title":{"rendered":"Borcanul Iert\u0103rii (Seria Borcanele cu rug\u0103ciuni) &#8211; volumul 2"},"content":{"rendered":"<p><strong>\u201eBorcanul iert\u0103rii\u201d \u2013 Ce s-ar \u00eent\u00e2mpla dac\u0103 ai  aflat c\u0103 cineva s-a dat drept tine?<\/strong><\/p>\n<p>Sara Murray nu \u0219i-a cunoscut niciodat\u0103 bunicii din partea mamei \u0219i a fost surprins\u0103 s\u0103 afle, dup\u0103 moartea acesteia, c\u0103 ei erau amishi \u0219i tr\u0103iau \u00een Pennsylvania. C\u00e2nd reu\u0219e\u0219te \u00een sf\u00e2r\u0219it s\u0103 fac\u0103 c\u0103l\u0103toria pentru a-i \u00eent\u00e2lni, descoperirea o \u0219ocheaz\u0103: altcineva a locuit cu ei \u0219i a pretins c\u0103 este Sara. Dar cel mai greu de \u00een\u021beles pentru ea este c\u00e2t de repede bunicii s\u0103i sunt dispu\u0219i s\u0103 o ierte pe impostoare.<\/p>\n<p>Secretele \u0219i \u00een\u0219el\u0103toriile par s\u0103 o urm\u0103reasc\u0103 pe Sara, iar ea este epuizat\u0103 de toate acestea. \u00cens\u0103, \u00een cur\u00e2nd, \u00eel \u00eent\u00e2lne\u0219te pe Brad Fuller, care \u00ee\u0219i petrece Cr\u0103ciunul \u00eempreun\u0103 cu bunicii ei. \u00cei place mult de el, dar chiar \u0219i Brad pare s\u0103 se \u00eendep\u0103rteze, ascunz\u00e2nd ceva.<\/p>\n<p>Lupt\u00e2nd cu \u00eendoielile \u0219i emo\u021biile sale, Sara descoper\u0103 un borcan vechi, ascuns \u00een hambar, plin cu rug\u0103ciuni pline de \u00eencurajare. Va reu\u0219i ea s\u0103 g\u0103seasc\u0103 puterea de a ierta trecutul \u0219i de a cl\u0103di rela\u021bii noi?<\/p>\n","protected":false},"excerpt":{"rendered":"<p>\u201eBorcanul iert\u0103rii\u201d \u2013 Ce s-ar \u00eent\u00e2mpla dac\u0103 ai aflat c\u0103 cineva s-a dat drept tine? Sara Murray nu \u0219i-a cunoscut niciodat\u0103 bunicii din partea mamei \u0219i a fost surprins\u0103 s\u0103 afle, dup\u0103 moartea acesteia, c\u0103 ei erau amishi \u0219i tr\u0103iau \u00een Pennsylvania. C\u00e2nd reu\u0219e\u0219te \u00een sf\u00e2r\u0219it s\u0103 fac\u0103 c\u0103l\u0103toria pentru a-i \u00eent\u00e2lni, descoperirea o \u0219ocheaz\u0103: [&hellip;]<\/p>\n","protected":false},"featured_media":11090,"comment_status":"open","ping_status":"closed","template":"","meta":[],"product_brand":[],"product_cat":[31],"product_tag":[],"class_list":{"0":"post-5709","1":"product","2":"type-product","3":"status-publish","4":"has-post-thumbnail","6":"product_cat-romane","8":"first","9":"instock","10":"shipping-taxable","11":"purchasable","12":"product-type-simple"},"_links":{"self":[{"href":"https:\/\/dev.sbro.ro\/wp-json\/wp\/v2\/product\/5709","targetHints":{"allow":["GET"]}}],"collection":[{"href":"https:\/\/dev.sbro.ro\/wp-json\/wp\/v2\/product"}],"about":[{"href":"https:\/\/dev.sbro.ro\/wp-json\/wp\/v2\/types\/product"}],"replies":[{"embeddable":true,"href":"https:\/\/dev.sbro.ro\/wp-json\/wp\/v2\/comments?post=5709"}],"wp:featuredmedia":[{"embeddable":true,"href":"https:\/\/dev.sbro.ro\/wp-json\/wp\/v2\/media\/11090"}],"wp:attachment":[{"href":"https:\/\/dev.sbro.ro\/wp-json\/wp\/v2\/media?parent=5709"}],"wp:term":[{"taxonomy":"product_brand","embeddable":true,"href":"https:\/\/dev.sbro.ro\/wp-json\/wp\/v2\/product_brand?post=5709"},{"taxonomy":"product_cat","embeddable":true,"href":"https:\/\/dev.sbro.ro\/wp-json\/wp\/v2\/product_cat?post=5709"},{"taxonomy":"product_tag","embeddable":true,"href":"https:\/\/dev.sbro.ro\/wp-json\/wp\/v2\/product_tag?post=5709"}],"curies":[{"name":"wp","href":"https:\/\/api.w.org\/{rel}","templated":true}]}}