{"id":5710,"date":"2026-04-21T09:12:36","date_gmt":"2026-04-21T09:12:36","guid":{"rendered":"https:\/\/dev.sbro.ro\/?product=estera-frumusete-regala-seria-frumusete-primejdioasa-volumul-1"},"modified":"2026-04-21T09:12:36","modified_gmt":"2026-04-21T09:12:36","slug":"estera-frumusete-regala-seria-frumusete-primejdioasa-volumul-1","status":"publish","type":"product","link":"https:\/\/dev.sbro.ro\/product\/estera-frumusete-regala-seria-frumusete-primejdioasa-volumul-1\/","title":{"rendered":"Estera &#8211; frumuse\u021be regal\u0103 (Seria Frumuse\u021be primejdioas\u0103) &#8211; volumul 1"},"content":{"rendered":"<p><strong>Estera: Frumuse\u021be regal\u0103<\/strong> este un roman cre\u0219tin captivant din Seria Frumuse\u021be Primejdioas\u0103, scris de cunoscuta autoare de romane biblice, Angela Hunt. Inspirat din povestea biblic\u0103 a reginei Estera, romanul urm\u0103re\u0219te destinul unei tinere evreice care, datorit\u0103 frumuse\u021bii sale remarcabile, ajunge regin\u0103 \u00een Persia. \u00cens\u0103, c\u00e2nd poporul s\u0103u este amenin\u021bat cu exterminarea, Estera trebuie s\u0103 \u00ee\u0219i asume un rol periculos, risc\u00e2ndu-\u0219i via\u021ba pentru a salva evreii. Estera: Frumuse\u021be regal\u0103 \u00eembin\u0103 istoria, credin\u021ba \u0219i curajul \u00eentr-o poveste emo\u021bionant\u0103 despre providen\u021ba lui Dumnezeu \u0219i puterea unei femei de a schimba cursul istoriei.<\/p>\n<p>O poveste biblic\u0103 adus\u0103 la via\u021b\u0103! Dup\u0103 ce este luat\u0103 cu for\u021ba \u0219i dus\u0103 la palatul regelui, o t\u00e2n\u0103r\u0103 evreic\u0103 de o frumuse\u021be remarcabil\u0103, cunoscut\u0103 de per\u0219i sub numele de Estera, c\u00e2\u0219tig\u0103 coroana de regin\u0103 \u0219i trebuie apoi s\u0103 ri\u0219te totul pentru a-\u0219i salva poporul\u2026 \u0219i pentru a c\u00e2\u0219tiga inima so\u021bului ei.<\/p>\n<p>Un tiran ambi\u021bios amenin\u021b\u0103 cu genocidul \u00eempotriva evreilor din Persia antic\u0103, a\u0219a c\u0103 o t\u00e2n\u0103r\u0103 regin\u0103, frumoas\u0103, dar lipsit\u0103 de experien\u021b\u0103, trebuie s\u0103 ia atitudine pentru poporul ei.<\/p>\n<p>C\u00e2nd Xerxes, regele Persiei, cheam\u0103 la palat cele mai frumoase tinere, Hadassa, o orfan\u0103 evreic\u0103 ce tr\u0103ie\u0219te \u00een Susa, este luat\u0103 cu for\u021ba \u00een casa conduc\u0103torului p\u0103g\u00e2n. Dup\u0103 luni de preg\u0103tire, fata, cunoscut\u0103 de per\u0219i ca Estera, cucere\u0219te inima regelui \u0219i prime\u0219te coroana de regin\u0103. \u00cens\u0103, deoarece situa\u021bia ei este nesigur\u0103, \u00ee\u0219i p\u0103streaz\u0103 identitatea etnic\u0103 secret\u0103 p\u00e2n\u0103 c\u00e2nd afl\u0103 c\u0103 un om malefic \u0219i ambi\u021bios a ob\u021binut permisiunea regelui de a extermina to\u021bi evreii \u2013 tineri \u0219i b\u0103tr\u00e2ni, puternici \u0219i neajutora\u021bi. \u00cenc\u0103lc\u00e2nd \u00een mod deliberat o lege str\u0103veche a Persiei, ea \u00ee\u0219i risc\u0103 via\u021ba pentru a-\u0219i salva poporul\u2026 \u0219i pentru a lega inima so\u021bului ei.<\/p>\n<p>Estera marcheaz\u0103 revenirea autoarei de bestselleruri Angela Hunt la fic\u021biunea biblic\u0103. \u00cen fiecare roman, ea exploreaz\u0103 exemplul unei femei \u201etob\u201d (frumoas\u0103, pl\u0103cut\u0103) din Vechiul Testament ebraic: o femeie a c\u0103rei frumuse\u021be fizic\u0103 influen\u021beaz\u0103 cei din jurul ei \u2013 \u0219i poate schimba cursul istoriei.<\/p>\n","protected":false},"excerpt":{"rendered":"<p>Estera: Frumuse\u021be regal\u0103 este un roman cre\u0219tin captivant din Seria Frumuse\u021be Primejdioas\u0103, scris de cunoscuta autoare de romane biblice, Angela Hunt. Inspirat din povestea biblic\u0103 a reginei Estera, romanul urm\u0103re\u0219te destinul unei tinere evreice care, datorit\u0103 frumuse\u021bii sale remarcabile, ajunge regin\u0103 \u00een Persia. \u00cens\u0103, c\u00e2nd poporul s\u0103u este amenin\u021bat cu exterminarea, Estera trebuie s\u0103 \u00ee\u0219i [&hellip;]<\/p>\n","protected":false},"featured_media":11091,"comment_status":"open","ping_status":"closed","template":"","meta":[],"product_brand":[],"product_cat":[31],"product_tag":[],"class_list":{"0":"post-5710","1":"product","2":"type-product","3":"status-publish","4":"has-post-thumbnail","6":"product_cat-romane","8":"first","9":"instock","10":"shipping-taxable","11":"purchasable","12":"product-type-simple"},"_links":{"self":[{"href":"https:\/\/dev.sbro.ro\/wp-json\/wp\/v2\/product\/5710","targetHints":{"allow":["GET"]}}],"collection":[{"href":"https:\/\/dev.sbro.ro\/wp-json\/wp\/v2\/product"}],"about":[{"href":"https:\/\/dev.sbro.ro\/wp-json\/wp\/v2\/types\/product"}],"replies":[{"embeddable":true,"href":"https:\/\/dev.sbro.ro\/wp-json\/wp\/v2\/comments?post=5710"}],"wp:featuredmedia":[{"embeddable":true,"href":"https:\/\/dev.sbro.ro\/wp-json\/wp\/v2\/media\/11091"}],"wp:attachment":[{"href":"https:\/\/dev.sbro.ro\/wp-json\/wp\/v2\/media?parent=5710"}],"wp:term":[{"taxonomy":"product_brand","embeddable":true,"href":"https:\/\/dev.sbro.ro\/wp-json\/wp\/v2\/product_brand?post=5710"},{"taxonomy":"product_cat","embeddable":true,"href":"https:\/\/dev.sbro.ro\/wp-json\/wp\/v2\/product_cat?post=5710"},{"taxonomy":"product_tag","embeddable":true,"href":"https:\/\/dev.sbro.ro\/wp-json\/wp\/v2\/product_tag?post=5710"}],"curies":[{"name":"wp","href":"https:\/\/api.w.org\/{rel}","templated":true}]}}