{"id":5711,"date":"2026-04-21T09:12:36","date_gmt":"2026-04-21T09:12:36","guid":{"rendered":"https:\/\/dev.sbro.ro\/?product=batseba-frumusete-sovaielnica-seria-frumusete-primejdioasa-volumul-2"},"modified":"2026-04-21T09:12:36","modified_gmt":"2026-04-21T09:12:36","slug":"batseba-frumusete-sovaielnica-seria-frumusete-primejdioasa-volumul-2","status":"publish","type":"product","link":"https:\/\/dev.sbro.ro\/product\/batseba-frumusete-sovaielnica-seria-frumusete-primejdioasa-volumul-2\/","title":{"rendered":"Bat\u0219eba &#8211; frumuse\u021be \u0219ov\u0103ielnic\u0103 (Seria Frumuse\u021be primejdioas\u0103) &#8211; volumul 2"},"content":{"rendered":"<p><strong>Anul 996 \u00ee.Hr., Ierusalim:<\/strong> Bat\u0219eba este considerat\u0103 o femeie tob, un termen ebraic care desemneaz\u0103 o femeie de o frumuse\u021be \u0219i un farmec senzual aparte, extrem de dorit\u0103. C\u00e2nd era doar un copil, Bat\u0219eba a fost prezentat\u0103 profetului Samuel, care a profe\u021bit c\u0103 ea va deveni mama unui mare b\u0103rbat, important pentru Israel.<\/p>\n<p>Ajuns\u0103 la v\u00e2rsta maturit\u0103\u021bii, Bat\u0219eba se c\u0103s\u0103tore\u0219te fericit\u0103 cu Urie, un soldat hitit din armata regelui David. \u00cens\u0103 frumuse\u021bea ei atrage dezastrul: regele David o z\u0103re\u0219te \u00een timp ce se \u00eemb\u0103iaz\u0103 \u0219i, cople\u0219it de dorin\u021b\u0103, o ia cu for\u021ba. \u00cen cele din urm\u0103, David ordon\u0103 uciderea lui Urie \u0219i o ia pe Bat\u0219eba \u00een haremul s\u0103u.<\/p>\n<p>Aceasta este o relatare plin\u0103 de respect a pove\u0219tii biblice a lui David \u0219i Bat\u0219eba, precum \u0219i a domniei regelui David. Partea care descrie via\u021ba timpurie a Bat\u0219ebei este captivant\u0103, iar reac\u021biile ei la situa\u021biile prin care trece sunt realiste \u0219i profund emo\u021bionante. Totu\u0219i, pe m\u0103sur\u0103 ce povestea avanseaz\u0103, intensitatea emo\u021bional\u0103 pare s\u0103 scad\u0103, conflictele interioare ale Bat\u0219ebei fiind l\u0103sate \u00een umbr\u0103 \u00een timp ce nara\u021biunea se concentreaz\u0103 mai mult pe domnia lui David \u0219i ascensiunea lui Solomon la tron.<\/p>\n<p><strong>Angela Hunt<\/strong> a realizat o cercetare minu\u021bioas\u0103, oferind o list\u0103 detaliat\u0103 de referin\u021be. Portretele lui David \u0219i ale frumoasei Bat\u0219eba sunt conturate \u00eentr-un mod profund uman, iar iubitorii de fic\u021biune inspira\u021bional\u0103 vor aprecia cu siguran\u021b\u0103 aceast\u0103 reinterpretare a pove\u0219tii lor biblice.<\/p>\n<p>Angela Hunt, c\u00e2\u0219tig\u0103toare a premiului Christy, scrie pentru cititori care au \u00eenv\u0103\u021bat s\u0103 se a\u0219tepte la nea\u0219teptat \u00een romanele acestei autoare versatile. Cu peste cinci milioane de exemplare ale c\u0103r\u021bilor sale v\u00e2ndute la nivel mondial, este autoarea de bestselleruri a peste 150 de lucr\u0103ri, de la c\u0103r\u021bi ilustrate (Povestea celor trei copaci) p\u00e2n\u0103 la romane.<\/p>\n<p>Angela recunoa\u0219te c\u0103 este fascinat\u0103 de animale, medicin\u0103, psihologie, fenomene inexplicabile \u0219i \u201eaproape orice\u201d, cu excep\u021bia sporturilor. C\u0103r\u021bile, spune ea, i-au influen\u021bat mereu via\u021ba\u2014\u00een clasa a cincea a \u00eenv\u0103\u021bat cum s\u0103 flirteze citind Pe aripile v\u00e2ntului.<\/p>\n<p>C\u0103r\u021bile sale au c\u00e2\u0219tigat prestigiosul premiu Christy, mai multe premii Angel pentru excelen\u021b\u0103 \u00een media, precum \u0219i medaliile de aur \u0219i argint la Foreword Magazine\u2019s Book of the Year Award. \u00cen 2007, romanul s\u0103u The Note a fost transpus \u00eentr-un film de Cr\u0103ciun difuzat pe canalul Hallmark. \u00cen 2006, Romantic Times Book Club i-a acordat Premiul pentru \u00eentreaga activitate.\n <\/p>\n","protected":false},"excerpt":{"rendered":"<p>Anul 996 \u00ee.Hr., Ierusalim: Bat\u0219eba este considerat\u0103 o femeie tob, un termen ebraic care desemneaz\u0103 o femeie de o frumuse\u021be \u0219i un farmec senzual aparte, extrem de dorit\u0103. C\u00e2nd era doar un copil, Bat\u0219eba a fost prezentat\u0103 profetului Samuel, care a profe\u021bit c\u0103 ea va deveni mama unui mare b\u0103rbat, important pentru Israel. Ajuns\u0103 la [&hellip;]<\/p>\n","protected":false},"featured_media":11092,"comment_status":"open","ping_status":"closed","template":"","meta":[],"product_brand":[],"product_cat":[31],"product_tag":[],"class_list":{"0":"post-5711","1":"product","2":"type-product","3":"status-publish","4":"has-post-thumbnail","6":"product_cat-romane","8":"first","9":"instock","10":"shipping-taxable","11":"purchasable","12":"product-type-simple"},"_links":{"self":[{"href":"https:\/\/dev.sbro.ro\/wp-json\/wp\/v2\/product\/5711","targetHints":{"allow":["GET"]}}],"collection":[{"href":"https:\/\/dev.sbro.ro\/wp-json\/wp\/v2\/product"}],"about":[{"href":"https:\/\/dev.sbro.ro\/wp-json\/wp\/v2\/types\/product"}],"replies":[{"embeddable":true,"href":"https:\/\/dev.sbro.ro\/wp-json\/wp\/v2\/comments?post=5711"}],"wp:featuredmedia":[{"embeddable":true,"href":"https:\/\/dev.sbro.ro\/wp-json\/wp\/v2\/media\/11092"}],"wp:attachment":[{"href":"https:\/\/dev.sbro.ro\/wp-json\/wp\/v2\/media?parent=5711"}],"wp:term":[{"taxonomy":"product_brand","embeddable":true,"href":"https:\/\/dev.sbro.ro\/wp-json\/wp\/v2\/product_brand?post=5711"},{"taxonomy":"product_cat","embeddable":true,"href":"https:\/\/dev.sbro.ro\/wp-json\/wp\/v2\/product_cat?post=5711"},{"taxonomy":"product_tag","embeddable":true,"href":"https:\/\/dev.sbro.ro\/wp-json\/wp\/v2\/product_tag?post=5711"}],"curies":[{"name":"wp","href":"https:\/\/api.w.org\/{rel}","templated":true}]}}