{"id":5730,"date":"2026-04-21T09:12:39","date_gmt":"2026-04-21T09:12:39","guid":{"rendered":"https:\/\/dev.sbro.ro\/?product=indurari-zilnice-devotional-biblic"},"modified":"2026-04-21T09:12:39","modified_gmt":"2026-04-21T09:12:39","slug":"indurari-zilnice-devotional-biblic","status":"publish","type":"product","link":"https:\/\/dev.sbro.ro\/?product=indurari-zilnice-devotional-biblic","title":{"rendered":"\u00cendur\u0103ri zilnice: Devo\u021bional biblic"},"content":{"rendered":"<p><strong>Evanghelia este sursa celei mai puternice \u00eencuraj\u0103ri.<\/strong><br \/>\n<strong>365 de devo\u021biuni, un drum zilnic printre \u00eendur\u0103rile n\u0103d\u0103jduite<\/strong><\/p>\n<p><strong>Cartea este format mare (B5), are toate marginile imprimate, folio auriu \u0219i l\u0103cuire selectiv\u0103 3D. Toate aceste detalii o fac s\u0103 fie un cadou valoros, ales.<\/strong><\/p>\n<p>Acest volum,<em> \u00ce<strong>ndur\u0103rile zilnice \u2013 un devo\u021bional biblic<\/strong>, <\/em>nu \u00ee\u0219i propune s\u0103 fie \u00eenc\u0103 unul din cele care \u0219i-au propus s\u0103 asiste oamenii \u00een procesul, oricum dureros \u0219i spinos, al schimb\u0103rii comportamentului. \u021ainta pe care autorul, Paul David Tripp, a urm\u0103rit-o a fost, mai degrab\u0103, s\u0103-i conduc\u0103 pe cititori \u00een prezen\u021ba Dumnezeului viu, Singurul care ne poate schimba. Tocmai de aceea, cartea dore\u0219te s\u0103-i echipeze pe cititori cu o mai profund\u0103 cunoa\u0219tere a Ve\u0219tii Bune, s\u0103 \u00eei ajute s\u0103 se \u00eencread\u0103 mai mult \u00een bun\u0103tatea lui Dumnezeu, s\u0103 se bazeze pe harul S\u0103u bogat \u0219i s\u0103 tr\u0103iasc\u0103, zi de zi, pentru gloria Lui.<\/p>\n<p>\n<strong><em>Aceste lecturi devo\u021bionale v\u0103 vor \u00eent\u0103ri, v\u0103 vor da hran\u0103, v\u0103 vor umple inimile \u0219i v\u0103 vor deschide ochii pentru a vedea \u00eendur\u0103rile Domnului care se \u00eennoiesc \u00een zorile fiec\u0103rei zile. &#8212; <\/em><\/strong><strong><em>Nancy Leigh DeMoss<\/em><\/strong><\/p>\n<p><em><strong>Paul Tripp \u00eembin\u0103 excelent \u00een\u021belepciunea pe care a dob\u00e2ndit-o de-a lungul anilor de consiliere, cu perspectiva biblic\u0103 a m\u00e2ntuirii \u0219i cu \u00een\u021belegerea sa profund\u0103 a lui Hristos ca \u00eenlocuitor al nostru, pentru a realiza o serie de devo\u021bionale zilnice care \u00eenfl\u0103c\u0103reaz\u0103 inima r\u0103nit\u0103 \u0219i o \u00eencearc\u0103 pe cea mul\u021bumit\u0103. Vei descoperi c\u0103 aceast\u0103 carte este ad\u00e2nc \u00eenr\u0103d\u0103cinat\u0103 \u00een adev\u0103rurile Scripturii \u0219i, totodat\u0103, u\u0219or de citit. &#8212; <\/strong><\/em><strong><em>Elyse M. Fitzpatrick<\/em><\/strong><\/p>\n<p>\n<strong><em>Unul dintre adev\u0103rurile extraordinare ale vie\u021bii cre\u0219tine este c\u0103, \u00eentr-o lume \u00een care totul se afl\u0103 \u00eentr-o stare de degradare, \u00eendur\u0103rile lui Dumnezeu nu se \u00eenvechesc. Ele nu se sf\u00e2r\u0219esc niciodat\u0103, nu apar la momentul nepotrivit, nu seac\u0103 nicic\u00e2nd \u0219i nu-\u0219i pierd din putere. \u00centotdeauna vin \u00eent\u00e2mpinarea nevoilor, nu dezam\u0103gesc niciodat\u0103 \u0219i nu dau gre\u0219, pentru c\u0103 se \u00eennoiesc \u00een fiecare diminea\u021b\u0103. \u00cendur\u0103rile Domnului sunt potrivite pentru provoc\u0103rile, dezam\u0103girile, suferin\u021bele, luptele cu p\u0103catul interior \u0219i exterior.<\/em> &#8212; Paul David Tripp<\/strong><\/p>\n<p>\n<strong>????<\/strong><strong> Ce vei g\u0103si \u00een aceast\u0103 carte? <\/strong><br \/>\n???? <strong>365 de devo\u021bionale zilnice<\/strong>, fiecare \u00eencep\u00e2nd cu un g\u00e2nd puternic, urmat de o explica\u021bie aplicabil\u0103 vie\u021bii de zi cu zi \u0219i de un pasaj biblic care sus\u021bine mesajul zilei.<br \/>\n???? <strong>Un limbaj clar, profund \u0219i provocator<\/strong>, care te va ajuta s\u0103 \u00ee\u021bi pui \u00eentreb\u0103ri sincere despre propria credin\u021b\u0103 \u0219i rela\u021bia ta cu Dumnezeu.<br \/>\n???? <strong>O invita\u021bie la schimbare real\u0103.<\/strong>  Aceast\u0103 carte nu este doar pentru a fi citit\u0103, ci pentru a fi tr\u0103it\u0103.<\/p>\n<hr align=\"center\" size=\"0\" width=\"100%\" \/>\n<p>\n<strong>????<\/strong><strong> Pentru cine este aceast\u0103 carte? <\/strong><br \/>\n\u2714\ufe0f <strong>Pentru cei care simt c\u0103 au nevoie de o conexiune mai profund\u0103 cu Dumnezeu. <\/strong> Dac\u0103 ai zile \u00een care sim\u021bi c\u0103 doar \u201ebifezi\u201d cre\u0219tinismul, f\u0103r\u0103 s\u0103 experimentezi cu adev\u0103rat prezen\u021ba lui Dumnezeu, acest devo\u021bional este pentru tine.<br \/>\n\u2714\ufe0f <strong>Pentru cei care trec prin momente dificile. <\/strong>Dac\u0103 e\u0219ti obosit, descurajat sau ai impresia c\u0103 Dumnezeu este departe, aceast\u0103 carte \u00ee\u021bi va reaminti c\u0103 harul Lui este suficient.<br \/>\n\u2714\ufe0f <strong>Pentru cei care vor s\u0103 \u00ee\u0219i \u00eenceap\u0103 ziua cu o perspectiv\u0103 corect\u0103.<\/strong>  \u00cen loc s\u0103 te la\u0219i cople\u0219it de stres \u0219i griji, \u00eencepe-\u021bi diminea\u021ba cu adev\u0103ruri care \u00ee\u021bi vor da putere \u0219i \u00eencredere.<br \/>\n\u2714\ufe0f <strong>Pentru lideri spirituali, pastori \u0219i slujitori.<\/strong> <strong> <\/strong>Dac\u0103 e\u0219ti implicat \u00een lucrare, aceast\u0103 carte te va ajuta s\u0103 \u00ee\u021bi p\u0103strezi sufletul hr\u0103nit \u0219i s\u0103 transmi\u021bi mai departe mesajul Evangheliei cu pasiune \u0219i claritate.<br \/>\n\u2714\ufe0f <strong>Pentru oricine vrea s\u0103 creasc\u0103 \u00een credin\u021b\u0103.<\/strong> Nu conteaz\u0103 dac\u0103 e\u0219ti un cre\u0219tin matur sau la \u00eenceput de drum \u2013 harul lui Dumnezeu este pentru to\u021bi, iar aceast\u0103 carte te va ajuta s\u0103 \u00eel descoperi mai profund.<\/p>\n<p><em><strong>Paul David Tripp<\/strong><\/em> este pastor, autor \u0219i vorbitor interna\u021bional. De-a lungul vie\u021bii sale, Paul a plantat o biseric\u0103, a scris c\u00e2ntece de \u00eenchinare \u0219i peste 30 de c\u0103r\u021bi, multe dintre ele premiate. A fost mul\u021bi ani membru al funda\u021biei Christian Counseling and Educational Foundation (CCEF), a predat consiliere biblic\u0103 la Westminster Theological Seminary, a fost profesor invitat la Southern Baptist Theological Seminary \u0219i pastor al bisericii Tenth Presbyterian Church. Este c\u0103s\u0103torit cu Luella \u0219i au patru copii adul\u021bi.<\/p>\n","protected":false},"excerpt":{"rendered":"<p>Evanghelia este sursa celei mai puternice \u00eencuraj\u0103ri. 365 de devo\u021biuni, un drum zilnic printre \u00eendur\u0103rile n\u0103d\u0103jduite Cartea este format mare (B5), are toate marginile imprimate, folio auriu \u0219i l\u0103cuire selectiv\u0103 3D. Toate aceste detalii o fac s\u0103 fie un cadou valoros, ales. Acest volum, \u00cendur\u0103rile zilnice \u2013 un devo\u021bional biblic, nu \u00ee\u0219i propune s\u0103 fie [&hellip;]<\/p>\n","protected":false},"featured_media":11110,"comment_status":"open","ping_status":"closed","template":"","meta":[],"product_brand":[],"product_cat":[92],"product_tag":[],"class_list":{"0":"post-5730","1":"product","2":"type-product","3":"status-publish","4":"has-post-thumbnail","6":"product_cat-devotionale-si-meditatii-zilnice","8":"first","9":"instock","10":"shipping-taxable","11":"purchasable","12":"product-type-simple"},"_links":{"self":[{"href":"https:\/\/dev.sbro.ro\/index.php?rest_route=\/wp\/v2\/product\/5730","targetHints":{"allow":["GET"]}}],"collection":[{"href":"https:\/\/dev.sbro.ro\/index.php?rest_route=\/wp\/v2\/product"}],"about":[{"href":"https:\/\/dev.sbro.ro\/index.php?rest_route=\/wp\/v2\/types\/product"}],"replies":[{"embeddable":true,"href":"https:\/\/dev.sbro.ro\/index.php?rest_route=%2Fwp%2Fv2%2Fcomments&post=5730"}],"wp:featuredmedia":[{"embeddable":true,"href":"https:\/\/dev.sbro.ro\/index.php?rest_route=\/wp\/v2\/media\/11110"}],"wp:attachment":[{"href":"https:\/\/dev.sbro.ro\/index.php?rest_route=%2Fwp%2Fv2%2Fmedia&parent=5730"}],"wp:term":[{"taxonomy":"product_brand","embeddable":true,"href":"https:\/\/dev.sbro.ro\/index.php?rest_route=%2Fwp%2Fv2%2Fproduct_brand&post=5730"},{"taxonomy":"product_cat","embeddable":true,"href":"https:\/\/dev.sbro.ro\/index.php?rest_route=%2Fwp%2Fv2%2Fproduct_cat&post=5730"},{"taxonomy":"product_tag","embeddable":true,"href":"https:\/\/dev.sbro.ro\/index.php?rest_route=%2Fwp%2Fv2%2Fproduct_tag&post=5730"}],"curies":[{"name":"wp","href":"https:\/\/api.w.org\/{rel}","templated":true}]}}