{"id":5755,"date":"2026-04-21T09:12:42","date_gmt":"2026-04-21T09:12:42","guid":{"rendered":"https:\/\/dev.sbro.ro\/?product=biruitor-intr-o-lume-de-infranti"},"modified":"2026-04-21T09:12:42","modified_gmt":"2026-04-21T09:12:42","slug":"biruitor-intr-o-lume-de-infranti","status":"publish","type":"product","link":"https:\/\/dev.sbro.ro\/product\/biruitor-intr-o-lume-de-infranti\/","title":{"rendered":"Biruitor \u00eentr-o lume de \u00eenfr\u00e2nti"},"content":{"rendered":"<p>Pastorul Darius Zaharia nu scrie de pe margine. Scrie ca unul care a tr\u0103it ceea ce scrie, care a \u00een\u021beles c\u0103 victoria nu vine prin perfec\u021biune, ci prin dependen\u021b\u0103 total\u0103 de Dumnezeu. Vei descoperi \u00een paginile acestei c\u0103r\u021bi cuvinte care vorbesc direct inimii tale, f\u0103r\u0103 masc\u0103 \u0219i f\u0103r\u0103 teorie steril\u0103. Vei g\u0103si exemple reale, adev\u0103ruri biblice \u0219i pa\u0219i concre\u021bi care te pot conduce pe calea biruin\u021bei \u2014 o cale luminat\u0103 de Cristos, \u00een mijlocul unei lumi \u00eentunecate.<br \/>\nExist\u0103 o biruin\u021b\u0103 care nu se m\u0103soar\u0103 \u00een succese vizibile, ci \u00een pacea inimii, \u00een t\u0103ria de a merge mai departe, \u00een puterea de a iubi \u0219i ierta, \u00een statornicia unei vie\u021bi tr\u0103ite \u00een adev\u0103r. Aceasta este biruin\u021ba pe care Cristos o ofer\u0103 \u2014 nu ca o teorie, ci ca o via\u021b\u0103 tr\u0103it\u0103 \u00een El.<br \/>\nAceast\u0103 carte e o invita\u021bie. La curaj. La credin\u021b\u0103. La o via\u021b\u0103 nou\u0103. E pentru cei care s-au s\u0103turat s\u0103 tr\u0103iasc\u0103 \u00eenfr\u00e2n\u021bi \u0219i care vor s\u0103 cunoasc\u0103 ce \u00eenseamn\u0103, cu adev\u0103rat, s\u0103 fii biruitor. Este pentru cei care \u00ee\u0219i doresc nu doar s\u0103 cread\u0103, ci s\u0103 umble \u00een fiecare zi cu Dumnezeu \u2014 \u00eencrez\u0103tori nu \u00een ei \u00een\u0219i\u0219i, ci \u00een El, singura surs\u0103 de putere adev\u0103rat\u0103.<br \/>\n\u00centr-o lume fr\u00e2nt\u0103, suntem chema\u021bi s\u0103 fim altfel. S\u0103 fim biruitori. Nu prin ceea ce suntem noi, ci prin cine este El.<\/p>\n<p>Pastor Ioan Filip<br \/>\nPre\u0219edintele Cultului Cre\u0219tin Penticostal din Rom\u00e2nia<\/p>\n<p>\nDARIUS ZAHARIA. S-a n\u0103scut \u00een 15 martie 1979 la Oradea. Este c\u0103s\u0103torit \u0219i tat\u0103l a cinci copii minuna\u021bi. A absolvit FIRE School of Ministry din Chicago. Este fondator \u0219i promotor al mai multor proiecte biserice\u0219ti din jude\u021bul Mehedin\u021bi.<br \/>\n\u00cen prezent p\u0103store\u0219te Biserica Cre\u0219tin\u0103 Penticostal\u0103 \u201eTabor\u201d din Or\u0219ova, unde predic\u0103 Evanghelia Domnului Isus cu pasiune \u0219i se dedic\u0103 lucr\u0103rii de ucenicizare \u0219i exorcizare.<\/p>\n","protected":false},"excerpt":{"rendered":"<p>Pastorul Darius Zaharia nu scrie de pe margine. Scrie ca unul care a tr\u0103it ceea ce scrie, care a \u00een\u021beles c\u0103 victoria nu vine prin perfec\u021biune, ci prin dependen\u021b\u0103 total\u0103 de Dumnezeu. Vei descoperi \u00een paginile acestei c\u0103r\u021bi cuvinte care vorbesc direct inimii tale, f\u0103r\u0103 masc\u0103 \u0219i f\u0103r\u0103 teorie steril\u0103. Vei g\u0103si exemple reale, adev\u0103ruri [&hellip;]<\/p>\n","protected":false},"featured_media":11135,"comment_status":"open","ping_status":"closed","template":"","meta":[],"product_brand":[],"product_cat":[10,18],"product_tag":[],"class_list":{"0":"post-5755","1":"product","2":"type-product","3":"status-publish","4":"has-post-thumbnail","6":"product_cat-editura-metanoia","7":"product_cat-viata-crestina","9":"first","10":"instock","11":"shipping-taxable","12":"purchasable","13":"product-type-simple"},"_links":{"self":[{"href":"https:\/\/dev.sbro.ro\/wp-json\/wp\/v2\/product\/5755","targetHints":{"allow":["GET"]}}],"collection":[{"href":"https:\/\/dev.sbro.ro\/wp-json\/wp\/v2\/product"}],"about":[{"href":"https:\/\/dev.sbro.ro\/wp-json\/wp\/v2\/types\/product"}],"replies":[{"embeddable":true,"href":"https:\/\/dev.sbro.ro\/wp-json\/wp\/v2\/comments?post=5755"}],"wp:featuredmedia":[{"embeddable":true,"href":"https:\/\/dev.sbro.ro\/wp-json\/wp\/v2\/media\/11135"}],"wp:attachment":[{"href":"https:\/\/dev.sbro.ro\/wp-json\/wp\/v2\/media?parent=5755"}],"wp:term":[{"taxonomy":"product_brand","embeddable":true,"href":"https:\/\/dev.sbro.ro\/wp-json\/wp\/v2\/product_brand?post=5755"},{"taxonomy":"product_cat","embeddable":true,"href":"https:\/\/dev.sbro.ro\/wp-json\/wp\/v2\/product_cat?post=5755"},{"taxonomy":"product_tag","embeddable":true,"href":"https:\/\/dev.sbro.ro\/wp-json\/wp\/v2\/product_tag?post=5755"}],"curies":[{"name":"wp","href":"https:\/\/api.w.org\/{rel}","templated":true}]}}