{"id":5763,"date":"2026-04-21T09:12:43","date_gmt":"2026-04-21T09:12:43","guid":{"rendered":"https:\/\/dev.sbro.ro\/?product=poezii-crestine-volumul-1"},"modified":"2026-04-21T09:12:43","modified_gmt":"2026-04-21T09:12:43","slug":"poezii-crestine-volumul-1","status":"publish","type":"product","link":"https:\/\/dev.sbro.ro\/product\/poezii-crestine-volumul-1\/","title":{"rendered":"Poezii cre\u0219tine &#8211; volumul 1"},"content":{"rendered":"<p>\u00cen versuri simple, dar pline de har, aceast\u0103 carte adun\u0103 m\u0103rturisiri ale sufletului care a fost atins de dragostea lui Hristos. Fiecare poezie este o rug\u0103ciune, o lacrim\u0103, o c\u00e2ntare \u2013 un ecou din inima celui care \u00cel iube\u0219te pe Domnul.<\/p>\n<p>Temele sunt multe: crucea, harul, suferin\u021ba, biruin\u021ba, cerul, n\u0103dejdea, dar toate converg spre o singur\u0103 Persoan\u0103 \u2013 Isus Hristos, M\u00e2ntuitorul.<\/p>\n<p>Aceast\u0103 colec\u021bie este mai mult dec\u00e2t o carte: este un altar de cuvinte \u00eenchinate Cerului, o adiere de m\u00e2ng\u00e2iere pentru cel \u00eentristat, un strig\u0103t de slav\u0103 pentru cel izb\u0103vit.<\/p>\n<p>Cite\u0219te, mediteaz\u0103 \u0219i las\u0103-L pe Dumnezeu s\u0103-\u021bi vorbeasc\u0103 prin poezie.<\/p>\n<p>\u201eC\u0103ci bun\u0103tatea Ta pre\u021buie\u0219te mai mult dec\u00e2t via\u021ba; de aceea buzele mele c\u00e2nt\u0103 laudele Tale.\u201d   Psalmul 63:3<\/p>\n","protected":false},"excerpt":{"rendered":"<p>\u00cen versuri simple, dar pline de har, aceast\u0103 carte adun\u0103 m\u0103rturisiri ale sufletului care a fost atins de dragostea lui Hristos. Fiecare poezie este o rug\u0103ciune, o lacrim\u0103, o c\u00e2ntare \u2013 un ecou din inima celui care \u00cel iube\u0219te pe Domnul. Temele sunt multe: crucea, harul, suferin\u021ba, biruin\u021ba, cerul, n\u0103dejdea, dar toate converg spre o [&hellip;]<\/p>\n","protected":false},"featured_media":11142,"comment_status":"open","ping_status":"closed","template":"","meta":[],"product_brand":[],"product_cat":[62,39],"product_tag":[],"class_list":{"0":"post-5763","1":"product","2":"type-product","3":"status-publish","4":"has-post-thumbnail","6":"product_cat-poezii-editura-metanoia","7":"product_cat-poezii","9":"first","10":"instock","11":"shipping-taxable","12":"purchasable","13":"product-type-simple"},"_links":{"self":[{"href":"https:\/\/dev.sbro.ro\/wp-json\/wp\/v2\/product\/5763","targetHints":{"allow":["GET"]}}],"collection":[{"href":"https:\/\/dev.sbro.ro\/wp-json\/wp\/v2\/product"}],"about":[{"href":"https:\/\/dev.sbro.ro\/wp-json\/wp\/v2\/types\/product"}],"replies":[{"embeddable":true,"href":"https:\/\/dev.sbro.ro\/wp-json\/wp\/v2\/comments?post=5763"}],"wp:featuredmedia":[{"embeddable":true,"href":"https:\/\/dev.sbro.ro\/wp-json\/wp\/v2\/media\/11142"}],"wp:attachment":[{"href":"https:\/\/dev.sbro.ro\/wp-json\/wp\/v2\/media?parent=5763"}],"wp:term":[{"taxonomy":"product_brand","embeddable":true,"href":"https:\/\/dev.sbro.ro\/wp-json\/wp\/v2\/product_brand?post=5763"},{"taxonomy":"product_cat","embeddable":true,"href":"https:\/\/dev.sbro.ro\/wp-json\/wp\/v2\/product_cat?post=5763"},{"taxonomy":"product_tag","embeddable":true,"href":"https:\/\/dev.sbro.ro\/wp-json\/wp\/v2\/product_tag?post=5763"}],"curies":[{"name":"wp","href":"https:\/\/api.w.org\/{rel}","templated":true}]}}