{"id":5772,"date":"2026-04-21T09:12:44","date_gmt":"2026-04-21T09:12:44","guid":{"rendered":"https:\/\/dev.sbro.ro\/?product=ambasadorul-regelui-thomas-cranmer"},"modified":"2026-04-21T09:12:44","modified_gmt":"2026-04-21T09:12:44","slug":"ambasadorul-regelui-thomas-cranmer","status":"publish","type":"product","link":"https:\/\/dev.sbro.ro\/product\/ambasadorul-regelui-thomas-cranmer\/","title":{"rendered":"Ambasadorul Regelui &#8211; Thomas Cranmer"},"content":{"rendered":"<p>CE POATE FACE DUMNEZEU CU GRE\u0218ELILE MELE?<\/p>\n<p>De\u0219i toat\u0103 lumea gre\u0219e\u0219te, atunci c\u00e2nd ajungem s\u0103 consider\u0103m pe cineva un erou parc\u0103 nu am vrea s\u0103 \u00eei g\u0103sim defecte. Ne-ar pl\u0103cea s\u0103 nu e\u0219ueze niciodat\u0103, s\u0103 fie de fiecare dat\u0103 cu fruntea sus, f\u0103r\u0103 nicio pat\u0103 \u0219i f\u0103r\u0103 nicio umbr\u0103.<\/p>\n<p>\nVia\u021ba lui Thomas Cranmer ne \u00eenva\u021b\u0103 un adev\u0103r esen\u021bial al vie\u021bii de credin\u021b\u0103: de\u0219i oamenii gre\u0219esc adesea, Dumnezeu, care ne iart\u0103 falimentele, poate s\u0103 foloseasc\u0103 e\u0219ecurile noastre spre zidirea Bisericii \u0219i spre gloria Sa.<\/p>\n<p>Thomas Cranmer a fost un cunoscut al cur\u021bilor regale, un b\u0103rbat puternic ce a influen\u021bat istoria Angliei. De\u0219i a tr\u0103it \u00eentr-o vreme \u00een care regii aveau putere absolut\u0103, iar orice decizie gre\u0219it\u0103 \u021bi-ar fi putut aduce moartea, Thomas Cranmer a fost curajos: c\u00e2nd a gre\u0219it, a recunoscut \u0219i s-a poc\u0103it. P\u00e2n\u0103 la cap\u0103t, via\u021ba lui este cea a unui peregrin care iube\u0219te Adev\u0103rul!<\/p>\n","protected":false},"excerpt":{"rendered":"<p>CE POATE FACE DUMNEZEU CU GRE\u0218ELILE MELE? De\u0219i toat\u0103 lumea gre\u0219e\u0219te, atunci c\u00e2nd ajungem s\u0103 consider\u0103m pe cineva un erou parc\u0103 nu am vrea s\u0103 \u00eei g\u0103sim defecte. Ne-ar pl\u0103cea s\u0103 nu e\u0219ueze niciodat\u0103, s\u0103 fie de fiecare dat\u0103 cu fruntea sus, f\u0103r\u0103 nicio pat\u0103 \u0219i f\u0103r\u0103 nicio umbr\u0103. Via\u021ba lui Thomas Cranmer ne \u00eenva\u021b\u0103 [&hellip;]<\/p>\n","protected":false},"featured_media":11151,"comment_status":"open","ping_status":"closed","template":"","meta":[],"product_brand":[],"product_cat":[30],"product_tag":[],"class_list":{"0":"post-5772","1":"product","2":"type-product","3":"status-publish","4":"has-post-thumbnail","6":"product_cat-beletristica","8":"first","9":"instock","10":"shipping-taxable","11":"purchasable","12":"product-type-simple"},"_links":{"self":[{"href":"https:\/\/dev.sbro.ro\/wp-json\/wp\/v2\/product\/5772","targetHints":{"allow":["GET"]}}],"collection":[{"href":"https:\/\/dev.sbro.ro\/wp-json\/wp\/v2\/product"}],"about":[{"href":"https:\/\/dev.sbro.ro\/wp-json\/wp\/v2\/types\/product"}],"replies":[{"embeddable":true,"href":"https:\/\/dev.sbro.ro\/wp-json\/wp\/v2\/comments?post=5772"}],"wp:featuredmedia":[{"embeddable":true,"href":"https:\/\/dev.sbro.ro\/wp-json\/wp\/v2\/media\/11151"}],"wp:attachment":[{"href":"https:\/\/dev.sbro.ro\/wp-json\/wp\/v2\/media?parent=5772"}],"wp:term":[{"taxonomy":"product_brand","embeddable":true,"href":"https:\/\/dev.sbro.ro\/wp-json\/wp\/v2\/product_brand?post=5772"},{"taxonomy":"product_cat","embeddable":true,"href":"https:\/\/dev.sbro.ro\/wp-json\/wp\/v2\/product_cat?post=5772"},{"taxonomy":"product_tag","embeddable":true,"href":"https:\/\/dev.sbro.ro\/wp-json\/wp\/v2\/product_tag?post=5772"}],"curies":[{"name":"wp","href":"https:\/\/api.w.org\/{rel}","templated":true}]}}