{"id":5779,"date":"2026-04-21T09:12:45","date_gmt":"2026-04-21T09:12:45","guid":{"rendered":"https:\/\/dev.sbro.ro\/?product=curajul-credintei-jim-elliot"},"modified":"2026-04-21T09:12:45","modified_gmt":"2026-04-21T09:12:45","slug":"curajul-credintei-jim-elliot","status":"publish","type":"product","link":"https:\/\/dev.sbro.ro\/product\/curajul-credintei-jim-elliot\/","title":{"rendered":"Curajul credin\u021bei &#8211; Jim Elliot"},"content":{"rendered":"<p>O POVESTE DESPRE CURAJ, IUBIRE \u0218I CREDIN\u021a\u0102 NECLINTIT\u0102.<\/p>\n<p>Jim Elliot avea tot ce \u0219i-ar fi putut dori: o so\u021bie iubitoare, o fiic\u0103 adorabil\u0103 \u0219i o chemare divin\u0103 care \u00eei umplea inima de bucurie. Dumnezeu \u00eel trimisese s\u0103 duc\u0103 vestea m\u00e2ntuirii p\u00e2n\u0103 \u00een ad\u00e2ncul junglei, la tribul Auca \u2014 un trib temut \u0219i necunoscut.<\/p>\n<p>Jim visa s\u0103-\u0219i dedice \u00eentreaga via\u021b\u0103 acestei misiuni, dar mai r\u0103m\u0103sese at\u00e2t de pu\u021bin din via\u021ba lui. \u00centr-o lume unde credin\u021ba adesea se pl\u0103te\u0219te cu s\u00e2nge, Jim \u0219i al\u021bi patru tineri \u0219i-au pierdut vie\u021bile chiar \u00een timp ce \u00eemplineau voia lui Dumnezeu.<\/p>\n<p>Moartea lor nu a fost \u00een zadar. S\u0103m\u00e2n\u021ba s\u0103dit\u0103 prin sacrificiul lor a rodit, iar ast\u0103zi mul\u021bi dintre cei din tribul Auca cunosc bucuria m\u00e2ntuirii, acea bucurie pentru care Jim Elliot \u0219i-a dat via\u021ba.<\/p>\n<p>CUPRINS<br \/>\nAvioane \u0219i poduri<br \/>\nR\u0103d\u0103cini de familie \u0219i l\u0103stari de legume<br \/>\nColec\u021bionarul de timbre<br \/>\n\u00cenainte \u0219i \u00eenapoi<br \/>\nProtec\u021bie divin\u0103<br \/>\nSpre colegiu!<br \/>\nVara \u00een Mexic<br \/>\nElisabeth<br \/>\nGraduarea \u0219i altele<br \/>\nVreme de a\u0219teptare<br \/>\nSpre Ecuador<br \/>\nNoi direc\u021biuni<br \/>\nUn sf\u00e2r\u0219it dar \u0219i un nou \u00eenceput<br \/>\nPostfa\u021b\u0103<br \/>\nCronologie Jim Elliot<br \/>\nS\u0103 medit\u0103m la alte subiecte<\/p>\n","protected":false},"excerpt":{"rendered":"<p>O POVESTE DESPRE CURAJ, IUBIRE \u0218I CREDIN\u021a\u0102 NECLINTIT\u0102. Jim Elliot avea tot ce \u0219i-ar fi putut dori: o so\u021bie iubitoare, o fiic\u0103 adorabil\u0103 \u0219i o chemare divin\u0103 care \u00eei umplea inima de bucurie. Dumnezeu \u00eel trimisese s\u0103 duc\u0103 vestea m\u00e2ntuirii p\u00e2n\u0103 \u00een ad\u00e2ncul junglei, la tribul Auca \u2014 un trib temut \u0219i necunoscut. Jim visa [&hellip;]<\/p>\n","protected":false},"featured_media":11158,"comment_status":"open","ping_status":"closed","template":"","meta":[],"product_brand":[],"product_cat":[20],"product_tag":[],"class_list":{"0":"post-5779","1":"product","2":"type-product","3":"status-publish","4":"has-post-thumbnail","6":"product_cat-biografii-eseuri-marturii","8":"first","9":"instock","10":"shipping-taxable","11":"purchasable","12":"product-type-simple"},"_links":{"self":[{"href":"https:\/\/dev.sbro.ro\/wp-json\/wp\/v2\/product\/5779","targetHints":{"allow":["GET"]}}],"collection":[{"href":"https:\/\/dev.sbro.ro\/wp-json\/wp\/v2\/product"}],"about":[{"href":"https:\/\/dev.sbro.ro\/wp-json\/wp\/v2\/types\/product"}],"replies":[{"embeddable":true,"href":"https:\/\/dev.sbro.ro\/wp-json\/wp\/v2\/comments?post=5779"}],"wp:featuredmedia":[{"embeddable":true,"href":"https:\/\/dev.sbro.ro\/wp-json\/wp\/v2\/media\/11158"}],"wp:attachment":[{"href":"https:\/\/dev.sbro.ro\/wp-json\/wp\/v2\/media?parent=5779"}],"wp:term":[{"taxonomy":"product_brand","embeddable":true,"href":"https:\/\/dev.sbro.ro\/wp-json\/wp\/v2\/product_brand?post=5779"},{"taxonomy":"product_cat","embeddable":true,"href":"https:\/\/dev.sbro.ro\/wp-json\/wp\/v2\/product_cat?post=5779"},{"taxonomy":"product_tag","embeddable":true,"href":"https:\/\/dev.sbro.ro\/wp-json\/wp\/v2\/product_tag?post=5779"}],"curies":[{"name":"wp","href":"https:\/\/api.w.org\/{rel}","templated":true}]}}