{"id":5780,"date":"2026-04-21T09:12:45","date_gmt":"2026-04-21T09:12:45","guid":{"rendered":"https:\/\/dev.sbro.ro\/?product=legea-printul-si-scribul-samuel-rutherford"},"modified":"2026-04-21T09:12:45","modified_gmt":"2026-04-21T09:12:45","slug":"legea-printul-si-scribul-samuel-rutherford","status":"publish","type":"product","link":"https:\/\/dev.sbro.ro\/product\/legea-printul-si-scribul-samuel-rutherford\/","title":{"rendered":"Legea, prin\u021bul \u0219i scribul &#8211; Samuel Rutherford"},"content":{"rendered":"<p>AUTORUL CARE A CUNOSCUT DRAGOSTEA LUI EMANUEL<\/p>\n<p>Cuvintele acestui \u00eendr\u0103git autor, Samuel Rutherford, au fost at\u00e2t de puternice, \u00eenc\u00e2t ele au influen\u021bat oameni de pe continente \u00eentregi.<\/p>\n<p>Scrierile lui Samuel Rutherford au influen\u021bat Constitu\u021bia american\u0103, \u00eens\u0103 puterea \u0219i pasiunea lui au fost cu adev\u0103rat resim\u021bite \u00een scrisorile pe care el, un pastor cu inima plin\u0103 de dragoste, le-a scris oamenilor din parohia sa.<\/p>\n<p>De\u0219i fusese acuzat de tr\u0103dare, Samuel Rutherford a murit din cauza unei boli \u00eenainte de a fi martirizat. Pe piatra sa funerar\u0103, aflat\u0103 la vest de Turnul Clopotni\u021bei din Catedrala St. Andrews, sunt gravate cuvintele care rezum\u0103 via\u021ba sa: \u201ea cunoscut dragostea lui Emanuel\u201d.<\/p>\n<p><strong>Cuprins<\/strong><br \/>\nNota autorului<br \/>\nTu \u0219i Samuel Rutherford<br \/>\nUn scrib s\u0103lbatic \u0219i b\u0103tut de v\u00e2nt<br \/>\nC\u00e2ntecele p\u0103s\u0103rilor de-a lungul estuarului Solway<br \/>\nMereu cu peni\u021ba \u00een m\u00e2n\u0103, mereu predic\u00e2nd<br \/>\nPotrive\u0219te bine s\u0103geata \u00een arc<br \/>\nScrisori, o deghizare \u0219i o tragedie<br \/>\nPrieteni adev\u0103ra\u021bi \u0219i du\u0219mani reali<br \/>\nDumnezeu e \u00een controlul tuturor evenimentelor<br \/>\nM\u00e2nia regelui<br \/>\nUit\u0103-te la Sco\u021bia!<br \/>\n1649 \u0219i restul evenimentelor<br \/>\nMorm\u00e2ntul lui Samuel Rutherford<br \/>\nCronologia lui Samuel Rutherford<br \/>\nBibliografie<br \/>\nFi\u0219\u0103 informativ\u0103: Anne Cousin 1824-1906<br \/>\n\u00cen \u021bara lui Emanuel<br \/>\nS\u0103 \u021binem minte<br \/>\nS\u0103 medit\u0103m la alte subiecte<br \/>\nSamuel Rutherford, democra\u021bia \u0219i SUA<br \/>\nHarta insulelor britanice din timpul lui Samuel Rutherford<\/p>\n","protected":false},"excerpt":{"rendered":"<p>AUTORUL CARE A CUNOSCUT DRAGOSTEA LUI EMANUEL Cuvintele acestui \u00eendr\u0103git autor, Samuel Rutherford, au fost at\u00e2t de puternice, \u00eenc\u00e2t ele au influen\u021bat oameni de pe continente \u00eentregi. Scrierile lui Samuel Rutherford au influen\u021bat Constitu\u021bia american\u0103, \u00eens\u0103 puterea \u0219i pasiunea lui au fost cu adev\u0103rat resim\u021bite \u00een scrisorile pe care el, un pastor cu inima plin\u0103 [&hellip;]<\/p>\n","protected":false},"featured_media":11159,"comment_status":"open","ping_status":"closed","template":"","meta":[],"product_brand":[],"product_cat":[20],"product_tag":[],"class_list":{"0":"post-5780","1":"product","2":"type-product","3":"status-publish","4":"has-post-thumbnail","6":"product_cat-biografii-eseuri-marturii","8":"first","9":"instock","10":"shipping-taxable","11":"purchasable","12":"product-type-simple"},"_links":{"self":[{"href":"https:\/\/dev.sbro.ro\/wp-json\/wp\/v2\/product\/5780","targetHints":{"allow":["GET"]}}],"collection":[{"href":"https:\/\/dev.sbro.ro\/wp-json\/wp\/v2\/product"}],"about":[{"href":"https:\/\/dev.sbro.ro\/wp-json\/wp\/v2\/types\/product"}],"replies":[{"embeddable":true,"href":"https:\/\/dev.sbro.ro\/wp-json\/wp\/v2\/comments?post=5780"}],"wp:featuredmedia":[{"embeddable":true,"href":"https:\/\/dev.sbro.ro\/wp-json\/wp\/v2\/media\/11159"}],"wp:attachment":[{"href":"https:\/\/dev.sbro.ro\/wp-json\/wp\/v2\/media?parent=5780"}],"wp:term":[{"taxonomy":"product_brand","embeddable":true,"href":"https:\/\/dev.sbro.ro\/wp-json\/wp\/v2\/product_brand?post=5780"},{"taxonomy":"product_cat","embeddable":true,"href":"https:\/\/dev.sbro.ro\/wp-json\/wp\/v2\/product_cat?post=5780"},{"taxonomy":"product_tag","embeddable":true,"href":"https:\/\/dev.sbro.ro\/wp-json\/wp\/v2\/product_tag?post=5780"}],"curies":[{"name":"wp","href":"https:\/\/api.w.org\/{rel}","templated":true}]}}