{"id":5789,"date":"2026-04-21T09:12:46","date_gmt":"2026-04-21T09:12:46","guid":{"rendered":"https:\/\/dev.sbro.ro\/?product=cantecul-fetei-nevazatoare-fanny-crosby"},"modified":"2026-04-21T09:12:46","modified_gmt":"2026-04-21T09:12:46","slug":"cantecul-fetei-nevazatoare-fanny-crosby","status":"publish","type":"product","link":"https:\/\/dev.sbro.ro\/product\/cantecul-fetei-nevazatoare-fanny-crosby\/","title":{"rendered":"C\u00e2ntecul fetei nev\u0103z\u0103toare &#8211; Fanny Crosby"},"content":{"rendered":"<p><strong>Poeta imnurilor care a v\u0103zut cu inima<\/strong><\/p>\n<p>Ai c\u00e2ntat vreodat\u0103 dintr-o carte de imnuri, c\u00e2nt\u0103ri cre\u0219tine mai vechi? Atunci sunt mari \u0219anse s\u0103 fi intonat versurile unei fete oarbe, pe numele Fanny Crosby.<\/p>\n<p>Cu toate c\u0103 Fanny nu putea vedea lumea din jurul ei, nimic nu a \u00eempiedicat-o s\u0103 se bucure de frumuse\u021bea crea\u021biei lui Dumnezeu. Pentru ea, atingerea ?orilor, ciripitul p\u0103s\u0103rilor \u0219i glasul bunicii erau suficiente pentru a sim\u021bi m\u0103re\u021bia divin\u0103.<\/p>\n<p>\u021ain\u00e2ndu-se de m\u00e2na bunicii, Fanny credea c\u0103 ea era cea care o ajuta, nu invers. \u00cen aceast\u0103 poveste emo\u021bionant\u0103, autoarea ne poart\u0103 prin via\u021ba unei femei extraordinare, care, de\u0219i era nev\u0103z\u0103toare, a scris mii de imnuri ce au atins inimile a milioane de oameni. Este un exemplu de credin\u021b\u0103 \u0219i \u00eencredere \u00een Dumnezeu, care \u00eel va inspira pe orice cititor s\u0103 tr\u0103iasc\u0103 cu aceea\u0219i speran\u021b\u0103.<\/p>\n<p>CUPRINS<\/p>\n<p>Prin ochii bunicii ei<br \/>\nCadoul proprietarei<br \/>\nO voi a\u0219eza pe \u0219emineu<br \/>\nVom \u0219ti dup\u0103 forma capului ei<br \/>\nPoemul fetei nev\u0103z\u0103toare<br \/>\nPrea ocupat\u0103<br \/>\nAduce\u021bi sicriele<br \/>\nUn c\u00e2ntec de dragoste<br \/>\nO \u00eentristare ad\u00e2nc\u0103<br \/>\nEa va scrie imnuri<br \/>\nAjut\u0103-m\u0103 s\u0103 le vorbesc<br \/>\nDomnul Moody \u0219i domnul Sankey<br \/>\nMisiuni<br \/>\nMii \u0219i mii<br \/>\nPatru-Nou\u0103-Patru, b\u0103ie\u021bi!<br \/>\nTotul e \u00een regul\u0103, domnule guvernator<br \/>\nCuv\u00e2nt din partea autoarei<br \/>\nCronologie Fanny Crosby<br \/>\nS\u0103 medit\u0103m la alte subiecte<br \/>\nCe \u00eenseamn\u0103 s\u0103 fii nev\u0103z\u0103tor \u00een ziua de ast\u0103zi<\/p>\n","protected":false},"excerpt":{"rendered":"<p>Poeta imnurilor care a v\u0103zut cu inima Ai c\u00e2ntat vreodat\u0103 dintr-o carte de imnuri, c\u00e2nt\u0103ri cre\u0219tine mai vechi? Atunci sunt mari \u0219anse s\u0103 fi intonat versurile unei fete oarbe, pe numele Fanny Crosby. Cu toate c\u0103 Fanny nu putea vedea lumea din jurul ei, nimic nu a \u00eempiedicat-o s\u0103 se bucure de frumuse\u021bea crea\u021biei lui [&hellip;]<\/p>\n","protected":false},"featured_media":11168,"comment_status":"open","ping_status":"closed","template":"","meta":[],"product_brand":[],"product_cat":[30,20],"product_tag":[],"class_list":{"0":"post-5789","1":"product","2":"type-product","3":"status-publish","4":"has-post-thumbnail","6":"product_cat-beletristica","7":"product_cat-biografii-eseuri-marturii","9":"first","10":"instock","11":"shipping-taxable","12":"purchasable","13":"product-type-simple"},"_links":{"self":[{"href":"https:\/\/dev.sbro.ro\/wp-json\/wp\/v2\/product\/5789","targetHints":{"allow":["GET"]}}],"collection":[{"href":"https:\/\/dev.sbro.ro\/wp-json\/wp\/v2\/product"}],"about":[{"href":"https:\/\/dev.sbro.ro\/wp-json\/wp\/v2\/types\/product"}],"replies":[{"embeddable":true,"href":"https:\/\/dev.sbro.ro\/wp-json\/wp\/v2\/comments?post=5789"}],"wp:featuredmedia":[{"embeddable":true,"href":"https:\/\/dev.sbro.ro\/wp-json\/wp\/v2\/media\/11168"}],"wp:attachment":[{"href":"https:\/\/dev.sbro.ro\/wp-json\/wp\/v2\/media?parent=5789"}],"wp:term":[{"taxonomy":"product_brand","embeddable":true,"href":"https:\/\/dev.sbro.ro\/wp-json\/wp\/v2\/product_brand?post=5789"},{"taxonomy":"product_cat","embeddable":true,"href":"https:\/\/dev.sbro.ro\/wp-json\/wp\/v2\/product_cat?post=5789"},{"taxonomy":"product_tag","embeddable":true,"href":"https:\/\/dev.sbro.ro\/wp-json\/wp\/v2\/product_tag?post=5789"}],"curies":[{"name":"wp","href":"https:\/\/api.w.org\/{rel}","templated":true}]}}