{"id":580,"date":"2026-04-21T09:02:44","date_gmt":"2026-04-21T09:02:44","guid":{"rendered":"https:\/\/dev.sbro.ro\/?product=biblie-mica-047-ti"},"modified":"2026-04-21T09:02:44","modified_gmt":"2026-04-21T09:02:44","slug":"biblie-mica-047-ti","status":"publish","type":"product","link":"https:\/\/dev.sbro.ro\/product\/biblie-mica-047-ti\/","title":{"rendered":"Biblie mic\u0103 047 TI"},"content":{"rendered":"<p>Aceasta este o edi\u021bie de lux, format mic \u0219i \u00eembr\u0103cat\u0103 \u00een piele ecologic\u0103<\/p>\n<p><strong>Dimensiunea paginii: 10 x 14,5 cm <\/strong><\/p>\n<p><strong>Dimensiune exterioara: 11 x 15 cm<\/strong><\/p>\n<p>Con\u021bine urm\u0103toarele materiale ajut\u0103toare:<\/p>\n<ul>\n<li>Plan de citire a Bibliei \u00eentr-un an<\/li>\n<li>Dic\u021bionar de cuvinte<\/li>\n<li>Lista de cuvinte care au fost corectate conform normelor ortografice actuale<\/li>\n<li>Minunile Domnului Isus<\/li>\n<li>Pildele Domnului Isus<\/li>\n<li>Unit\u0103\u021bi de m\u0103sur\u0103 \u00een Biblie <\/li>\n<\/ul>\n","protected":false},"excerpt":{"rendered":"<p>Aceasta este o edi\u021bie de lux, format mic \u0219i \u00eembr\u0103cat\u0103 \u00een piele ecologic\u0103 Dimensiunea paginii: 10 x 14,5 cm Dimensiune exterioara: 11 x 15 cm Con\u021bine urm\u0103toarele materiale ajut\u0103toare: Plan de citire a Bibliei \u00eentr-un an Dic\u021bionar de cuvinte Lista de cuvinte care au fost corectate conform normelor ortografice actuale Minunile Domnului Isus Pildele Domnului [&hellip;]<\/p>\n","protected":false},"featured_media":6023,"comment_status":"open","ping_status":"closed","template":"","meta":[],"product_brand":[],"product_cat":[28,27],"product_tag":[],"class_list":{"0":"post-580","1":"product","2":"type-product","3":"status-publish","4":"has-post-thumbnail","6":"product_cat-biblie-mica","7":"product_cat-editie-de-lux","9":"first","10":"instock","11":"shipping-taxable","12":"purchasable","13":"product-type-simple"},"_links":{"self":[{"href":"https:\/\/dev.sbro.ro\/wp-json\/wp\/v2\/product\/580","targetHints":{"allow":["GET"]}}],"collection":[{"href":"https:\/\/dev.sbro.ro\/wp-json\/wp\/v2\/product"}],"about":[{"href":"https:\/\/dev.sbro.ro\/wp-json\/wp\/v2\/types\/product"}],"replies":[{"embeddable":true,"href":"https:\/\/dev.sbro.ro\/wp-json\/wp\/v2\/comments?post=580"}],"wp:featuredmedia":[{"embeddable":true,"href":"https:\/\/dev.sbro.ro\/wp-json\/wp\/v2\/media\/6023"}],"wp:attachment":[{"href":"https:\/\/dev.sbro.ro\/wp-json\/wp\/v2\/media?parent=580"}],"wp:term":[{"taxonomy":"product_brand","embeddable":true,"href":"https:\/\/dev.sbro.ro\/wp-json\/wp\/v2\/product_brand?post=580"},{"taxonomy":"product_cat","embeddable":true,"href":"https:\/\/dev.sbro.ro\/wp-json\/wp\/v2\/product_cat?post=580"},{"taxonomy":"product_tag","embeddable":true,"href":"https:\/\/dev.sbro.ro\/wp-json\/wp\/v2\/product_tag?post=580"}],"curies":[{"name":"wp","href":"https:\/\/api.w.org\/{rel}","templated":true}]}}