{"id":5801,"date":"2026-04-21T09:12:47","date_gmt":"2026-04-21T09:12:47","guid":{"rendered":"https:\/\/dev.sbro.ro\/?product=am-un-diagnostic-psihiatric-ce-spune-biblia"},"modified":"2026-04-21T09:12:47","modified_gmt":"2026-04-21T09:12:47","slug":"am-un-diagnostic-psihiatric-ce-spune-biblia","status":"publish","type":"product","link":"https:\/\/dev.sbro.ro\/product\/am-un-diagnostic-psihiatric-ce-spune-biblia\/","title":{"rendered":"Am un diagnostic psihiatric &#8211; Ce spune Biblia"},"content":{"rendered":"<p>Ce faci atunci c\u00e2nd te recuno\u0219ti pe tine sau pe cineva drag \u00een descrieri precum \u201eTOC\u201d, \u201etulburare bipolar\u0103\u201d, \u201ePTSD\u201d sau \u201enarcisism\u201d? Un diagnostic psihiatric poate fi o povar\u0103 grea, pentru tine sau pentru cineva drag. DSM \u00ee\u021bi poate oferi o descriere detaliat\u0103, dar ce urmeaz\u0103? Aceste lupte \u00ee\u021bi pot domina via\u021ba. Dar \u0219tim acest lucru: Dumnezeu nu este t\u0103cut atunci c\u00e2nd poporul S\u0103u se confrunt\u0103 cu suferin\u021ba. Ce spune Dumnezeu?<\/p>\n<p><em>Am un diagnostic psihiatric<\/em> \u00eei ghideaz\u0103 pe cititori s\u0103-L asculte pe Dumnezeu, care are compasiune pentru cei care se lupt\u0103 cu astfel de dureri. Ascult\u00e2ndu-L pe Dumnezeu prin Biblie, descrierile psihologice sunt remodelate \u0219i func\u021bioneaz\u0103 ca o lentil\u0103 corectiv\u0103 care ne deschide ochii.<\/p>\n<p>Despre autor<\/p>\n<p><strong>Edward T. Welch<\/strong>, MDiv, PhD, este psiholog licen\u021biat \u0219i membru al facult\u0103\u021bii Christian Counseling &amp; Educational Foundation (CCEF). A ob\u021binut un doctorat \u00een consiliere (neuropsihologie) de la Universitatea din Utah \u0219i are un masterat \u00een teologie de la Biblical Theological Seminary. Ed ofer\u0103 consiliere de aproape patruzeci de ani \u0219i a scris pe larg despre depresie, fric\u0103 \u0219i dependen\u021be.<\/p>\n","protected":false},"excerpt":{"rendered":"<p>Ce faci atunci c\u00e2nd te recuno\u0219ti pe tine sau pe cineva drag \u00een descrieri precum \u201eTOC\u201d, \u201etulburare bipolar\u0103\u201d, \u201ePTSD\u201d sau \u201enarcisism\u201d? Un diagnostic psihiatric poate fi o povar\u0103 grea, pentru tine sau pentru cineva drag. DSM \u00ee\u021bi poate oferi o descriere detaliat\u0103, dar ce urmeaz\u0103? Aceste lupte \u00ee\u021bi pot domina via\u021ba. Dar \u0219tim acest lucru: [&hellip;]<\/p>\n","protected":false},"featured_media":11180,"comment_status":"open","ping_status":"closed","template":"","meta":[],"product_brand":[],"product_cat":[41,18],"product_tag":[],"class_list":{"0":"post-5801","1":"product","2":"type-product","3":"status-publish","4":"has-post-thumbnail","6":"product_cat-consiliere","7":"product_cat-viata-crestina","9":"first","10":"instock","11":"shipping-taxable","12":"purchasable","13":"product-type-simple"},"_links":{"self":[{"href":"https:\/\/dev.sbro.ro\/wp-json\/wp\/v2\/product\/5801","targetHints":{"allow":["GET"]}}],"collection":[{"href":"https:\/\/dev.sbro.ro\/wp-json\/wp\/v2\/product"}],"about":[{"href":"https:\/\/dev.sbro.ro\/wp-json\/wp\/v2\/types\/product"}],"replies":[{"embeddable":true,"href":"https:\/\/dev.sbro.ro\/wp-json\/wp\/v2\/comments?post=5801"}],"wp:featuredmedia":[{"embeddable":true,"href":"https:\/\/dev.sbro.ro\/wp-json\/wp\/v2\/media\/11180"}],"wp:attachment":[{"href":"https:\/\/dev.sbro.ro\/wp-json\/wp\/v2\/media?parent=5801"}],"wp:term":[{"taxonomy":"product_brand","embeddable":true,"href":"https:\/\/dev.sbro.ro\/wp-json\/wp\/v2\/product_brand?post=5801"},{"taxonomy":"product_cat","embeddable":true,"href":"https:\/\/dev.sbro.ro\/wp-json\/wp\/v2\/product_cat?post=5801"},{"taxonomy":"product_tag","embeddable":true,"href":"https:\/\/dev.sbro.ro\/wp-json\/wp\/v2\/product_tag?post=5801"}],"curies":[{"name":"wp","href":"https:\/\/api.w.org\/{rel}","templated":true}]}}