{"id":5810,"date":"2026-04-21T09:12:49","date_gmt":"2026-04-21T09:12:49","guid":{"rendered":"https:\/\/dev.sbro.ro\/?product=campionul-copiilor-george-muller"},"modified":"2026-04-21T09:12:49","modified_gmt":"2026-04-21T09:12:49","slug":"campionul-copiilor-george-muller","status":"publish","type":"product","link":"https:\/\/dev.sbro.ro\/product\/campionul-copiilor-george-muller\/","title":{"rendered":"Campionul copiilor &#8211; George Muller"},"content":{"rendered":"<p><strong>CEL CARE LUA&#8230; A DEVENIT CEL CARE D\u0102RUIE\u0218TE.<\/strong><\/p>\n<p>La doar 16 ani, via\u021ba lui George Mu\u0308ller p\u0103rea complet ratat\u0103: minciuni, furturi, jocuri de noroc \u0219i b\u0103utur\u0103 \u2013 toate f\u0103ceau parte din rutina lui zilnic\u0103. Viitorul? F\u0103r\u0103 speran\u021b\u0103. Dar Dumnezeu avea alte planuri pentru el.<\/p>\n<p>Dup\u0103 ce s-a \u00eentors la credin\u021b\u0103, via\u021ba lui Mu\u0308ller a devenit o demonstra\u021bie vie a puterii rug\u0103ciunii \u0219i a \u00eencrederii totale \u00een Dumnezeu. F\u0103r\u0103 s\u0103 cear\u0103 vreodat\u0103 ajutor financiar de la oameni, a reu\u0219it s\u0103 construiasc\u0103 trei mari orfelinate, care au oferit ad\u0103post pentru zeci de mii de copii orfani.<\/p>\n<p>Aceast\u0103 carte spune povestea adev\u0103rat\u0103 a unui adolescent r\u0103t\u0103cit care s-a transformat \u00eentr-un om al credin\u021bei, dedicat lui Dumnezeu \u0219i celor mai vulnerabili.<\/p>\n<p>Iat\u0103 un exemplu de tr\u0103ire at\u00e2t de folositor adolescen\u021bilor care sunt \u00een c\u0103utare de scop, curaj \u0219i determinare.<\/p>\n","protected":false},"excerpt":{"rendered":"<p>CEL CARE LUA&#8230; A DEVENIT CEL CARE D\u0102RUIE\u0218TE. La doar 16 ani, via\u021ba lui George Mu\u0308ller p\u0103rea complet ratat\u0103: minciuni, furturi, jocuri de noroc \u0219i b\u0103utur\u0103 \u2013 toate f\u0103ceau parte din rutina lui zilnic\u0103. Viitorul? F\u0103r\u0103 speran\u021b\u0103. Dar Dumnezeu avea alte planuri pentru el. Dup\u0103 ce s-a \u00eentors la credin\u021b\u0103, via\u021ba lui Mu\u0308ller a devenit [&hellip;]<\/p>\n","protected":false},"featured_media":11188,"comment_status":"open","ping_status":"closed","template":"","meta":[],"product_brand":[],"product_cat":[20],"product_tag":[],"class_list":{"0":"post-5810","1":"product","2":"type-product","3":"status-publish","4":"has-post-thumbnail","6":"product_cat-biografii-eseuri-marturii","8":"first","9":"instock","10":"shipping-taxable","11":"purchasable","12":"product-type-simple"},"_links":{"self":[{"href":"https:\/\/dev.sbro.ro\/wp-json\/wp\/v2\/product\/5810","targetHints":{"allow":["GET"]}}],"collection":[{"href":"https:\/\/dev.sbro.ro\/wp-json\/wp\/v2\/product"}],"about":[{"href":"https:\/\/dev.sbro.ro\/wp-json\/wp\/v2\/types\/product"}],"replies":[{"embeddable":true,"href":"https:\/\/dev.sbro.ro\/wp-json\/wp\/v2\/comments?post=5810"}],"wp:featuredmedia":[{"embeddable":true,"href":"https:\/\/dev.sbro.ro\/wp-json\/wp\/v2\/media\/11188"}],"wp:attachment":[{"href":"https:\/\/dev.sbro.ro\/wp-json\/wp\/v2\/media?parent=5810"}],"wp:term":[{"taxonomy":"product_brand","embeddable":true,"href":"https:\/\/dev.sbro.ro\/wp-json\/wp\/v2\/product_brand?post=5810"},{"taxonomy":"product_cat","embeddable":true,"href":"https:\/\/dev.sbro.ro\/wp-json\/wp\/v2\/product_cat?post=5810"},{"taxonomy":"product_tag","embeddable":true,"href":"https:\/\/dev.sbro.ro\/wp-json\/wp\/v2\/product_tag?post=5810"}],"curies":[{"name":"wp","href":"https:\/\/api.w.org\/{rel}","templated":true}]}}