{"id":582,"date":"2026-04-21T09:02:44","date_gmt":"2026-04-21T09:02:44","guid":{"rendered":"https:\/\/dev.sbro.ro\/?product=biblie-mare-073-pfr"},"modified":"2026-04-21T09:02:44","modified_gmt":"2026-04-21T09:02:44","slug":"biblie-mare-073-pfr","status":"publish","type":"product","link":"https:\/\/dev.sbro.ro\/product\/biblie-mare-073-pfr\/","title":{"rendered":"Biblie mare 073 PFR"},"content":{"rendered":"<p>Biblia sau Sf\u00e2nta Scriptur\u0103 a Vechiului \u0219i Noului Testament cu trimiteri. Biblie mare, copert\u0103 piele \u0219i fermoar, margini aurii Con\u021bine urm\u0103toarele materiale ajut\u0103toare: Plan de citire a Bibliei \u00eentr-un an Dic\u021bionar de cuvinte Lista de cuvinte care au fost corectate conform normelor ortografice actuale Minunile Domnului Isus Pildele Domnului Isus Unit\u0103\u021bi de m\u0103sur\u0103 \u00een Biblie<\/p>\n","protected":false},"excerpt":{"rendered":"<p>Biblia sau Sf\u00e2nta Scriptur\u0103 a Vechiului \u0219i Noului Testament cu trimiteri. Biblie mare, copert\u0103 piele \u0219i fermoar, margini aurii Con\u021bine urm\u0103toarele materiale ajut\u0103toare: Plan de citire a Bibliei \u00eentr-un an Dic\u021bionar de cuvinte Lista de cuvinte care au fost corectate conform normelor ortografice actuale Minunile Domnului Isus Pildele Domnului Isus Unit\u0103\u021bi de m\u0103sur\u0103 \u00een Biblie<\/p>\n","protected":false},"featured_media":6025,"comment_status":"open","ping_status":"closed","template":"","meta":[],"product_brand":[],"product_cat":[29],"product_tag":[],"class_list":{"0":"post-582","1":"product","2":"type-product","3":"status-publish","4":"has-post-thumbnail","6":"product_cat-editie-in-piele","8":"first","9":"instock","10":"shipping-taxable","11":"purchasable","12":"product-type-simple"},"_links":{"self":[{"href":"https:\/\/dev.sbro.ro\/wp-json\/wp\/v2\/product\/582","targetHints":{"allow":["GET"]}}],"collection":[{"href":"https:\/\/dev.sbro.ro\/wp-json\/wp\/v2\/product"}],"about":[{"href":"https:\/\/dev.sbro.ro\/wp-json\/wp\/v2\/types\/product"}],"replies":[{"embeddable":true,"href":"https:\/\/dev.sbro.ro\/wp-json\/wp\/v2\/comments?post=582"}],"wp:featuredmedia":[{"embeddable":true,"href":"https:\/\/dev.sbro.ro\/wp-json\/wp\/v2\/media\/6025"}],"wp:attachment":[{"href":"https:\/\/dev.sbro.ro\/wp-json\/wp\/v2\/media?parent=582"}],"wp:term":[{"taxonomy":"product_brand","embeddable":true,"href":"https:\/\/dev.sbro.ro\/wp-json\/wp\/v2\/product_brand?post=582"},{"taxonomy":"product_cat","embeddable":true,"href":"https:\/\/dev.sbro.ro\/wp-json\/wp\/v2\/product_cat?post=582"},{"taxonomy":"product_tag","embeddable":true,"href":"https:\/\/dev.sbro.ro\/wp-json\/wp\/v2\/product_tag?post=582"}],"curies":[{"name":"wp","href":"https:\/\/api.w.org\/{rel}","templated":true}]}}