{"id":5846,"date":"2026-04-21T09:12:53","date_gmt":"2026-04-21T09:12:53","guid":{"rendered":"https:\/\/dev.sbro.ro\/?product=doza-de-cugetare"},"modified":"2026-04-21T09:12:53","modified_gmt":"2026-04-21T09:12:53","slug":"doza-de-cugetare","status":"publish","type":"product","link":"https:\/\/dev.sbro.ro\/?product=doza-de-cugetare","title":{"rendered":"Doza de cugetare"},"content":{"rendered":"<p>Doza de cugetare<br \/>\nDac\u0103 ai v\u0103zut Esen\u021ba de cuvinte, atunci \u0219tii ce urmeaz\u0103. Dac\u0103 nu, este foarte u\u0219or s\u0103 \u00ee\u021bi dai seama c\u0103 aici sunt fraze scurte, dar care te oblig\u0103 s\u0103 g\u00e2nde\u0219ti, s\u0103 cuge\u021bi.<br \/>\nA\u0219a cum bine \u0219ti\u021bi, pentru a gusta bucuria succesului, Dumnezeu i-a cerut poporului S\u0103u s\u0103 cugete \u201ezi \u015fi noapte\u201d asupra C\u0103r\u021bii, c\u0103ut\u00e2nd s\u0103 fac\u0103 \u201etot ce este scris \u00een ea\u201d (Iosua 1.8).<br \/>\n\u0218tiind c\u0103 mintea este activ\u0103 \u0219i c\u0103 putem cugeta la tot felul de rele, \u00een\u021beleptul Solomon ne \u00eendeamn\u0103 s\u0103 g\u0103sim fericirea cuget\u00e2nd la Cuv\u00e2ntul Domnului, pentru a ne \u00eencrede mai mult \u00een El (Proverbele 16.20).<br \/>\nPe parcursul citirii, vei observa c\u0103 unele cuget\u0103ri sunt inspirate din realit\u0103\u021bile vie\u021bii, iar altele din anumite evenimente din Scriptur\u0103. M-a\u0219 bucura \u0219i te-ar avantaja dac\u0103, \u00een timpul cuget\u0103rilor, ai \u00eencerca s\u0103 identifici sursa de inspira\u021bie, s\u0103 meditezi la realitatea prezentat\u0103 \u0219i s\u0103 aplici tot ce crezi c\u0103 te ajut\u0103 s\u0103 \u00eempline\u0219ti planul divin pentru via\u021ba ta. \u0218i dac\u0103 tot ai a\u0219a de mult spa\u021biu liber \u00een pagin\u0103, c\u00e2nd \u00ee\u021bi vine o \u00eentrebare sau o idee practic\u0103, nu te sfii s\u0103 o notezi. Cuiva \u00eei poate prinde bine&#8230;<br \/>\nCu pre\u021buire, Viorel Iuga<\/p>\n","protected":false},"excerpt":{"rendered":"<p>Doza de cugetare Dac\u0103 ai v\u0103zut Esen\u021ba de cuvinte, atunci \u0219tii ce urmeaz\u0103. Dac\u0103 nu, este foarte u\u0219or s\u0103 \u00ee\u021bi dai seama c\u0103 aici sunt fraze scurte, dar care te oblig\u0103 s\u0103 g\u00e2nde\u0219ti, s\u0103 cuge\u021bi. A\u0219a cum bine \u0219ti\u021bi, pentru a gusta bucuria succesului, Dumnezeu i-a cerut poporului S\u0103u s\u0103 cugete \u201ezi \u015fi noapte\u201d asupra [&hellip;]<\/p>\n","protected":false},"featured_media":11224,"comment_status":"open","ping_status":"closed","template":"","meta":[],"product_brand":[],"product_cat":[10,18],"product_tag":[],"class_list":{"0":"post-5846","1":"product","2":"type-product","3":"status-publish","4":"has-post-thumbnail","6":"product_cat-editura-metanoia","7":"product_cat-viata-crestina","9":"first","10":"instock","11":"shipping-taxable","12":"purchasable","13":"product-type-simple"},"_links":{"self":[{"href":"https:\/\/dev.sbro.ro\/index.php?rest_route=\/wp\/v2\/product\/5846","targetHints":{"allow":["GET"]}}],"collection":[{"href":"https:\/\/dev.sbro.ro\/index.php?rest_route=\/wp\/v2\/product"}],"about":[{"href":"https:\/\/dev.sbro.ro\/index.php?rest_route=\/wp\/v2\/types\/product"}],"replies":[{"embeddable":true,"href":"https:\/\/dev.sbro.ro\/index.php?rest_route=%2Fwp%2Fv2%2Fcomments&post=5846"}],"wp:featuredmedia":[{"embeddable":true,"href":"https:\/\/dev.sbro.ro\/index.php?rest_route=\/wp\/v2\/media\/11224"}],"wp:attachment":[{"href":"https:\/\/dev.sbro.ro\/index.php?rest_route=%2Fwp%2Fv2%2Fmedia&parent=5846"}],"wp:term":[{"taxonomy":"product_brand","embeddable":true,"href":"https:\/\/dev.sbro.ro\/index.php?rest_route=%2Fwp%2Fv2%2Fproduct_brand&post=5846"},{"taxonomy":"product_cat","embeddable":true,"href":"https:\/\/dev.sbro.ro\/index.php?rest_route=%2Fwp%2Fv2%2Fproduct_cat&post=5846"},{"taxonomy":"product_tag","embeddable":true,"href":"https:\/\/dev.sbro.ro\/index.php?rest_route=%2Fwp%2Fv2%2Fproduct_tag&post=5846"}],"curies":[{"name":"wp","href":"https:\/\/api.w.org\/{rel}","templated":true}]}}