{"id":5854,"date":"2026-04-21T09:12:54","date_gmt":"2026-04-21T09:12:54","guid":{"rendered":"https:\/\/dev.sbro.ro\/?product=comentariu-exegetic-al-noului-testament-galateni"},"modified":"2026-04-21T09:12:54","modified_gmt":"2026-04-21T09:12:54","slug":"comentariu-exegetic-al-noului-testament-galateni","status":"publish","type":"product","link":"https:\/\/dev.sbro.ro\/product\/comentariu-exegetic-al-noului-testament-galateni\/","title":{"rendered":"Comentariu exegetic al Noului Testament. Galateni"},"content":{"rendered":"<p>Comentariul Epistolei c\u0103tre Galateni este scris at\u00e2t pentru profesori \u0219i studen\u021bii care doresc un ajutor cu textul \u00een limba greac\u0103, dar \u0219i pentru pastori \u0219i cre\u0219tinii interesa\u021bi de studiul acestei epistole. Autorul a \u00eencercat s\u0103 p\u0103streze comentariul c\u00e2t mai scurt \u0219i lucid, astfel \u00eenc\u00e2t s\u0103 fie de ajutor tuturor, inclusiv celor foarte ocupa\u021bi. Astfel, el reu\u0219e\u0219te s\u0103 interac\u021bioneze foarte bine at\u00e2t cu textul biblic \u00een sine, dar \u0219i cu al\u021bi cercet\u0103tori \u00een domeniu, rezultatul fiind un comentariu mult cuprinz\u0103tor \u0219i benefic tuturor celor ce \u00eel folosesc.<\/p>\n<p>\u00cen acest volum Thomas R. Schreiner ofer\u0103 pastorilor, studen\u021bilor \u0219i profesorilor o resurs\u0103 util\u0103 \u00een studierea Epistolei c\u0103tre Galateni. Prin folosirea unor reprezent\u0103ri grafice ale traducerilor, a unui rezumat succint al ideilor principale, a structurilor exegetice \u0219i a altor elemente, Schreiner prezint\u0103 cu precizie \u0219i acurate\u021be epistola scris\u0103 de Pavel galatenilor. Unic\u0103 prin tonul ei polemic, epistola este o ap\u0103rare solid\u0103 a crucii lui Cristos \u0219i a caracterului suficient al lucr\u0103rii lui Cristos pentru m\u00e2ntuirea tuturor celor care cred. Comentariul \u00eei va ajuta pe cititor s\u0103 \u00een\u021beleag\u0103 mai bine elementele literale, scopurile revolu\u021bionare ale autorului \u0219i, \u00een ultim\u0103 instan\u021b\u0103, valoarea \u0219i importan\u021ba acestora pentru biserica de ast\u0103zi.<\/p>\n","protected":false},"excerpt":{"rendered":"<p>Comentariul Epistolei c\u0103tre Galateni este scris at\u00e2t pentru profesori \u0219i studen\u021bii care doresc un ajutor cu textul \u00een limba greac\u0103, dar \u0219i pentru pastori \u0219i cre\u0219tinii interesa\u021bi de studiul acestei epistole. Autorul a \u00eencercat s\u0103 p\u0103streze comentariul c\u00e2t mai scurt \u0219i lucid, astfel \u00eenc\u00e2t s\u0103 fie de ajutor tuturor, inclusiv celor foarte ocupa\u021bi. Astfel, el [&hellip;]<\/p>\n","protected":false},"featured_media":11232,"comment_status":"open","ping_status":"closed","template":"","meta":[],"product_brand":[],"product_cat":[40],"product_tag":[],"class_list":{"0":"post-5854","1":"product","2":"type-product","3":"status-publish","4":"has-post-thumbnail","6":"product_cat-studiu-biblic","8":"first","9":"instock","10":"shipping-taxable","11":"purchasable","12":"product-type-simple"},"_links":{"self":[{"href":"https:\/\/dev.sbro.ro\/wp-json\/wp\/v2\/product\/5854","targetHints":{"allow":["GET"]}}],"collection":[{"href":"https:\/\/dev.sbro.ro\/wp-json\/wp\/v2\/product"}],"about":[{"href":"https:\/\/dev.sbro.ro\/wp-json\/wp\/v2\/types\/product"}],"replies":[{"embeddable":true,"href":"https:\/\/dev.sbro.ro\/wp-json\/wp\/v2\/comments?post=5854"}],"wp:featuredmedia":[{"embeddable":true,"href":"https:\/\/dev.sbro.ro\/wp-json\/wp\/v2\/media\/11232"}],"wp:attachment":[{"href":"https:\/\/dev.sbro.ro\/wp-json\/wp\/v2\/media?parent=5854"}],"wp:term":[{"taxonomy":"product_brand","embeddable":true,"href":"https:\/\/dev.sbro.ro\/wp-json\/wp\/v2\/product_brand?post=5854"},{"taxonomy":"product_cat","embeddable":true,"href":"https:\/\/dev.sbro.ro\/wp-json\/wp\/v2\/product_cat?post=5854"},{"taxonomy":"product_tag","embeddable":true,"href":"https:\/\/dev.sbro.ro\/wp-json\/wp\/v2\/product_tag?post=5854"}],"curies":[{"name":"wp","href":"https:\/\/api.w.org\/{rel}","templated":true}]}}