{"id":5866,"date":"2026-04-21T09:12:56","date_gmt":"2026-04-21T09:12:56","guid":{"rendered":"https:\/\/dev.sbro.ro\/?product=adorarea"},"modified":"2026-04-21T09:12:56","modified_gmt":"2026-04-21T09:12:56","slug":"adorarea","status":"publish","type":"product","link":"https:\/\/dev.sbro.ro\/?product=adorarea","title":{"rendered":"Adorarea"},"content":{"rendered":"<p>Cum ne modeleaz\u0103 ADORAREA alegerile, comportamentul \u0219i valorile<\/p>\n<p>Tr\u0103im \u00eentr-o cultur\u0103 care ne cople\u0219e\u0219te zilnic cu promisiuni: succes, bani, experien\u021be intense, rela\u021bii perfecte. \u0218i totu\u0219i, de ce chiar \u0219i atunci c\u00e2nd le ob\u021binem, r\u0103m\u00e2nem tot nemul\u021bumi\u021bi?<br \/>\nPaul David Tripp atinge una dintre cele mai profunde nevoi ale sufletului omenesc: nevoia de adorare. El arat\u0103 c\u0103 atunci c\u00e2nd ne abatem privirea de la Dumnezeu, orice lucru care pare s\u0103 aduc\u0103 pace \u0219i \u00eemplinire se dovede\u0219te, \u00een cele din urm\u0103, gol \u0219i trec\u0103tor.<br \/>\n<em>Adorarea<\/em> ne cheam\u0103 s\u0103 ne re\u00eentoarcem privirea spre singura surs\u0103 autentic\u0103 a \u00eemplinirii: Dumnezeul cel viu. El este Cel care poate transforma modul \u00een care g\u00e2ndim, vorbim \u0219i tr\u0103im.<br \/>\nAceasta nu este doar o carte despre credin\u021b\u0103, ci o invita\u021bie la libertate, bucurie \u0219i la o inim\u0103 transformat\u0103 prin adorare autentic\u0103.<\/p>\n<p>Tr\u0103im vremuri grele. Avem nevoie de astfel de c\u0103r\u021bi care s\u0103 ne ajute s\u0103 cl\u0103dim temelii s\u0103n\u0103toase pentru vie\u021bile noastre, astfel \u00eenc\u00e2t s\u0103 nu ne petrecem timpul reac\u021bion\u00e2nd exagerat \u00een fa\u021ba evenimentelor neprev\u0103zute. \u2014 Francis Chan<\/p>\n<p>Adorarea nu e un ritual religios. E motorul vie\u021bii tale.<\/p>\n<p><em>Adorarea<\/em> este o carte despre realitatea unui Dumnezeu m\u0103re\u021b, care ne cheam\u0103 s\u0103-L vedem, s\u0103 ne \u00eenchin\u0103m Lui \u0219i s\u0103 ne l\u0103s\u0103m transforma\u021bi de El.<br \/>\nInima ta va fi \u00eentotdeauna captivat\u0103 de ceva. \u00centrebarea este: de ce anume?<br \/>\nPrin exemple biblice, reflec\u021bii personale \u0219i o analiz\u0103 p\u0103trunz\u0103toare a sufletului uman, Paul David Tripp te conduce spre o via\u021b\u0103 tr\u0103it\u0103 \u00een adorare fa\u021b\u0103 de Dumnezeu, Singurul care o merit\u0103 \u0219i care poate d\u0103rui pace autentic\u0103, sens \u0219i o perspectiv\u0103 corect\u0103 asupra existen\u021bei. Dac\u0103 sim\u021bi c\u0103 rutina \u021bi-a furat pasiunea sau c\u0103 slujirea ta a devenit mecanic\u0103, aceast\u0103 carte \u00ee\u021bi va reaprinde flac\u0103ra.<br \/>\nFiecare capitol include o sec\u021biune de \u00eentreb\u0103ri de studiu captivante, menite s\u0103 te ajute s\u0103 reflectezi mai profund asupra temelor abordate.<\/p>\n<p>Ceea ce alegi s\u0103 adori \u00ee\u021bi v\u0103 modela caracterul \u0219i \u00ee\u021bi v\u0103 determina destinul.<\/p>\n<p><strong>CUPRINS<\/strong><\/p>\n<p>Prefa\u021b\u0103<br \/>\n1. Umanitatea<br \/>\n2. R\u0103zboiul<br \/>\n3. Slujirea<br \/>\n4. \u00cenlocuirea<br \/>\n5. Amnezia<br \/>\n6. P\u0103catul<br \/>\n7. Nemul\u021bumirea<br \/>\n8. Materialismul<br \/>\n9. Cre\u0219terea<br \/>\n10. Viziunea asupra lumii<br \/>\n11. Biserica<br \/>\n12. Cre\u0219terea copiilor<br \/>\n13. Munca<br \/>\nEpilog<\/p>\n<\/p>\n<p><strong>DESPRE AUTOR<\/strong><\/p>\n<p>Paul David Tripp este pastor, vorbitor la evenimente \u0219i conferin\u021be interna\u021bionale \u0219i autor prolific, cu o carier\u0103 remarcabil\u0103 \u00een slujirea cre\u0219tin\u0103 \u0219i consilierea biblic\u0103.<br \/>\nPaul Tripp s-a n\u0103scut \u00een Toledo, Ohio, \u00een Statele Unite ale Americii. P\u0103rin\u021bii s\u0103i erau plini de entuziasm \u00een privin\u021ba rolului de p\u0103rin\u021bi cre\u0219tini. Aceast\u0103 influen\u021b\u0103 timpurie a jucat un rol semnificativ \u00een via\u021b\u0103 \u0219i chemarea s\u0103 ulterioar\u0103.<br \/>\nA urmat studii la Columbia Bible College (acum Columbia International University), unde s-a specializat \u00een studiul Bibliei \u0219i educa\u021bie cre\u0219tin\u0103. Mai t\u00e2rziu, a ob\u021binut un Master la Reformed Episcopal Seminary \u0219i un doctorat \u00een Consiliere Biblic\u0103 de la Westminster Theological Seminary.<br \/>\nDe-a lungul carierei sale, Paul Tripp \u0219i-a dedicat via\u021ba slujirii cre\u0219tine sub diverse forme. A fost implicat \u00een plantarea unei biserici, \u00eenfiin\u021barea unei scoli cre\u0219tine \u0219i a scris o serie de c\u0103r\u021bi de succes \u0219i premiate despre via\u021ba cre\u0219tin\u0103. A compus, de asemenea, c\u00e2ntece de \u00eenchinare \u0219i a participat la turnee cu o trup\u0103 cre\u0219tin\u0103.<br \/>\nPaul Tripp a fost membru al facult\u0103\u021bii la Christian Counseling and Educational Foundation (CCEF) pentru mul\u021bi ani \u0219i a fost lector \u00een Consiliere Biblic\u0103 la Westminster Theological Seminary. A fost, de asemenea, profesor invitat la Southern Baptist Theological Seminary \u0219i a slujit ca pastor la Tenth Presbyterian Church.<br \/>\n\u00cen 2006, Paul a lansat propria sa misiune \u0219i continu\u0103 s\u0103 fie un vorbitor c\u0103utat la nivel interna\u021bional \u0219i un autor apreciat \u00een domeniul cre\u0219tinismului \u0219i al consilierii biblice.<br \/>\nPaul Tripp tr\u0103ie\u0219te \u00een Philadelphia \u0219i \u00eemp\u0103rt\u0103\u0219e\u0219te c\u0103l\u0103toria sa de peste 50 de ani de c\u0103snicie cu so\u021bia sa, Luella. Cuplul are patru copii adul\u021bi \u0219i \u0219ase nepo\u021bi. Paul r\u0103m\u00e2ne profund angajat \u00een misiunea de a aduce Evanghelia \u00een vie\u021bile oamenilor \u0219i de a conecta puterea transformatoare a lui Isus Cristos la aspectele practice ale vie\u021bii de zi cu zi.<\/p>\n","protected":false},"excerpt":{"rendered":"<p>Cum ne modeleaz\u0103 ADORAREA alegerile, comportamentul \u0219i valorile Tr\u0103im \u00eentr-o cultur\u0103 care ne cople\u0219e\u0219te zilnic cu promisiuni: succes, bani, experien\u021be intense, rela\u021bii perfecte. \u0218i totu\u0219i, de ce chiar \u0219i atunci c\u00e2nd le ob\u021binem, r\u0103m\u00e2nem tot nemul\u021bumi\u021bi? Paul David Tripp atinge una dintre cele mai profunde nevoi ale sufletului omenesc: nevoia de adorare. El arat\u0103 c\u0103 [&hellip;]<\/p>\n","protected":false},"featured_media":11244,"comment_status":"open","ping_status":"closed","template":"","meta":[],"product_brand":[],"product_cat":[59,37],"product_tag":[],"class_list":{"0":"post-5866","1":"product","2":"type-product","3":"status-publish","4":"has-post-thumbnail","6":"product_cat-muzica-si-inchinare","7":"product_cat-teologia-practica","9":"first","10":"instock","11":"shipping-taxable","12":"purchasable","13":"product-type-simple"},"_links":{"self":[{"href":"https:\/\/dev.sbro.ro\/index.php?rest_route=\/wp\/v2\/product\/5866","targetHints":{"allow":["GET"]}}],"collection":[{"href":"https:\/\/dev.sbro.ro\/index.php?rest_route=\/wp\/v2\/product"}],"about":[{"href":"https:\/\/dev.sbro.ro\/index.php?rest_route=\/wp\/v2\/types\/product"}],"replies":[{"embeddable":true,"href":"https:\/\/dev.sbro.ro\/index.php?rest_route=%2Fwp%2Fv2%2Fcomments&post=5866"}],"wp:featuredmedia":[{"embeddable":true,"href":"https:\/\/dev.sbro.ro\/index.php?rest_route=\/wp\/v2\/media\/11244"}],"wp:attachment":[{"href":"https:\/\/dev.sbro.ro\/index.php?rest_route=%2Fwp%2Fv2%2Fmedia&parent=5866"}],"wp:term":[{"taxonomy":"product_brand","embeddable":true,"href":"https:\/\/dev.sbro.ro\/index.php?rest_route=%2Fwp%2Fv2%2Fproduct_brand&post=5866"},{"taxonomy":"product_cat","embeddable":true,"href":"https:\/\/dev.sbro.ro\/index.php?rest_route=%2Fwp%2Fv2%2Fproduct_cat&post=5866"},{"taxonomy":"product_tag","embeddable":true,"href":"https:\/\/dev.sbro.ro\/index.php?rest_route=%2Fwp%2Fv2%2Fproduct_tag&post=5866"}],"curies":[{"name":"wp","href":"https:\/\/api.w.org\/{rel}","templated":true}]}}