{"id":5906,"date":"2026-04-21T09:13:02","date_gmt":"2026-04-21T09:13:02","guid":{"rendered":"https:\/\/dev.sbro.ro\/?product=sensul-casniciei-devotional"},"modified":"2026-04-21T09:13:02","modified_gmt":"2026-04-21T09:13:02","slug":"sensul-casniciei-devotional","status":"publish","type":"product","link":"https:\/\/dev.sbro.ro\/?product=sensul-casniciei-devotional","title":{"rendered":"Sensul c\u0103sniciei \u2013 devo\u021bional"},"content":{"rendered":"<p><strong>Rela\u021bia dintre so\u021b \u0219i so\u021bie \u2013 iat\u0103 una dintre cele mai profunde rela\u021bii dintre toate c\u00e2te exist\u0103. <\/strong>Cunoa\u0219terea \u0219i iubirea partenerului este o surs\u0103 nesecat\u0103 de satisfac\u021bii, una dintre cele mai minunate experien\u021be ale existen\u021bei. Dar poate fi, de asemenea, \u0219i una  dintre cele mai dificile \u0219i mai dureroase.<\/p>\n<p><strong>La baza acestui devo\u021bional, ce te poart\u0103 printr-un \u00eentreg an calendaristic, stau cei peste 43 de ani de c\u0103snicie ai lui Timothy \u0219i Kathy Keller.<\/strong> Devo\u021bionalul de fa\u021b\u0103 este un bun \u00eenso\u021bitor al c\u0103r\u021bii deja \u00eendr\u0103gite Sensul c\u0103sniciei \u0219i ne inspir\u0103, prin istorisirile cu t\u00e2lc, profunzimea \u0219i limpezimea interpret\u0103rilor scripturale, dar \u0219i prin \u00eendemnurile la rug\u0103ciune din fiecare zi spre o c\u0103snicie care s\u0103 ne \u00eemplineasc\u0103 cu adev\u0103rat.<\/p>\n<p>Vedem c\u0103s\u0103toria ca pe o prietenie-cu-o-misiune. \u00cen timp ce c\u0103sniciile din antichitate \u0219i cele tradi\u021bionale acordau prioritate rolurilor de p\u0103rin\u021bi, iar c\u0103snicia modern\u0103 pune pe primul loc dorin\u021bele partenerilor romantici, noi sus\u021binem c\u0103 \u00eempreun\u0103 cu to\u021bi ceilal\u021bi factori, so\u021bii trebuie s\u0103 fie cei mai buni prieteni. Cu toate acestea, prietenia trebuie s\u0103 aib\u0103 ceva \u00een comun; c\u0103snicia cre\u0219tin\u0103 trebuie  s\u0103 aib\u0103 \u00een comun dorin\u021ba pentru cre\u0219terea spiritual\u0103 \u0219i fiecare dintre so\u021bi trebuie s\u0103 \u00eel ajute pe cel\u0103lalt s\u0103 evolueze spiritual, s\u0103 semene c\u00e2t mai mult cu Hristos. Dac\u0103 avem ca obiectiv sfin\u021birea, vom fi ferici\u021bi; dac\u0103 ne dorim \u00een primul r\u00e2nd fericirea, le vom pierde pe am\u00e2ndou\u0103.<\/p>\n","protected":false},"excerpt":{"rendered":"<p>Rela\u021bia dintre so\u021b \u0219i so\u021bie \u2013 iat\u0103 una dintre cele mai profunde rela\u021bii dintre toate c\u00e2te exist\u0103. Cunoa\u0219terea \u0219i iubirea partenerului este o surs\u0103 nesecat\u0103 de satisfac\u021bii, una dintre cele mai minunate experien\u021be ale existen\u021bei. Dar poate fi, de asemenea, \u0219i una dintre cele mai dificile \u0219i mai dureroase. La baza acestui devo\u021bional, ce te [&hellip;]<\/p>\n","protected":false},"featured_media":11282,"comment_status":"open","ping_status":"closed","template":"","meta":[],"product_brand":[],"product_cat":[92,14],"product_tag":[],"class_list":{"0":"post-5906","1":"product","2":"type-product","3":"status-publish","4":"has-post-thumbnail","6":"product_cat-devotionale-si-meditatii-zilnice","7":"product_cat-viata-de-familie","9":"first","10":"instock","11":"shipping-taxable","12":"purchasable","13":"product-type-simple"},"_links":{"self":[{"href":"https:\/\/dev.sbro.ro\/index.php?rest_route=\/wp\/v2\/product\/5906","targetHints":{"allow":["GET"]}}],"collection":[{"href":"https:\/\/dev.sbro.ro\/index.php?rest_route=\/wp\/v2\/product"}],"about":[{"href":"https:\/\/dev.sbro.ro\/index.php?rest_route=\/wp\/v2\/types\/product"}],"replies":[{"embeddable":true,"href":"https:\/\/dev.sbro.ro\/index.php?rest_route=%2Fwp%2Fv2%2Fcomments&post=5906"}],"wp:featuredmedia":[{"embeddable":true,"href":"https:\/\/dev.sbro.ro\/index.php?rest_route=\/wp\/v2\/media\/11282"}],"wp:attachment":[{"href":"https:\/\/dev.sbro.ro\/index.php?rest_route=%2Fwp%2Fv2%2Fmedia&parent=5906"}],"wp:term":[{"taxonomy":"product_brand","embeddable":true,"href":"https:\/\/dev.sbro.ro\/index.php?rest_route=%2Fwp%2Fv2%2Fproduct_brand&post=5906"},{"taxonomy":"product_cat","embeddable":true,"href":"https:\/\/dev.sbro.ro\/index.php?rest_route=%2Fwp%2Fv2%2Fproduct_cat&post=5906"},{"taxonomy":"product_tag","embeddable":true,"href":"https:\/\/dev.sbro.ro\/index.php?rest_route=%2Fwp%2Fv2%2Fproduct_tag&post=5906"}],"curies":[{"name":"wp","href":"https:\/\/api.w.org\/{rel}","templated":true}]}}