{"id":591,"date":"2026-04-21T09:02:46","date_gmt":"2026-04-21T09:02:46","guid":{"rendered":"https:\/\/dev.sbro.ro\/?product=copilul-lui-ava"},"modified":"2026-04-21T09:02:46","modified_gmt":"2026-04-21T09:02:46","slug":"copilul-lui-ava","status":"publish","type":"product","link":"https:\/\/dev.sbro.ro\/?product=copilul-lui-ava","title":{"rendered":"Copilul lui Ava"},"content":{"rendered":"<p style=\"text-align: justify;\">\n<p style=\"text-align: justify;\">\n<p style=\"text-align: justify;\"><span class=\"textu\" style=\"font-size: large;\">Brennan Manning este un autor neconven\u0163ional, radical, pe alocuri incomod. Este suspectat constant de erezie de c\u0103tre unii fundamentali\u015fti, speria\u0163i c\u0103 prea mult har ar putea d\u0103una grav s\u0103n\u0103t\u0103\u0163ii spirituale. Din vasta lui oper\u0103 ne-am oprit la urm\u0103toarele titluri, care alc\u0103tuiesc un fel de trilogie. <\/span><\/p>\n<p style=\"text-align: justify;\"><span class=\"textu\" style=\"font-size: large;\"><strong>Evanghelia vagabonzilor<\/strong> d\u0103 cep Harului, care \u00een tradi\u0163ia cre\u015ftin\u0103 este sinonim cu speran\u0163a suprem\u0103. Prin har \u015fi nu prin merite personale, trecutul credinciosului devine iertat \u015fi uitat, prezentul cap\u0103t\u0103 sens, iar viitorul sun\u0103 promi\u0163\u0103tor. <\/span><\/p>\n<p style=\"text-align: justify;\"><span class=\"textu\" style=\"font-size: large;\"><strong>Semn\u0103tura lui Hristos<\/strong> merge un pas mai departe, av\u00e2nd ca punct focal Crucea &#8211; un sublim scandal, dar \u015fi un semn nobiliar pentru ucenicul dispus la o schimbare radical\u0103 de macaz pe drumul credin\u0163ei. <\/span><\/p>\n<p style=\"text-align: justify;\"><span class=\"textu\" style=\"font-size: large;\"><strong>Copilul lui Ava<\/strong> este o carte foarte personal\u0103, care vorbe\u015fte despre condi\u0163ia de Preaiubit a celui ce a fost cople\u015fit de har \u015fi a apucat pe calea trasat\u0103 de cruce. <\/span><\/p>\n<p style=\"text-align: justify;\"><span class=\"textu\" style=\"font-size: large;\">Manning spune frumos: \u201eC\u00e2nd apartenen\u0163a mea la un grup de elit\u0103 umbre\u015fte dragostea mea pentru Dumnezeu, c\u00e2nd \u00eemi extrag via\u0163a din orice alt\u0103 surs\u0103 dec\u00e2t din condi\u0163ia mea de preaiubit, sunt mort din punct de vedere spiritual\u201d.<br \/>\nCa \u015fi Iacov \u00een confruntarea sa cu \u00eengerul, autorul \u00ee\u015fi duce propriul r\u0103zboi pe fa\u0163\u0103 \u015fi recunoa\u015fte plin de sinceritate: \u201eM\u0103 lupt \u00eenc\u0103 s\u0103 renun\u0163 la preten\u0163ia absurd\u0103 c\u0103 m\u0103runtele mele rug\u0103ciuni, cunoa\u015fterea Scripturii, intui\u0163iile spirituale, miluirea unui s\u0103rac \u015fi succesele zgomotoase \u00een activitatea pastoral\u0103 m\u0103 pot face iubit \u00een ochii lui Dumnezeu\u201d.<\/span><\/p>\n<p style=\"text-align: justify;\">\n<p style=\"text-align: justify;\">\n<p style=\"text-align: justify;\">\n<p style=\"text-align: justify;\">\n<p style=\"text-align: justify;\">\n","protected":false},"excerpt":{"rendered":"<p>Brennan Manning este un autor neconven\u0163ional, radical, pe alocuri incomod. Este suspectat constant de erezie de c\u0103tre unii fundamentali\u015fti, speria\u0163i c\u0103 prea mult har ar putea d\u0103una grav s\u0103n\u0103t\u0103\u0163ii spirituale. Din vasta lui oper\u0103 ne-am oprit la urm\u0103toarele titluri, care alc\u0103tuiesc un fel de trilogie. Evanghelia vagabonzilor d\u0103 cep Harului, care \u00een tradi\u0163ia cre\u015ftin\u0103 este [&hellip;]<\/p>\n","protected":false},"featured_media":6034,"comment_status":"open","ping_status":"closed","template":"","meta":[],"product_brand":[],"product_cat":[18],"product_tag":[],"class_list":{"0":"post-591","1":"product","2":"type-product","3":"status-publish","4":"has-post-thumbnail","6":"product_cat-viata-crestina","8":"first","9":"outofstock","10":"shipping-taxable","11":"purchasable","12":"product-type-simple"},"_links":{"self":[{"href":"https:\/\/dev.sbro.ro\/index.php?rest_route=\/wp\/v2\/product\/591","targetHints":{"allow":["GET"]}}],"collection":[{"href":"https:\/\/dev.sbro.ro\/index.php?rest_route=\/wp\/v2\/product"}],"about":[{"href":"https:\/\/dev.sbro.ro\/index.php?rest_route=\/wp\/v2\/types\/product"}],"replies":[{"embeddable":true,"href":"https:\/\/dev.sbro.ro\/index.php?rest_route=%2Fwp%2Fv2%2Fcomments&post=591"}],"wp:featuredmedia":[{"embeddable":true,"href":"https:\/\/dev.sbro.ro\/index.php?rest_route=\/wp\/v2\/media\/6034"}],"wp:attachment":[{"href":"https:\/\/dev.sbro.ro\/index.php?rest_route=%2Fwp%2Fv2%2Fmedia&parent=591"}],"wp:term":[{"taxonomy":"product_brand","embeddable":true,"href":"https:\/\/dev.sbro.ro\/index.php?rest_route=%2Fwp%2Fv2%2Fproduct_brand&post=591"},{"taxonomy":"product_cat","embeddable":true,"href":"https:\/\/dev.sbro.ro\/index.php?rest_route=%2Fwp%2Fv2%2Fproduct_cat&post=591"},{"taxonomy":"product_tag","embeddable":true,"href":"https:\/\/dev.sbro.ro\/index.php?rest_route=%2Fwp%2Fv2%2Fproduct_tag&post=591"}],"curies":[{"name":"wp","href":"https:\/\/api.w.org\/{rel}","templated":true}]}}