{"id":5918,"date":"2026-04-21T09:13:04","date_gmt":"2026-04-21T09:13:04","guid":{"rendered":"https:\/\/dev.sbro.ro\/?product=minunea-creatiei-100-de-povestiri-uimitoare-despre-dumnezeu-si-stiinta"},"modified":"2026-04-21T09:13:04","modified_gmt":"2026-04-21T09:13:04","slug":"minunea-creatiei-100-de-povestiri-uimitoare-despre-dumnezeu-si-stiinta","status":"publish","type":"product","link":"https:\/\/dev.sbro.ro\/product\/minunea-creatiei-100-de-povestiri-uimitoare-despre-dumnezeu-si-stiinta\/","title":{"rendered":"Minunea crea\u021biei. 100 de povestiri uimitoare despre Dumnezeu \u0219i \u0219tiin\u021b\u0103"},"content":{"rendered":"<p>Cele 100 de povestiri uimitoare din aceast\u0103 carte includ versete biblice, rug\u0103ciuni, activit\u0103\u021bi amuzante \u0219i imagini spectaculoase, precum \u0219i o sec\u021biune speciala \u201e\u0218tiai c\u0103\u201d, unde vei descoperi fapte \u0219tiin\u021bifice fascinante despre:<br \/>\n\u2022 P\u0103m\u00e2nt \u2013 r\u00e2uri curcubeu, lava albastr\u0103, ghe\u021bari care se mi\u0219c\u0103;<br \/>\n\u2022 Animale \u2013 p\u0103s\u0103ri-ghid, \u0219erpi zbur\u0103tori, narvali;<br \/>\n\u2022 Spa\u021biu \u2013 g\u0103uri negre, luni vulcanice, explozii de raze gamma;<br \/>\n\u2022 Oameni \u2013 ce se \u00eent\u00e2mpl\u0103 \u00een corpul nostru c\u00e2nd ne e foame sau c\u00e2nd iubim.<br \/>\nPe m\u0103sur\u0103 ce explorezi aceste pagini pline de culoare, vei descoperi c\u0103 fiecare detaliu al universului poart\u0103 amprenta unui Dumnezeu care creeaz\u0103, sus\u021bine \u0219i inspir\u0103 via\u021ba \u00een fiecare clip\u0103.<\/p>\n<p>Fiecare medita\u021bie este \u00eenso\u021bit\u0103 de o sec\u021biune intitulat\u0103 \u201e\u0218TIAI C\u0102&#8230;\u201d, informa\u021bii fascinante, activit\u0103\u021bi practice \u0219i o rug\u0103ciune de \u00eencheiere. Cartea Minunea crea\u021biei este continuarea c\u0103r\u021bilor C\u00e2t de m\u0103re\u021b este Dumnezeu \u0219i De nedescris. Toate acestea te vor ajuta s\u0103 descoperi m\u0103re\u021bia lui Dumnezeu prin minunile crea\u021biei Sale.<\/p>\n<\/p>\n<p><strong>DESPRE AUTOR<\/strong><\/p>\n<p>LOUIE GIGLIO este pastor \u0219i autor care \u0219i-a c\u00e2\u0219tigat reputa\u021bia c\u0103 unul dintre cei mai influen\u021bi lideri spirituali ai timpurilor noastre. Cu o carier\u0103 extins\u0103 \u00een slujirea \u0219i predicarea Cuv\u00e2ntului lui Dumnezeu, Giglio a avut un impact semnificativ \u00een via\u021ba multor oameni din \u00eentreag\u0103 lume.<br \/>\nN\u0103scut \u0219i crescut \u00een Georgia, Louie Giglio e cunoscut pentru pasiunea \u0219i devotamentul sau \u00een slujirea tinerilor. \u00cempreun\u0103 cu so\u021bia s\u0103 Shelley, a fondat Passion City Church, o biseric\u0103 din Atlanta, Georgia, care s-a dezvoltat rapid \u0219i a devenit un loc de \u00eenchinare pentru mii de oameni.<br \/>\nGiglio este implicat \u0219i \u00een numeroase cauze umanitare c\u0103 sus\u021bin\u0103tor al luptei \u00eempotriva sclaviei moderne \u0219i a traficului de persoane, prin intermediul organiza\u021biei \u201eEnd It\u201d, \u0219i contribuie la construirea de pu\u021buri de ap\u0103 \u00een zone defavorizate prin proiectul \u201ePassion World Tour\u201d.<br \/>\nCa autor, a scris mai multe c\u0103r\u021bi devenite bestselleruri, dintre care \u00een limba rom\u00e2n\u0103 au ap\u0103rut: Un nou \u00eenceput, Goliat trebuie s\u0103 cad\u0103 \u0219i De nedescris. Lucr\u0103rile sale sunt apreciate pentru con\u021binutul lor profund \u0219i pentru abordarea inspira\u021bional\u0103.<br \/>\nLouie \u0219i so\u021bia lui, Shelley, locuiesc \u00een Atlanta.<\/p>\n","protected":false},"excerpt":{"rendered":"<p>Cele 100 de povestiri uimitoare din aceast\u0103 carte includ versete biblice, rug\u0103ciuni, activit\u0103\u021bi amuzante \u0219i imagini spectaculoase, precum \u0219i o sec\u021biune speciala \u201e\u0218tiai c\u0103\u201d, unde vei descoperi fapte \u0219tiin\u021bifice fascinante despre: \u2022 P\u0103m\u00e2nt \u2013 r\u00e2uri curcubeu, lava albastr\u0103, ghe\u021bari care se mi\u0219c\u0103; \u2022 Animale \u2013 p\u0103s\u0103ri-ghid, \u0219erpi zbur\u0103tori, narvali; \u2022 Spa\u021biu \u2013 g\u0103uri negre, luni [&hellip;]<\/p>\n","protected":false},"featured_media":11294,"comment_status":"open","ping_status":"closed","template":"","meta":[],"product_brand":[],"product_cat":[35],"product_tag":[],"class_list":{"0":"post-5918","1":"product","2":"type-product","3":"status-publish","4":"has-post-thumbnail","6":"product_cat-copii","8":"first","9":"instock","10":"shipping-taxable","11":"purchasable","12":"product-type-simple"},"_links":{"self":[{"href":"https:\/\/dev.sbro.ro\/wp-json\/wp\/v2\/product\/5918","targetHints":{"allow":["GET"]}}],"collection":[{"href":"https:\/\/dev.sbro.ro\/wp-json\/wp\/v2\/product"}],"about":[{"href":"https:\/\/dev.sbro.ro\/wp-json\/wp\/v2\/types\/product"}],"replies":[{"embeddable":true,"href":"https:\/\/dev.sbro.ro\/wp-json\/wp\/v2\/comments?post=5918"}],"wp:featuredmedia":[{"embeddable":true,"href":"https:\/\/dev.sbro.ro\/wp-json\/wp\/v2\/media\/11294"}],"wp:attachment":[{"href":"https:\/\/dev.sbro.ro\/wp-json\/wp\/v2\/media?parent=5918"}],"wp:term":[{"taxonomy":"product_brand","embeddable":true,"href":"https:\/\/dev.sbro.ro\/wp-json\/wp\/v2\/product_brand?post=5918"},{"taxonomy":"product_cat","embeddable":true,"href":"https:\/\/dev.sbro.ro\/wp-json\/wp\/v2\/product_cat?post=5918"},{"taxonomy":"product_tag","embeddable":true,"href":"https:\/\/dev.sbro.ro\/wp-json\/wp\/v2\/product_tag?post=5918"}],"curies":[{"name":"wp","href":"https:\/\/api.w.org\/{rel}","templated":true}]}}