{"id":5920,"date":"2026-04-21T09:13:04","date_gmt":"2026-04-21T09:13:04","guid":{"rendered":"https:\/\/dev.sbro.ro\/?product=acasa-iertare"},"modified":"2026-04-21T09:13:04","modified_gmt":"2026-04-21T09:13:04","slug":"acasa-iertare","status":"publish","type":"product","link":"https:\/\/dev.sbro.ro\/?product=acasa-iertare","title":{"rendered":"Acas\u0103: Iertare"},"content":{"rendered":"<h4><strong>Cartea Acas\u0103: Iertare de Elida Oncea este o poveste \u00een care multe persoane se vor reg\u0103si<\/strong><\/h4>\n<p>Acas\u0103 \u2013 Iertare este o poveste real\u0103, tulbur\u0103tor de sincer\u0103, despre pierdere, iubire \u0219i redescoperire. Dup\u0103 ce \u00ee\u0219i pierde tat\u0103l la doar \u0219ase ani, Alexia r\u0103m\u00e2ne \u00een grija bunicii, \u00een timp ce mama ei, Clara, pleac\u0103 \u00een Italia pentru a-i asigura un viitor mai bun. \u00centre ele se \u00eentinde nu doar o distan\u021b\u0103 mare, ci \u0219i un dor care nu se stinge.<\/p>\n<p>Anii adolescen\u021bei aduc pentru Alexia \u00eentreb\u0103ri f\u0103r\u0103 r\u0103spuns, nevoi nerostite, prietenii care dor, visuri fragile \u0219i dorin\u021ba de a apar\u021bine. Pentru Clara, aceia\u0219i ani \u00eenseamn\u0103 sacrificii t\u0103cute, munc\u0103 neobosit\u0103 \u0219i dorul sf\u00e2\u0219ietor de a se \u00eentoarce acas\u0103.  C\u00e2nd diagnosticul necru\u021b\u0103tor de cancer pancreatic schimb\u0103 totul, mama \u0219i fiica se reg\u0103sesc \u00eentr-un capitol dureros. Clara \u00eei las\u0103 Alexiei cea mai pre\u021bioas\u0103 mo\u0219tenire: lec\u021biile unei vie\u021bi tr\u0103ite cu credin\u021b\u0103, bun\u0103tate \u0219i recuno\u0219tin\u021b\u0103.<\/p>\n<p>\u201e<em>Am \u00eenv\u0103\u021bat c\u0103 \u00een via\u021b\u0103 totul se poate schimba \u00eentr-o clip\u0103 \u0219i singura constant\u0103 este Dumnezeu. Am \u00eenv\u0103\u021bat c\u0103 dragostea este ve\u0219nic\u0103, dar o putem manifesta limitat. De aceea trebuie s\u0103 pre\u021buim fiecare ocazie de a le ar\u0103ta celorlal\u021bi c\u0103 \u00eei iubim<\/em>.\u201d Cu realism \u0219i profunzime, romanul surprinde drumul unei fiice spre maturitate \u0219i al unei mame spre ve\u0219nicie. O carte despre credin\u021b\u0103, familie \u0219i puterea de a iubi dincolo de suferin\u021b\u0103  \u2013 o poveste care nu se cite\u0219te doar cu ochii, ci se tr\u0103ie\u0219te cu inima.<\/p>\n","protected":false},"excerpt":{"rendered":"<p>Cartea Acas\u0103: Iertare de Elida Oncea este o poveste \u00een care multe persoane se vor reg\u0103si Acas\u0103 \u2013 Iertare este o poveste real\u0103, tulbur\u0103tor de sincer\u0103, despre pierdere, iubire \u0219i redescoperire. Dup\u0103 ce \u00ee\u0219i pierde tat\u0103l la doar \u0219ase ani, Alexia r\u0103m\u00e2ne \u00een grija bunicii, \u00een timp ce mama ei, Clara, pleac\u0103 \u00een Italia pentru [&hellip;]<\/p>\n","protected":false},"featured_media":0,"comment_status":"open","ping_status":"closed","template":"","meta":[],"product_brand":[],"product_cat":[30],"product_tag":[],"class_list":{"0":"post-5920","1":"product","2":"type-product","3":"status-publish","5":"product_cat-beletristica","7":"first","8":"instock","9":"shipping-taxable","10":"purchasable","11":"product-type-simple"},"_links":{"self":[{"href":"https:\/\/dev.sbro.ro\/index.php?rest_route=\/wp\/v2\/product\/5920","targetHints":{"allow":["GET"]}}],"collection":[{"href":"https:\/\/dev.sbro.ro\/index.php?rest_route=\/wp\/v2\/product"}],"about":[{"href":"https:\/\/dev.sbro.ro\/index.php?rest_route=\/wp\/v2\/types\/product"}],"replies":[{"embeddable":true,"href":"https:\/\/dev.sbro.ro\/index.php?rest_route=%2Fwp%2Fv2%2Fcomments&post=5920"}],"wp:attachment":[{"href":"https:\/\/dev.sbro.ro\/index.php?rest_route=%2Fwp%2Fv2%2Fmedia&parent=5920"}],"wp:term":[{"taxonomy":"product_brand","embeddable":true,"href":"https:\/\/dev.sbro.ro\/index.php?rest_route=%2Fwp%2Fv2%2Fproduct_brand&post=5920"},{"taxonomy":"product_cat","embeddable":true,"href":"https:\/\/dev.sbro.ro\/index.php?rest_route=%2Fwp%2Fv2%2Fproduct_cat&post=5920"},{"taxonomy":"product_tag","embeddable":true,"href":"https:\/\/dev.sbro.ro\/index.php?rest_route=%2Fwp%2Fv2%2Fproduct_tag&post=5920"}],"curies":[{"name":"wp","href":"https:\/\/api.w.org\/{rel}","templated":true}]}}