{"id":5926,"date":"2026-04-21T09:13:05","date_gmt":"2026-04-21T09:13:05","guid":{"rendered":"https:\/\/dev.sbro.ro\/?product=agenda-pentru-femei-2026"},"modified":"2026-05-07T10:11:00","modified_gmt":"2026-05-07T10:11:00","slug":"agenda-pentru-femei-2026","status":"publish","type":"product","link":"https:\/\/dev.sbro.ro\/?product=agenda-pentru-femei-2026","title":{"rendered":"Agend\u0103 pentru femei 2026"},"content":{"rendered":"<p>Descoper\u0103 \u00een paginile ei inspira\u021bia de care ai nevoie pentru a tr\u0103i frumos, cu curaj \u0219i autenticitate. Vei \u00eenv\u0103\u021ba:<br \/>\n\u2611 s\u0103 fii tu \u00eens\u0103\u021bi indiferent de \u00eemprejur\u0103ri,<br \/>\n\u2611 s\u0103 pre\u021buie\u0219ti prietenia adev\u0103rat\u0103,<br \/>\n\u2611 s\u0103 g\u0103se\u0219ti puterea de a z\u00e2mbi chiar \u0219i atunci c\u00e2nd via\u021ba nu e perfect\u0103.<\/p>\n<p>Aceast\u0103 agend\u0103 nu este doar un simplu instrument de organizare zilnic\u0103 \u2013 ea devine un partener de drum. Con\u021bine \u0219i un jurnal al obiceiurilor bune, care te motiveaz\u0103 s\u0103 faci pa\u0219i mici, dar constan\u021bi, spre o via\u021b\u0103 mai s\u0103n\u0103toas\u0103 \u0219i mai echilibrat\u0103.<\/p>\n<p>Cu o grafic\u0103 delicat\u0103, inspirat\u0103 din frumuse\u021bea naturii, fiecare pagin\u0103 te va ajuta s\u0103 ier\u021bi, s\u0103 speri \u0219i s\u0103 r\u0103sp\u00e2nde\u0219ti lumin\u0103 \u0219i z\u00e2mbete celor din jur.<br \/>\nUn dar pre\u021bios pentru orice femeie \u2013 dar mai ales pentru tine!<\/p>\n<p>Dimensiune: 21 x 14 cm<\/p>\n","protected":false},"excerpt":{"rendered":"<p>Descoper\u0103 \u00een paginile ei inspira\u021bia de care ai nevoie pentru a tr\u0103i frumos, cu curaj \u0219i autenticitate. Vei \u00eenv\u0103\u021ba: \u2611 s\u0103 fii tu \u00eens\u0103\u021bi indiferent de \u00eemprejur\u0103ri, \u2611 s\u0103 pre\u021buie\u0219ti prietenia adev\u0103rat\u0103, \u2611 s\u0103 g\u0103se\u0219ti puterea de a z\u00e2mbi chiar \u0219i atunci c\u00e2nd via\u021ba nu e perfect\u0103. Aceast\u0103 agend\u0103 nu este doar un simplu instrument [&hellip;]<\/p>\n","protected":false},"featured_media":11300,"comment_status":"open","ping_status":"closed","template":"","meta":[],"product_brand":[],"product_cat":[46],"product_tag":[],"class_list":{"0":"post-5926","1":"product","2":"type-product","3":"status-publish","4":"has-post-thumbnail","6":"product_cat-cadouri","8":"first","9":"instock","10":"shipping-taxable","11":"purchasable","12":"product-type-simple"},"_links":{"self":[{"href":"https:\/\/dev.sbro.ro\/index.php?rest_route=\/wp\/v2\/product\/5926","targetHints":{"allow":["GET"]}}],"collection":[{"href":"https:\/\/dev.sbro.ro\/index.php?rest_route=\/wp\/v2\/product"}],"about":[{"href":"https:\/\/dev.sbro.ro\/index.php?rest_route=\/wp\/v2\/types\/product"}],"replies":[{"embeddable":true,"href":"https:\/\/dev.sbro.ro\/index.php?rest_route=%2Fwp%2Fv2%2Fcomments&post=5926"}],"wp:featuredmedia":[{"embeddable":true,"href":"https:\/\/dev.sbro.ro\/index.php?rest_route=\/wp\/v2\/media\/11300"}],"wp:attachment":[{"href":"https:\/\/dev.sbro.ro\/index.php?rest_route=%2Fwp%2Fv2%2Fmedia&parent=5926"}],"wp:term":[{"taxonomy":"product_brand","embeddable":true,"href":"https:\/\/dev.sbro.ro\/index.php?rest_route=%2Fwp%2Fv2%2Fproduct_brand&post=5926"},{"taxonomy":"product_cat","embeddable":true,"href":"https:\/\/dev.sbro.ro\/index.php?rest_route=%2Fwp%2Fv2%2Fproduct_cat&post=5926"},{"taxonomy":"product_tag","embeddable":true,"href":"https:\/\/dev.sbro.ro\/index.php?rest_route=%2Fwp%2Fv2%2Fproduct_tag&post=5926"}],"curies":[{"name":"wp","href":"https:\/\/api.w.org\/{rel}","templated":true}]}}