{"id":5927,"date":"2026-04-21T09:13:05","date_gmt":"2026-04-21T09:13:05","guid":{"rendered":"https:\/\/dev.sbro.ro\/?product=poezii-crestine-volumul-2"},"modified":"2026-04-21T09:13:05","modified_gmt":"2026-04-21T09:13:05","slug":"poezii-crestine-volumul-2","status":"publish","type":"product","link":"https:\/\/dev.sbro.ro\/product\/poezii-crestine-volumul-2\/","title":{"rendered":"Poezii cre\u0219tine &#8211; volumul 2"},"content":{"rendered":"<p>\u00centr-o lume gr\u0103bit\u0103 \u0219i lipsit\u0103 de tihn\u0103, poezia cre\u0219tin\u0103 r\u0103m\u00e2ne un glas tainic ce cheam\u0103 sufletul \u00eenapoi la izvoarele harului.<br \/>\n\u201ePoezii cre\u0219tine \u2013 Volumul 2\u201d este o adunare de lacrimi, rug\u0103ciuni \u0219i c\u00e2nt\u0103ri a\u0219ternute cu inima \u00eenaintea Celui ce este Cuv\u00e2ntul vie\u021bii.<br \/>\nFiecare vers din aceast\u0103 carte este o punte \u00eentre p\u0103m\u00e2nt \u0219i cer, \u00eentre zbuciumul firii \u0219i odihna credin\u021bei.<br \/>\n\u00cen aceste pagini vei g\u0103si suspinul celui zdrobit, c\u00e2ntarea celui izb\u0103vit, dorul celui ce t\u00e2nje\u0219te dup\u0103 slava viitoare.<br \/>\nAceast\u0103 carte nu este doar o colec\u021bie de poezii; este o chemare la sfin\u021benie, o \u00eenchinare rostit\u0103 \u00een \u0219oapt\u0103 \u0219i o m\u0103rturie a n\u0103dejdii care nu \u00een\u0219al\u0103.<br \/>\nCei care o vor citi cu inima deschis\u0103 vor sim\u021bi adierea Duhului \u0219i vor auzi \u0219oapta bl\u00e2nd\u0103 a Celui ce spune: \u201e\u00cenc\u0103 sunt aproape.\u201d<br \/>\nFie ca fiecare cuv\u00e2nt s\u0103 aprind\u0103 o sc\u00e2nteie de credin\u021b\u0103, s\u0103 aline o ran\u0103 nev\u0103zut\u0103 \u0219i s\u0103 \u00eenal\u021be o inim\u0103 spre \u00een\u0103l\u021bimile cere\u0219ti.<br \/>\nPeter Andrei<\/p>\n","protected":false},"excerpt":{"rendered":"<p>\u00centr-o lume gr\u0103bit\u0103 \u0219i lipsit\u0103 de tihn\u0103, poezia cre\u0219tin\u0103 r\u0103m\u00e2ne un glas tainic ce cheam\u0103 sufletul \u00eenapoi la izvoarele harului. \u201ePoezii cre\u0219tine \u2013 Volumul 2\u201d este o adunare de lacrimi, rug\u0103ciuni \u0219i c\u00e2nt\u0103ri a\u0219ternute cu inima \u00eenaintea Celui ce este Cuv\u00e2ntul vie\u021bii. Fiecare vers din aceast\u0103 carte este o punte \u00eentre p\u0103m\u00e2nt \u0219i cer, \u00eentre [&hellip;]<\/p>\n","protected":false},"featured_media":11301,"comment_status":"open","ping_status":"closed","template":"","meta":[],"product_brand":[],"product_cat":[39,62],"product_tag":[],"class_list":{"0":"post-5927","1":"product","2":"type-product","3":"status-publish","4":"has-post-thumbnail","6":"product_cat-poezii","7":"product_cat-poezii-editura-metanoia","9":"first","10":"instock","11":"shipping-taxable","12":"purchasable","13":"product-type-simple"},"_links":{"self":[{"href":"https:\/\/dev.sbro.ro\/wp-json\/wp\/v2\/product\/5927","targetHints":{"allow":["GET"]}}],"collection":[{"href":"https:\/\/dev.sbro.ro\/wp-json\/wp\/v2\/product"}],"about":[{"href":"https:\/\/dev.sbro.ro\/wp-json\/wp\/v2\/types\/product"}],"replies":[{"embeddable":true,"href":"https:\/\/dev.sbro.ro\/wp-json\/wp\/v2\/comments?post=5927"}],"wp:featuredmedia":[{"embeddable":true,"href":"https:\/\/dev.sbro.ro\/wp-json\/wp\/v2\/media\/11301"}],"wp:attachment":[{"href":"https:\/\/dev.sbro.ro\/wp-json\/wp\/v2\/media?parent=5927"}],"wp:term":[{"taxonomy":"product_brand","embeddable":true,"href":"https:\/\/dev.sbro.ro\/wp-json\/wp\/v2\/product_brand?post=5927"},{"taxonomy":"product_cat","embeddable":true,"href":"https:\/\/dev.sbro.ro\/wp-json\/wp\/v2\/product_cat?post=5927"},{"taxonomy":"product_tag","embeddable":true,"href":"https:\/\/dev.sbro.ro\/wp-json\/wp\/v2\/product_tag?post=5927"}],"curies":[{"name":"wp","href":"https:\/\/api.w.org\/{rel}","templated":true}]}}