{"id":5933,"date":"2026-04-21T09:13:05","date_gmt":"2026-04-21T09:13:05","guid":{"rendered":"https:\/\/dev.sbro.ro\/?product=poezii-de-suflet-calatorind-cu-dumnezeu"},"modified":"2026-04-21T09:13:05","modified_gmt":"2026-04-21T09:13:05","slug":"poezii-de-suflet-calatorind-cu-dumnezeu","status":"publish","type":"product","link":"https:\/\/dev.sbro.ro\/product\/poezii-de-suflet-calatorind-cu-dumnezeu\/","title":{"rendered":"Poezii de suflet &#8211; C\u0103l\u0103torind cu Dumnezeu!"},"content":{"rendered":"<p>Fragment din poezia \u201eRug\u0103ciune\u201d:<br \/>\n\u201eTu e\u0219ti pe veci a mea cunun\u0103,<br \/>\nDomnul meu,<br \/>\nCu Tine merg eu \u00eempreun\u0103,<br \/>\nM\u00e2n\u0103 \u00een m\u00e2n\u0103.\u201d<br \/>\nAutoarea<\/p>\n","protected":false},"excerpt":{"rendered":"<p>Fragment din poezia \u201eRug\u0103ciune\u201d: \u201eTu e\u0219ti pe veci a mea cunun\u0103, Domnul meu, Cu Tine merg eu \u00eempreun\u0103, M\u00e2n\u0103 \u00een m\u00e2n\u0103.\u201d Autoarea<\/p>\n","protected":false},"featured_media":11307,"comment_status":"open","ping_status":"closed","template":"","meta":[],"product_brand":[],"product_cat":[62,39],"product_tag":[],"class_list":{"0":"post-5933","1":"product","2":"type-product","3":"status-publish","4":"has-post-thumbnail","6":"product_cat-poezii-editura-metanoia","7":"product_cat-poezii","9":"first","10":"instock","11":"shipping-taxable","12":"purchasable","13":"product-type-simple"},"_links":{"self":[{"href":"https:\/\/dev.sbro.ro\/wp-json\/wp\/v2\/product\/5933","targetHints":{"allow":["GET"]}}],"collection":[{"href":"https:\/\/dev.sbro.ro\/wp-json\/wp\/v2\/product"}],"about":[{"href":"https:\/\/dev.sbro.ro\/wp-json\/wp\/v2\/types\/product"}],"replies":[{"embeddable":true,"href":"https:\/\/dev.sbro.ro\/wp-json\/wp\/v2\/comments?post=5933"}],"wp:featuredmedia":[{"embeddable":true,"href":"https:\/\/dev.sbro.ro\/wp-json\/wp\/v2\/media\/11307"}],"wp:attachment":[{"href":"https:\/\/dev.sbro.ro\/wp-json\/wp\/v2\/media?parent=5933"}],"wp:term":[{"taxonomy":"product_brand","embeddable":true,"href":"https:\/\/dev.sbro.ro\/wp-json\/wp\/v2\/product_brand?post=5933"},{"taxonomy":"product_cat","embeddable":true,"href":"https:\/\/dev.sbro.ro\/wp-json\/wp\/v2\/product_cat?post=5933"},{"taxonomy":"product_tag","embeddable":true,"href":"https:\/\/dev.sbro.ro\/wp-json\/wp\/v2\/product_tag?post=5933"}],"curies":[{"name":"wp","href":"https:\/\/api.w.org\/{rel}","templated":true}]}}