{"id":5956,"date":"2026-04-21T09:13:09","date_gmt":"2026-04-21T09:13:09","guid":{"rendered":"https:\/\/dev.sbro.ro\/?product=biblia-ebraica-geneza"},"modified":"2026-04-21T09:13:09","modified_gmt":"2026-04-21T09:13:09","slug":"biblia-ebraica-geneza","status":"publish","type":"product","link":"https:\/\/dev.sbro.ro\/product\/biblia-ebraica-geneza\/","title":{"rendered":"Biblia ebraic\u0103 &#8211; Geneza"},"content":{"rendered":"<p>Consensul general recunoa\u0219te \u00een Biblie cartea de c\u0103p\u0103t\u00e2i a umanit\u0103\u021bii. Drept urmare, nu exist\u0103 o munc\u0103 mai onorabil\u0103 dec\u00e2t cea de traduc\u0103tor al Bibliei. Rom\u00e2nii \u00eei datoreaz\u0103 enorm lui Dumitru Cornilescu pentru traducerea Bibliei \u00een rom\u00e2ne\u0219te. Edi\u021bia publicat\u0103 ini\u021bial \u00een 1921, apoi republicat\u0103 \u00een 1924 cu unele corecturi, a r\u0103mas textul sacru de c\u0103p\u0103t\u00e2i al tuturor evanghelicilor rom\u00e2ni p\u00e2n\u0103 \u00een zilele noastre. \u00cen urma public\u0103rii coresponden\u021bei \u00eentre\u021binute de Cornilescu cu reprezentan\u021bii Societ\u0103\u021bii Biblice Britanice, putem s\u0103 realiz\u0103m natura exerci\u021biului \u00eentreprins de Cornilescu \u0219i s\u0103 estim\u0103m valoarea muncii incorporate \u00een traducerea sa. <br \/>\nNout\u0103\u021bi ale versiunii de fa\u021b\u0103 <br \/>\nPe parcursul ultimilor 30 de ani am avut oportunitatea de a lucra \u00een trei proiecte de traducere a Bibliei ebraice \u00een rom\u00e2ne\u0219te \u0219i \u00een unul de revizuire a edi\u021biei Cornilescu dup\u0103 textul ebraic, dar implicat efectiv \u0219i autor moral al traducerii Genezei pot spune c\u0103 am fost la doar dou\u0103 dintre ele: Biblia dup\u0103 textul ebraic: Geneza (Bucure\u0219ti: Humanitas, 2019; capitolele 36\u201343) \u0219i Biblia Societ\u0103\u021bii Biblice din Rom\u00e2nia, \u00eenc\u0103 aflat \u00een editare teologic\u0103. A\u0219adar, aici vede lumina tiparului prima mea traducere integral\u0103 a Genezei. Chiar \u0219i a\u0219a versiunea propus\u0103 aici pentru Geneza este nou\u0103, chiar dac\u0103 pe alocuri, inevitabil, se pot identifica anumite apropieri de celelalte versiuni. <br \/>\nA doua noutate a traducerii de fa\u021b\u0103 este \u00eenso\u021birea de note \u0219i comentariu. \u00cen aceste note se face trimitere la variantele de text g\u0103site \u00een manuscrisele \u0219i versiunile antice, se dau deslu\u0219iri cu privire la forma traducerii pentru care am optat \u00een text, justific\u0103ri pentru \u00eendep\u0103rtarea de redarea literal\u0103 a originalului, minime clarific\u0103ri ale unor elemente de context cultural \u0219i explica\u021bii ale sensului unor cuvinte ebraice mai dificile sau mai importante pentru \u00een\u021belegerea textului. Pentru realizarea notelor, am luat \u00een considerare propunerile traduc\u0103torilor \u0219i editorilor NET \u0219i ale lui Gordon J. Wenham (Genesis 1\u201315, WBC 1, 1987; Genesis 16\u201350, WBC 2, 1994). \u00cen urm\u0103 cu o sut\u0103 de ani, Societatea Biblic\u0103 Britanic\u0103 i-a interzis lui Cornilescu s\u0103 foloseasc\u0103 notele de subsol \u0219i s\u0103 le retrag\u0103 pe cele existente \u00een edi\u021bia din 1921. \u00centre timp, audien\u021ba s-a emancipat \u0219i s-a deprins s\u0103 foloseasc\u0103 diverse instrumente pentru a studia un text antic, inclusiv notele de subsol. <br \/>\nComentariul la Geneza a fost publicat deja \u00een format electronic pe situl www.ebiblia.ro, al\u0103turi de comentarii asupra altor c\u0103r\u021bi, \u0219i apare par\u021bial \u0219i \u00een format tip\u0103rit \u00een lucrarea Odiseea spiritual\u0103 a lui Iacov, fiul lui Isaac, fiul lui Avraam: procesul devenirii unui patriarh. Alte materiale din munca proprie de cercetare asupra c\u0103r\u021bii Geneza s-au dovedit folositoare pentru informa\u021biile incluse \u00een acest volum (vezi bibliografia). <br \/>\nModelul de traducere a textului biblic cu comentariu a fost patentat \u00een Rom\u00e2nia de Cristian B\u0103dili\u021b\u0103 asupra c\u0103r\u021bilor Noului Testament. Traducere cu note \u0219i introducere a produs \u0219i colectivul coordonat de Cristian B\u0103dili\u021b\u0103, Francisca B\u0103lt\u0103ceanu, Monica Bro\u0219teanu \u0219i Dan \u0218lu\u0219anschi pentru Septuaginta, versiunea greac\u0103 a Vechiului Testament. Traducerea de fa\u021b\u0103 a Genezei, cu note \u0219i comentariu, se al\u0103tur\u0103 celor dou\u0103 proiecte personale publicate anterior pentru c\u0103r\u021bile Amos \u0219i Apocalipsa. <br \/>\nUn demers solitar precum cel de fa\u021b\u0103 nu este totu\u0219i singular \u00een lumea traduc\u0103torilor Bibliei nici chiar \u00een zilele noastre. Se cunosc asemenea \u00eentreprinderi \u00een lumea contemporan\u0103 at\u00e2t peste ocean, c\u00e2t \u0219i \u00een Europa. Astfel, am consultat cu regularitate produc\u021biile literare ale lui Robert Alter, profesorul de la Yale (Genesis: Translation and Commentary, New York: W. W. Norton, 1997), \u0219i Eugene H. Peterson (The Message: The Bible in Contemporary Language, NavPress, 2005). \u00cent\u00e2lnirea cu pastorul \u0219i profesorul Piotr Zaremba \u00een august 2025, traduc\u0103torul Bibliei folosite de evanghelicii polonezi, mi-a oferit introspec\u021bia \u0219i motivarea necesare pentru a finaliza traducerea primei c\u0103r\u021bi a Bibliei. <br \/>\nAlte nout\u0103\u021bi privesc \u00eencadrarea textului \u00een pagin\u0103. \u00cen primul r\u00e2nd, am renun\u021bat la a\u0219ezarea textului pe coloane, a\u0219a cum de pu\u021bine ori s-a \u00eencercat \u00een contextul rom\u00e2nesc pentru textul sacru. Folosirea \u00eentregului spa\u021biu al paginii pentru textul traducerii a permis eviden\u021bierea paralelismului care leag\u0103 versurile \u00een poezia ebraic\u0103. Acolo unde personajele au schimbat replici \u00eentre ele, am folosit linia dialogului, renun\u021b\u00e2nd la ghilimele. Pericopele sunt marcate suplimentar cu titluri. Locurile paralele \u00een alte c\u0103r\u021bi ale Vechiului Testament au fost semnalate \u00eentre paranteze dup\u0103 titluri (e.g., genealogiile din Geneza se reg\u0103sesc \u0219i \u00een 1Cronici). Paragrafele marcheaz\u0103 trecerea de la o sec\u021biune la alta sau de la un episod la altul. Pe margini sunt incluse trimiteri la textele biblice care ating aceea\u0219i tem\u0103, vorbesc despre acela\u0219i personaj sau se refer\u0103 la un incident similar.<\/p>\n","protected":false},"excerpt":{"rendered":"<p>Consensul general recunoa\u0219te \u00een Biblie cartea de c\u0103p\u0103t\u00e2i a umanit\u0103\u021bii. Drept urmare, nu exist\u0103 o munc\u0103 mai onorabil\u0103 dec\u00e2t cea de traduc\u0103tor al Bibliei. Rom\u00e2nii \u00eei datoreaz\u0103 enorm lui Dumitru Cornilescu pentru traducerea Bibliei \u00een rom\u00e2ne\u0219te. Edi\u021bia publicat\u0103 ini\u021bial \u00een 1921, apoi republicat\u0103 \u00een 1924 cu unele corecturi, a r\u0103mas textul sacru de c\u0103p\u0103t\u00e2i al [&hellip;]<\/p>\n","protected":false},"featured_media":11330,"comment_status":"open","ping_status":"closed","template":"","meta":[],"product_brand":[],"product_cat":[12],"product_tag":[],"class_list":{"0":"post-5956","1":"product","2":"type-product","3":"status-publish","4":"has-post-thumbnail","6":"product_cat-comentarii-studii","8":"first","9":"instock","10":"shipping-taxable","11":"purchasable","12":"product-type-simple"},"_links":{"self":[{"href":"https:\/\/dev.sbro.ro\/wp-json\/wp\/v2\/product\/5956","targetHints":{"allow":["GET"]}}],"collection":[{"href":"https:\/\/dev.sbro.ro\/wp-json\/wp\/v2\/product"}],"about":[{"href":"https:\/\/dev.sbro.ro\/wp-json\/wp\/v2\/types\/product"}],"replies":[{"embeddable":true,"href":"https:\/\/dev.sbro.ro\/wp-json\/wp\/v2\/comments?post=5956"}],"wp:featuredmedia":[{"embeddable":true,"href":"https:\/\/dev.sbro.ro\/wp-json\/wp\/v2\/media\/11330"}],"wp:attachment":[{"href":"https:\/\/dev.sbro.ro\/wp-json\/wp\/v2\/media?parent=5956"}],"wp:term":[{"taxonomy":"product_brand","embeddable":true,"href":"https:\/\/dev.sbro.ro\/wp-json\/wp\/v2\/product_brand?post=5956"},{"taxonomy":"product_cat","embeddable":true,"href":"https:\/\/dev.sbro.ro\/wp-json\/wp\/v2\/product_cat?post=5956"},{"taxonomy":"product_tag","embeddable":true,"href":"https:\/\/dev.sbro.ro\/wp-json\/wp\/v2\/product_tag?post=5956"}],"curies":[{"name":"wp","href":"https:\/\/api.w.org\/{rel}","templated":true}]}}