{"id":5960,"date":"2026-04-21T09:13:09","date_gmt":"2026-04-21T09:13:09","guid":{"rendered":"https:\/\/dev.sbro.ro\/?product=828-sau-ce-faci-cand-dai-de-probleme"},"modified":"2026-04-21T09:13:09","modified_gmt":"2026-04-21T09:13:09","slug":"828-sau-ce-faci-cand-dai-de-probleme","status":"publish","type":"product","link":"https:\/\/dev.sbro.ro\/product\/828-sau-ce-faci-cand-dai-de-probleme\/","title":{"rendered":"8:28 &#8211; sau ce faci c\u00e2nd dai de probleme"},"content":{"rendered":"<p><strong>Dac\u0103 ai luat aceast\u0103 carte \u00een m\u00e2n\u0103, chiar po\u021bi spune c\u0103 ai dat de probleme! De dou\u0103 feluri: problemele pe care le primesc doi b\u0103ie\u021bi \u0219i o fat\u0103 \u0219i probleme de care cei trei dau pe parcursul aventurii lor la Bucure\u0219ti. Sau&#8230; nu la Bucure\u0219ti?<\/strong><\/p>\n<p>Descurc\u0103re\u021bi cum sunt, rezolv\u0103 marea majoritate a problemelor. Dar tu vei fi \u00eencurajat s\u0103 le rezolvi \u00eenainte ca solu\u021biile s\u0103 apar\u0103 \u00een carte.<\/p>\n<p>Fii al\u0103turi de cei trei copii \u0219i gust\u0103 spiritul unei aventuri de neuitat!<\/p>\n<p>Din p\u0103rerile celor care au citit romanul \u00eenainte de a fi publicat:<\/p>\n<ul>\n<li>Am topit-o, cum tope\u0219te cineva un bol cu \u00eenghe\u021bat\u0103 de vanilie \u0219i cubule\u021be de pepene galben. \u2013 A<\/li>\n<li>Wow\u2026 \u201eCe chestie!\u201d (s\u0103-l citez pe Filip). Foarte fain\u0103 ac\u021biunea. Te \u021bine captivat! \u2013 G<\/li>\n<li>Un roman viu \u2013 te prinde de la prima scen\u0103 \u0219i nu te las\u0103 p\u00e2n\u0103 la ultima pagin\u0103! \u2013 L<\/li>\n<li>Sper c\u0103 o s\u0103 fie \u0219i un volum 2, da? \u2013 A<\/li>\n<li>Un roman foarte captivant \u2013 nu am \u0219tiut s\u0103 rezolv nicio problem\u0103 :)) \u2013 D<\/li>\n<\/ul>\n<p>\u00centre noi fie vorba, cred ca Daniela a fost at\u00e2t de dornic\u0103 s\u0103 vad\u0103 ce se \u00eent\u00e2mpl\u0103 mai departe, \u00eenc\u00e2t a l\u0103sat pe alt\u0103dat\u0103 rezolvarea problemelor. Tu s\u0103 nu faci la fel! Nu sunt grele. M\u0103 rog, cu dou\u0103-trei excep\u021bii. Iar unele nu sunt rezolvate acum. Dar vor avea r\u0103spunsul \u00een volumul 2.<\/p>\n<p>Ce vrei, s\u0103 o dezam\u0103gim pe Andreea?<\/p>\n<p><em>\u2013 Autorul<\/em><\/p>\n","protected":false},"excerpt":{"rendered":"<p>Dac\u0103 ai luat aceast\u0103 carte \u00een m\u00e2n\u0103, chiar po\u021bi spune c\u0103 ai dat de probleme! De dou\u0103 feluri: problemele pe care le primesc doi b\u0103ie\u021bi \u0219i o fat\u0103 \u0219i probleme de care cei trei dau pe parcursul aventurii lor la Bucure\u0219ti. Sau&#8230; nu la Bucure\u0219ti? Descurc\u0103re\u021bi cum sunt, rezolv\u0103 marea majoritate a problemelor. Dar tu [&hellip;]<\/p>\n","protected":false},"featured_media":11334,"comment_status":"open","ping_status":"closed","template":"","meta":[],"product_brand":[],"product_cat":[30,35],"product_tag":[],"class_list":{"0":"post-5960","1":"product","2":"type-product","3":"status-publish","4":"has-post-thumbnail","6":"product_cat-beletristica","7":"product_cat-copii","9":"first","10":"instock","11":"shipping-taxable","12":"purchasable","13":"product-type-simple"},"_links":{"self":[{"href":"https:\/\/dev.sbro.ro\/wp-json\/wp\/v2\/product\/5960","targetHints":{"allow":["GET"]}}],"collection":[{"href":"https:\/\/dev.sbro.ro\/wp-json\/wp\/v2\/product"}],"about":[{"href":"https:\/\/dev.sbro.ro\/wp-json\/wp\/v2\/types\/product"}],"replies":[{"embeddable":true,"href":"https:\/\/dev.sbro.ro\/wp-json\/wp\/v2\/comments?post=5960"}],"wp:featuredmedia":[{"embeddable":true,"href":"https:\/\/dev.sbro.ro\/wp-json\/wp\/v2\/media\/11334"}],"wp:attachment":[{"href":"https:\/\/dev.sbro.ro\/wp-json\/wp\/v2\/media?parent=5960"}],"wp:term":[{"taxonomy":"product_brand","embeddable":true,"href":"https:\/\/dev.sbro.ro\/wp-json\/wp\/v2\/product_brand?post=5960"},{"taxonomy":"product_cat","embeddable":true,"href":"https:\/\/dev.sbro.ro\/wp-json\/wp\/v2\/product_cat?post=5960"},{"taxonomy":"product_tag","embeddable":true,"href":"https:\/\/dev.sbro.ro\/wp-json\/wp\/v2\/product_tag?post=5960"}],"curies":[{"name":"wp","href":"https:\/\/api.w.org\/{rel}","templated":true}]}}